{"id":874,"date":"2017-05-14T13:13:18","date_gmt":"2017-05-14T13:13:18","guid":{"rendered":"http:\/\/soulution-audio.com\/?page_id=874\/"},"modified":"2023-09-27T12:01:59","modified_gmt":"2023-09-27T12:01:59","slug":"impressum","status":"publish","type":"page","link":"https:\/\/soulution-audio.com\/de\/impressum\/","title":{"rendered":"Impressum"},"content":{"rendered":"\n<p>Spemot AG<br>Industriestrasse 70<br>CH-4657 Dulliken<\/p>\n\n\n\n<p><strong>Vertreten durch<\/strong><br>Herr Cyrill Hammer<\/p>\n\n\n\n<p><strong>Kontakt<\/strong><br>Telefon: +41 62 285 30 40<br>Telefax: +41 62 295 52 02<br>E-Mail: info@soulution-audio.com<\/p>\n\n\n\n<p><strong>Registereintrag<\/strong><br>Eingetragen im Handelsregister des Kantons Solothurn in Balsthal. HR-Nr: CH-249.3.000.038-5<\/p>\n\n\n\n<p><strong>Mehrwertsteuer<\/strong><br>Mehrwertsteuer-Nr.: 182643<\/p>\n\n\n\n<p><strong>Website<\/strong><br>Redaktion: Spemot AG<br>Design und Umsetzung:&nbsp;Domino Style &amp; Type AG<br>Fotos: Michael Reinhard Photography<\/p>\n\n\n\n<p><strong>Haftungsausschluss<\/strong><br>Die bereitgestellten Informationen auf dieser Website wurden sorgf\u00e4ltig gepr\u00fcft und werden regelm\u00e4ssig aktualisiert. Jedoch kann keine Haftung oder Garantie daf\u00fcr \u00fcbernommen werden, dass alle Angaben zu jeder Zeit vollst\u00e4ndig, richtig und in letzter Aktualit\u00e4t dargestellt sind. Dies gilt insbesondere f\u00fcr alle Links zu anderen Websites, auf die direkt oder indirekt verwiesen wird. Alle Angaben k\u00f6nnen ohne vorherige Ank\u00fcndigung ge\u00e4ndert, entfernt oder erg\u00e4nzt werden. Weder die Ver\u00f6ffentlichung noch ihr Inhalt d\u00fcrfen ohne die vorherige ausdr\u00fcckliche Genehmigung der Spemot AG auf irgendeine Art ver\u00e4ndert oder an Dritte verteilt oder \u00fcbermittelt werden.<\/p>\n\n\n\n<p>Haftungsausschluss f\u00fcr Links: Bei direkten oder indirekten Verweisen auf fremde Internetseiten (\u00abLinks\u00bb), die ausserhalb des Verantwortungsbereiches von soulution-audio.com liegen, w\u00fcrde eine Haftungsverpflichtung ausschliesslich in dem Fall in Kraft treten, in dem Spemot AG von den Inhalten Kenntnis hat und es ihm technisch m\u00f6glich und zumutbar w\u00e4re, die Nutzung im Falle rechtswidriger Inhalte zu verhindern. Spemot AG erkl\u00e4rt daher ausdr\u00fccklich, dass zum Zeitpunkt der Linksetzung die entsprechenden verlinkten Seiten frei von illegalen Inhalten waren. Spemot AG hat keinerlei Einfluss auf die aktuelle und zuk\u00fcnftige Gestaltung und auf die Inhalte der gelinkten\/verkn\u00fcpften Seiten. Deshalb distanziert Spemot AG sich hiermit ausdr\u00fccklich von allen Inhalten aller gelinkten\/verkn\u00fcpften Seiten, die nach der Linksetzung ver\u00e4ndert wurden. Diese Feststellung gilt f\u00fcr alle innerhalb des eigenen Internetangebotes gesetzten Links und Verweise sowie f\u00fcr Fremdeintr\u00e4ge in von Spemot AG eingerichteten G\u00e4steb\u00fcchern, Diskussionsforen und Mailinglisten. F\u00fcr illegale, fehlerhafte oder unvollst\u00e4ndige Inhalte und insbesondere f\u00fcr Sch\u00e4den, die aus der Nutzung oder Nichtnutzung solcherart dargebotener Informationen entstehen, haftet allein der Anbieter der Seite, auf welche verwiesen wurde, nicht derjenige, der \u00fcber Links auf die jeweilige Ver\u00f6ffentlichung lediglich verweist.<\/p>\n","protected":false},"excerpt":{"rendered":"<p>Spemot AGIndustriestrasse 70CH-4657 Dulliken Vertreten durchHerr Cyrill Hammer KontaktTelefon: +41 62 285 30 40Telefax: +41 62 295 52 02E-Mail: info@soulution-audio.com RegistereintragEingetragen im Handelsregister des Kantons Solothurn in Balsthal. HR-Nr: CH-249.3.000.038-5 MehrwertsteuerMehrwertsteuer-Nr.: 182643 WebsiteRedaktion: Spemot AGDesign und Umsetzung:&nbsp;Domino Style &amp; Type AGFotos: Michael Reinhard Photography HaftungsausschlussDie bereitgestellten Informationen auf dieser Website wurden sorgf\u00e4ltig gepr\u00fcft und werden [&hellip;]<\/p>\n","protected":false},"author":2,"featured_media":0,"parent":0,"menu_order":50,"comment_status":"closed","ping_status":"closed","template":"","meta":{"_genesis_hide_title":false,"_genesis_hide_breadcrumbs":false,"_genesis_hide_singular_image":false,"_genesis_hide_footer_widgets":false,"_genesis_custom_body_class":"","_genesis_custom_post_class":"","_genesis_layout":"","footnotes":""},"categories":[],"tags":[],"class_list":{"0":"post-874","1":"page","2":"type-page","3":"status-publish","5":"entry"},"featured_image_src":null,"featured_image_src_square":null,"_links":{"self":[{"href":"https:\/\/soulution-audio.com\/de\/wp-json\/wp\/v2\/pages\/874","targetHints":{"allow":["GET"]}}],"collection":[{"href":"https:\/\/soulution-audio.com\/de\/wp-json\/wp\/v2\/pages"}],"about":[{"href":"https:\/\/soulution-audio.com\/de\/wp-json\/wp\/v2\/types\/page"}],"author":[{"embeddable":true,"href":"https:\/\/soulution-audio.com\/de\/wp-json\/wp\/v2\/users\/2"}],"replies":[{"embeddable":true,"href":"https:\/\/soulution-audio.com\/de\/wp-json\/wp\/v2\/comments?post=874"}],"version-history":[{"count":3,"href":"https:\/\/soulution-audio.com\/de\/wp-json\/wp\/v2\/pages\/874\/revisions"}],"predecessor-version":[{"id":1644,"href":"https:\/\/soulution-audio.com\/de\/wp-json\/wp\/v2\/pages\/874\/revisions\/1644"}],"wp:attachment":[{"href":"https:\/\/soulution-audio.com\/de\/wp-json\/wp\/v2\/media?parent=874"}],"wp:term":[{"taxonomy":"category","embeddable":true,"href":"https:\/\/soulution-audio.com\/de\/wp-json\/wp\/v2\/categories?post=874"},{"taxonomy":"post_tag","embeddable":true,"href":"https:\/\/soulution-audio.com\/de\/wp-json\/wp\/v2\/tags?post=874"}],"curies":[{"name":"wp","href":"https:\/\/api.w.org\/{rel}","templated":true}]}}