{"id":848,"date":"2017-05-14T12:37:04","date_gmt":"2017-05-14T12:37:04","guid":{"rendered":"http:\/\/soulution-audio.com\/?page_id=848\/"},"modified":"2021-06-23T15:26:06","modified_gmt":"2021-06-23T15:26:06","slug":"soulution-511-stereoverstaerker","status":"publish","type":"page","link":"https:\/\/soulution-audio.com\/de\/serie-5\/soulution-511-stereoverstaerker\/","title":{"rendered":"soulution 511 Stereoverst\u00e4rker"},"content":{"rendered":"\n<figure class=\"wp-block-image\"><a href=\"https:\/\/soulution-audio.com\/wp-content\/uploads\/2017\/04\/soulution_511_1604_012.jpg\"><img loading=\"lazy\" decoding=\"async\" width=\"1140\" height=\"485\" src=\"https:\/\/soulution-audio.com\/wp-content\/uploads\/2017\/04\/soulution_511_1604_012.jpg\" alt=\"\" class=\"wp-image-178\" srcset=\"https:\/\/soulution-audio.com\/wp-content\/uploads\/2017\/04\/soulution_511_1604_012.jpg 1140w, https:\/\/soulution-audio.com\/wp-content\/uploads\/2017\/04\/soulution_511_1604_012-300x128.jpg 300w, https:\/\/soulution-audio.com\/wp-content\/uploads\/2017\/04\/soulution_511_1604_012-768x327.jpg 768w, https:\/\/soulution-audio.com\/wp-content\/uploads\/2017\/04\/soulution_511_1604_012-1024x436.jpg 1024w, https:\/\/soulution-audio.com\/wp-content\/uploads\/2017\/04\/soulution_511_1604_012-600x255.jpg 600w\" sizes=\"auto, (max-width: 1140px) 100vw, 1140px\" \/><\/a><\/figure>\n\n\n\n<p><strong>Pr\u00e4zision, Stabilit\u00e4t und Geschwindigkeit\u2026<\/strong><br>\u2026nur einen Hauch hinter unseren Referenzprodukten der Serie 7 war das Designziel welches wir uns f\u00fcr den 511 Stereoverst\u00e4rker gesteckt haben. Die von der Serie 7 bekannte, innovative, f\u00fcr den audiophilen Einsatz optimierte \u00abSwitched Mode\u00bb Netzteil-Technologie, kommt im 511 ebenfalls zum Einsatz. Der Aufbau des 511 wurde ausserdem auf k\u00fcrzeste \u00abSignalwege\u00bb sowohl f\u00fcr das Musiksignal wie auch f\u00fcr die Stromversorgung der Endstufen hin optimiert. Lassen Sie sich von der kompromisslosen Musikwiedergabe begeistern und geniessen Sie die Vielfalt und die nat\u00fcrliche Sch\u00f6nheit der Musik. Ein Klanggenuss, von dem sich jeder verzaubern l\u00e4sst. \u00dcberzeugen Sie sich selbst.<\/p>\n\n\n\n<p><strong>Merkmale<\/strong><\/p>\n\n\n\n<ul class=\"wp-block-list\"><li>\u00abSwitched Mode\u00bb Netzteil (4 x 600 VA) optimiert f\u00fcr Einsatz in Audioverst\u00e4rkern<\/li><li>mehr als 500&#8217;000 \u00b5Farad Speicherkapazit\u00e4t im Netzteil<\/li><li>Stromlieferf\u00e4higkeit von mehr als 60 A<\/li><li>vielf\u00e4ltig einsetzbar in Stereo-, Mono- und Dual-Mode<\/li><li>Impulsleistung &gt; 3&#8217;000 Watt (Stereo), &gt; 6&#8217;000 Watt (Mono)<\/li><\/ul>\n\n\n\n<h4 class=\"wp-block-heading\"><strong>Highlights <\/strong><\/h4>\n\n\n\n<p><strong>Betriebsarten<\/strong><br>Der 511 Stereoverst\u00e4rker kennt drei unterschiedliche Betriebsarten:<\/p>\n\n\n\n<ul class=\"wp-block-list\"><li>Stereo-Modus: 140 W @ 8 \u03a9, 280W @ 4 \u03a9, 560W @ 2 \u03a9 per&nbsp;Kanal<\/li><li>Dual-Modus: 140 W @ 8 \u03a9, 280W @ 4 \u03a9, 560W @ 2 \u03a9 per Kanal<\/li><li>Mono-Modus: 560 W @ 8 \u03a9, 1&#8217;120 W @ 4 \u03a9, 2&#8217;000 W @ 2 \u03a9<\/li><\/ul>\n\n\n\n<p>Die jeweilige Betriebsart kann jederzeit \u00fcber die Men\u00fc-Funktionen des 511 Stereoverst\u00e4rkers bequem angew\u00e4hlt werden.<\/p>\n\n\n\n<p><strong>Leistungsverst\u00e4rker<\/strong><br>F\u00fcr den Leistungsverst\u00e4rker verwenden wir eine \u00e4hnliche Technologie wie f\u00fcr die Verst\u00e4rker 711 und 701. Kern bildet ein neuartiger Spannungsverst\u00e4rker ohne Spannungsr\u00fcckf\u00fchrung auf den Eingang (kein Differenzverst\u00e4rker!). Dieser besteht aus linearisierten Verst\u00e4rkerstufen welche bis zu einer Grenzfrequenz von 80 MHz arbeiten. Die Stromverst\u00e4rkung erfolgt in drei Stufen, wobei jede Stufe einen sehr kleinen und damit beinahe linearen Arbeits\u00adbereich nutzt. Der hohe Class A Betrieb erg\u00e4nzt durch 500&#8217;000 \u00b5Farad Speicherkapazit\u00e4t im Netzteil f\u00fchrt zu einer beinahe unbegrenzten Impulswiedergabe. Massive Kupferschienen bringen das Musiksignal zu den Lautsprecherklemmen und sorgen daf\u00fcr, dass der Kraftentfaltung des 511 Stereoverst\u00e4rkers nichts im Wege steht. Der 511 Stereoverst\u00e4rker wird dadurch nicht zum Spielball der Lautsprecher, sondern er kontrolliert diese mit der vom jeweiligen Musiksignal geforderten Pr\u00e4zision, Kraft und Schnelligkeit . Die hochpr\u00e4zise, temperaturkompensierte Ruhestromregelung gibt den optimalen Class A Betrieb f\u00fcr alle Betriebszust\u00e4nde vor, ohne dass dabei eine Nachregelung im Musiksignal notwendig wird. Optimaler Klang ist dadurch bereits unmittelbar nach dem Einschalten garantiert.<\/p>\n\n\n\n<p><strong>Netzteil<\/strong><br>Insgesamt 10 Netzteile \u2013 f\u00fcr den jeweiligen Schaltungsteil optimiert \u2013 versorgen den 511 Stereoverst\u00e4rker. Schaltungsteile, welche keine Audiosignale ver\u00adarbeiten, sollen diese auch nicht beeinflussen k\u00f6nnen. Daher sind die Netzteile zur Versorgung der Control \u2013 und Audioschaltungen sind mittels Optokopplern und \u00dcbertragern galvanisch voneinander getrennt. Vier moderne switched-mode Powernetzteile mit insgesamt 2&#8217;400VA erg\u00e4nzt durch eine High\u00adPerformance Filterung und hochwertiger Speicherkondensatoren (&gt; 500&#8217;000 \u00b5Farad) versorgen die Audioschaltungen des Verst\u00e4rkers in audiophiler Qualit\u00e4t. Lokal werden die Versorgungsspannungen zus\u00e4tzlich mit linearen high speed Spannungsreglern stabilisiert. Die Versorgungsspannung sind dadurch wesentlich stabiler und weisen gleichzeitig ein geringeres Rauschen auf als dies mit konventioneller, trafo-basierter Netzteiltechnologie m\u00f6glich w\u00e4re.<\/p>\n\n\n\n<p><strong>Sicherheit<\/strong><br>F\u00fcr sicheren Betrieb in allen Situationen sorgen aufwendige Schutzschaltungen welche vor hochfrequenten St\u00f6rsignalen und DC-Signalen am Eingang, oder vor Kurzschluss im Ausgang sch\u00fctzen. Der Eingangspegel wird ebenfalls permanent \u00fcberwacht. Sobald eine der Schutzschaltungen einen Fehler identifiziert, werden die Ausg\u00e4nge des 511 Stereoverst\u00e4rkers stumm geschaltet und das Ger\u00e4t zur Sicherheit automatisch ausgeschaltet.<\/p>\n\n\n\n<p><strong>Bedienung<\/strong><br>Die Bedienung des 511 Stereoverst\u00e4rkers erfolgt bequem \u00fcber die Tasten und den Drehknopf auf der Front. Mit der LINK-Funktion kann der 511 Stereoverst\u00e4rker durch ein anderes soulution Ger\u00e4te eingeschaltet werden.<\/p>\n\n\n\n<h4 class=\"wp-block-heading\">Technische Daten<\/h4>\n\n\n\n<table id=\"tablepress-15\" class=\"tablepress tablepress-id-15\">\n<thead>\n<tr class=\"row-1\">\n\t<td class=\"column-1\"><\/td><th class=\"column-2\">511 Stereo\/Dual<\/th><th class=\"column-3\">511 Mono<\/th>\n<\/tr>\n<\/thead>\n<tbody>\n<tr class=\"row-2\">\n\t<td class=\"column-1\">Mains<\/td><td class=\"column-2\">100 \u2013 240 V (50 \u2013 60 Hz)<\/td><td class=\"column-3\">100 \u2013 240 V (50 \u2013 60 Hz)<\/td>\n<\/tr>\n<tr class=\"row-3\">\n\t<td class=\"column-1\">Power consumption<\/td><td class=\"column-2\">< 0.5 W standby <br \/>\nidle 100 W<br \/>\nmax 1600 W<\/td><td class=\"column-3\">< 0.5 W standby<br \/>\nidle 200 W<br \/>\nmax 2000 W<\/td>\n<\/tr>\n<tr class=\"row-4\">\n\t<td class=\"column-1\">Outputs<\/td><td class=\"column-2\">2 pairs Cu-terminal,<br \/>\ngold plated<\/td><td class=\"column-3\">2 pairs Cu-terminal,<br \/>\ngold plated<\/td>\n<\/tr>\n<tr class=\"row-5\">\n\t<td class=\"column-1\">Gain<\/td><td class=\"column-2\">+ 26 dB<\/td><td class=\"column-3\">+ 32 dB<\/td>\n<\/tr>\n<tr class=\"row-6\">\n\t<td class=\"column-1\">Power output<\/td><td class=\"column-2\">2 \u00d7 150 W @ 8 \u03a9<br \/>\n2 \u00d7 300 W @ 4 \u03a9<br \/>\n2 \u00d7 600 W @ 2 \u03a9<\/td><td class=\"column-3\">\u2002600 W @ 8 \u03a9<br \/>\n1200 W @ 4 \u03a9<br \/>\n2000 W @ 2 \u03a9<\/td>\n<\/tr>\n<tr class=\"row-7\">\n\t<td class=\"column-1\">Pulse power<\/td><td class=\"column-2\">> 2 \u00d7 2000 W<\/td><td class=\"column-3\">> 4500 W<\/td>\n<\/tr>\n<tr class=\"row-8\">\n\t<td class=\"column-1\">Frequency response (\u2013 3 dB)<\/td><td class=\"column-2\">0 \u2013 800 kHz<\/td><td class=\"column-3\">0 \u2013 1.6 MHz<\/td>\n<\/tr>\n<tr class=\"row-9\">\n\t<td class=\"column-1\">THD + N<\/td><td class=\"column-2\">< 0.001% at 50 W @ 4 \u03a9<br \/>\n(20 Hz \u2013 20 kHz)<\/td><td class=\"column-3\">< 0.001% at 200 W @ 4 \u03a9<br \/>\n(20 Hz \u2013 20 kHz)<\/td>\n<\/tr>\n<tr class=\"row-10\">\n\t<td class=\"column-1\">IM distortions<\/td><td class=\"column-2\"><  0.005 % SMPTE<br \/>\n<  0.0006  CCIR<\/td><td class=\"column-3\"><  0.005 % SMPTE<br \/>\n<  0.0006  CCIR<\/td>\n<\/tr>\n<tr class=\"row-11\">\n\t<td class=\"column-1\">Signal-to-noise ratio<\/td><td class=\"column-2\">108  dB (5 W @ 1 kHz)<\/td><td class=\"column-3\">108  dB (5 W @ 1 kHz)<\/td>\n<\/tr>\n<tr class=\"row-12\">\n\t<td class=\"column-1\">Channel separation<\/td><td class=\"column-2\">> 120 dB @ 1 kHz<\/td><td class=\"column-3\"><\/td>\n<\/tr>\n<tr class=\"row-13\">\n\t<td class=\"column-1\">Damping factor<\/td><td class=\"column-2\">> 10,000<\/td><td class=\"column-3\">> 5,000<\/td>\n<\/tr>\n<tr class=\"row-14\">\n\t<td class=\"column-1\">Output current max<\/td><td class=\"column-2\">45 A (limited)<\/td><td class=\"column-3\">45 A (limited)<\/td>\n<\/tr>\n<tr class=\"row-15\">\n\t<td class=\"column-1\">Inputs<\/td><td class=\"column-2\">1 \u00d7 balanced (XLR)<\/td><td class=\"column-3\">1 \u00d7 balanced (XLR)<\/td>\n<\/tr>\n<tr class=\"row-16\">\n\t<td class=\"column-1\">Input impedance <\/td><td class=\"column-2\">2 k\u03a9 balanced (XLR)<\/td><td class=\"column-3\">2 k\u03a9 balanced (XLR)<\/td>\n<\/tr>\n<tr class=\"row-17\">\n\t<td class=\"column-1\">Dimensions<\/td><td class=\"column-2\">442 \u00d7 270 \u00d7 448 mm (W \u00d7 H \u00d7 D)<\/td><td class=\"column-3\">442 \u00d7 270 \u00d7 448 mm (W \u00d7 H \u00d7 D)<\/td>\n<\/tr>\n<tr class=\"row-18\">\n\t<td class=\"column-1\">Weight<\/td><td class=\"column-2\">approx. 30 kg<\/td><td class=\"column-3\">approx. 30 kg<\/td>\n<\/tr>\n<tr class=\"row-19\">\n\t<td class=\"column-1\">LINK (remote turn-on)<\/td><td class=\"column-2\">12 V control signal<\/td><td class=\"column-3\">12 V control signal<\/td>\n<\/tr>\n<\/tbody>\n<\/table>\n\n\n\n\n<figure class=\"wp-block-image\"><a href=\"https:\/\/soulution-audio.com\/wp-content\/uploads\/2017\/04\/soulution_511_1604_011.jpg\"><img loading=\"lazy\" decoding=\"async\" width=\"1140\" height=\"485\" src=\"https:\/\/soulution-audio.com\/wp-content\/uploads\/2017\/04\/soulution_511_1604_011.jpg\" alt=\"\" class=\"wp-image-823\" srcset=\"https:\/\/soulution-audio.com\/wp-content\/uploads\/2017\/04\/soulution_511_1604_011.jpg 1140w, https:\/\/soulution-audio.com\/wp-content\/uploads\/2017\/04\/soulution_511_1604_011-300x128.jpg 300w, https:\/\/soulution-audio.com\/wp-content\/uploads\/2017\/04\/soulution_511_1604_011-768x327.jpg 768w, https:\/\/soulution-audio.com\/wp-content\/uploads\/2017\/04\/soulution_511_1604_011-1024x436.jpg 1024w, https:\/\/soulution-audio.com\/wp-content\/uploads\/2017\/04\/soulution_511_1604_011-600x255.jpg 600w\" sizes=\"auto, (max-width: 1140px) 100vw, 1140px\" \/><\/a><\/figure>\n","protected":false},"excerpt":{"rendered":"<p>Pr\u00e4zision, Stabilit\u00e4t und Geschwindigkeit\u2026\u2026nur einen Hauch hinter unseren Referenzprodukten der Serie 7 war das Designziel welches wir uns f\u00fcr den 511 Stereoverst\u00e4rker gesteckt haben. Die von der Serie 7 bekannte, innovative, f\u00fcr den audiophilen Einsatz optimierte \u00abSwitched Mode\u00bb Netzteil-Technologie, kommt im 511 ebenfalls zum Einsatz. Der Aufbau des 511 wurde ausserdem auf k\u00fcrzeste \u00abSignalwege\u00bb sowohl [&hellip;]<\/p>\n","protected":false},"author":2,"featured_media":0,"parent":832,"menu_order":50,"comment_status":"closed","ping_status":"closed","template":"","meta":{"_genesis_hide_title":false,"_genesis_hide_breadcrumbs":false,"_genesis_hide_singular_image":false,"_genesis_hide_footer_widgets":false,"_genesis_custom_body_class":"","_genesis_custom_post_class":"","_genesis_layout":"","footnotes":""},"categories":[35,64,31],"tags":[],"class_list":{"0":"post-848","1":"page","2":"type-page","3":"status-publish","5":"category-511-de","6":"category-gallery-de","7":"category-serie-5","8":"entry"},"featured_image_src":null,"featured_image_src_square":null,"_links":{"self":[{"href":"https:\/\/soulution-audio.com\/de\/wp-json\/wp\/v2\/pages\/848","targetHints":{"allow":["GET"]}}],"collection":[{"href":"https:\/\/soulution-audio.com\/de\/wp-json\/wp\/v2\/pages"}],"about":[{"href":"https:\/\/soulution-audio.com\/de\/wp-json\/wp\/v2\/types\/page"}],"author":[{"embeddable":true,"href":"https:\/\/soulution-audio.com\/de\/wp-json\/wp\/v2\/users\/2"}],"replies":[{"embeddable":true,"href":"https:\/\/soulution-audio.com\/de\/wp-json\/wp\/v2\/comments?post=848"}],"version-history":[{"count":7,"href":"https:\/\/soulution-audio.com\/de\/wp-json\/wp\/v2\/pages\/848\/revisions"}],"predecessor-version":[{"id":1621,"href":"https:\/\/soulution-audio.com\/de\/wp-json\/wp\/v2\/pages\/848\/revisions\/1621"}],"up":[{"embeddable":true,"href":"https:\/\/soulution-audio.com\/de\/wp-json\/wp\/v2\/pages\/832"}],"wp:attachment":[{"href":"https:\/\/soulution-audio.com\/de\/wp-json\/wp\/v2\/media?parent=848"}],"wp:term":[{"taxonomy":"category","embeddable":true,"href":"https:\/\/soulution-audio.com\/de\/wp-json\/wp\/v2\/categories?post=848"},{"taxonomy":"post_tag","embeddable":true,"href":"https:\/\/soulution-audio.com\/de\/wp-json\/wp\/v2\/tags?post=848"}],"curies":[{"name":"wp","href":"https:\/\/api.w.org\/{rel}","templated":true}]}}