{"id":840,"date":"2017-05-14T12:21:09","date_gmt":"2017-05-14T12:21:09","guid":{"rendered":"http:\/\/soulution-audio.com\/?page_id=840\/"},"modified":"2021-06-23T15:23:08","modified_gmt":"2021-06-23T15:23:08","slug":"soulution-550-phono","status":"publish","type":"page","link":"https:\/\/soulution-audio.com\/de\/serie-5\/soulution-550-phono\/","title":{"rendered":"soulution 550 Phono"},"content":{"rendered":"\n<figure class=\"wp-block-image\"><a href=\"https:\/\/soulution-audio.com\/wp-content\/uploads\/2018\/02\/soulution_550_1802_003.jpg\"><img loading=\"lazy\" decoding=\"async\" width=\"1140\" height=\"485\" src=\"https:\/\/soulution-audio.com\/wp-content\/uploads\/2018\/02\/soulution_550_1802_003.jpg\" alt=\"\" class=\"wp-image-1286\" srcset=\"https:\/\/soulution-audio.com\/wp-content\/uploads\/2018\/02\/soulution_550_1802_003.jpg 1140w, https:\/\/soulution-audio.com\/wp-content\/uploads\/2018\/02\/soulution_550_1802_003-300x128.jpg 300w, https:\/\/soulution-audio.com\/wp-content\/uploads\/2018\/02\/soulution_550_1802_003-768x327.jpg 768w, https:\/\/soulution-audio.com\/wp-content\/uploads\/2018\/02\/soulution_550_1802_003-1024x436.jpg 1024w, https:\/\/soulution-audio.com\/wp-content\/uploads\/2018\/02\/soulution_550_1802_003-600x255.jpg 600w\" sizes=\"auto, (max-width: 1140px) 100vw, 1140px\" \/><\/a><\/figure>\n\n\n\n<p>W\u00e4hrend die Computerisierung der Musikwiedergabe scheinbar unaufhaltsam voranschreitet und Musik\u00adserver oder D\/A-Wandler mit USB und Netzwerk-Schnittstellen Verwendung in vielen Musiksystemen finden und dadurch die altbew\u00e4hrte CD\/SACD abl\u00f6sen, erlebt gleichzeitig die analoge Schallplatte einen wahren H\u00f6henflug. Eine Aufnahme physisch zu besitzen hat nichts von seinem Charme eingeb\u00fcsst. Das bereits vor 20 Jahren totgesagte Medium erfreut sich heute einer stetig wachsenden Fangemeinde.<\/p>\n\n\n\n<p><strong>80 dB Gain ohne Verzerrung <\/strong><br>Die Phono-Verst\u00e4rkung ist dabei fast immer das Nadel\u00f6hr der analogen Wiedergabe von Schallplatten. Die technischen Anforderungen welche die leisen Moving-Coil-Tonabnehmer an den idealen Phono-Verst\u00e4rker stellen sind immens. Bei einem Verst\u00e4rkungsfaktor von bis zu 80 dB (10000-fache Verst\u00e4rkung) muss der Verst\u00e4rker pegel- und phasenkorrekt, also ultrabreitbandig (interne Verst\u00e4rkerbandbreite 1 MHz\/\u2013 3 dB) arbeiten und dabei nur minimalste Verzerrungen, optimale Kanaltrennung sowie maximale Linearit\u00e4t aufweisen. Daher stellt die Phono-Verst\u00e4rkung mit RIAA-Entzerrung nach wie vor die K\u00f6nigsdisziplin des Verst\u00e4rkerbaus dar.<\/p>\n\n\n\n<p><strong>Dual-Mono-Aufbau <\/strong><br>Der unsymmetrische Dual-Mono-Aufbau mit separaten Netzteilen f\u00fcr den linken und rechten Kanal garantiert m\u00f6glichst geringes Stereo-\u00dcbersprechen. Beide Eing\u00e4nge des 550 k\u00f6nnen je nach verwendeten Tonab\u00ad\u00adnehmersystemen als MM- oder MC-Eingang konfiguriert werden. Die Abschlussimpedanz ist bequem \u00fcber die Front oder die Fernbedienung f\u00fcr jeden Eingang individuell einstellbar. Der 550 Phono-Vorverst\u00e4rker stellt damit f\u00fcr die Tonabnehmer-Systeme eine ideale Last dar. Rumpelst\u00f6rungen verursacht durch wellige Platten k\u00f6nnen mit dem zuschaltbaren IEC-Subsonic-Filter effektiv unterdr\u00fcckt werden (&lt; 20 Hertz, das sch\u00fctzt die Lautsprecher vor kr\u00e4ftigen Membranh\u00fcben).<\/p>\n\n\n\n<p><span style=\"font-size: 1.8rem;\"><strong>Ausgangsstufe auf Vorverst\u00e4rkerniveau <\/strong><br>An der Quelle der Musikwiedergabe darf nichts verloren gehen, daher darf auch bei der analogen Ausgangs\u00adstufe oder der Stromversorgung eines Phono-Vorverst\u00e4rkers nicht gespart werden. F\u00fcr den 550 Phono- Vorverst\u00e4rker verwenden wir daher die identische Ausgangsstufe und Stromversorgung, welche auch im Vorverst\u00e4rker soulution 520 zum Einsatz kommen. Optimiert auf Schnelligkeit, Pr\u00e4zision und Stromlieferf\u00e4higkeit verh\u00e4lt sie sich an jedem Kabel stabil. <\/span><\/p>\n\n\n\n<p><span style=\"font-size: 1.8rem;\"><strong>Musikalit\u00e4t und Raffinesse ohne Ende <\/strong><br>Rauschen oder Verzerrungen haben im Musiksignal nichts zu suchen. Das volle Potential an Klangfarben, Dynamik, Musikalit\u00e4t und Raffinesse, welche die Wiedergabe von der analogen Schallplatte in sich birgt, wird erst dann entfaltet, wenn trotz der enormen technischen Anforderung dem Musiksignal keine St\u00f6rungen \u00fcberlagert werden. Es ist einfach faszi\u00adnierend wieviel Emotionen eine gut produzierte Schallplatte einfangen kann! .<\/span><\/p>\n\n\n\n<h4 class=\"wp-block-heading\">Technische Daten<\/h4>\n\n\n\n<table id=\"tablepress-13\" class=\"tablepress tablepress-id-13 tbody-has-connected-cells\">\n<tbody>\n<tr class=\"row-1\">\n\t<td class=\"column-1\">Mains<\/td><td colspan=\"2\" class=\"column-2\">220 \u2013 240 V (50 \u2013 60 Hz)<br \/>\n100 \u2013 120 V (50 \u2013 60 Hz)<\/td>\n<\/tr>\n<tr class=\"row-2\">\n\t<td class=\"column-1\">Power consumption<\/td><td colspan=\"2\" class=\"column-2\">< 0.5 W standby<br \/>\n100 W device in operation<\/td>\n<\/tr>\n<tr class=\"row-3\">\n\t<td class=\"column-1\">Inputs<\/td><td colspan=\"2\" class=\"column-2\">2 \u00d7 RCA (MC\/MM configurable)<\/td>\n<\/tr>\n<tr class=\"row-4\">\n\t<td class=\"column-1\">Input impedance<\/td><td class=\"column-2\">MC:<br \/>\nMM: <\/td><td class=\"column-3\">10 \u03a9 \u2013 1000 \u03a9<br \/>\n1000 \u03a9 \u2013 47 k\u03a9 and 0 \u2013 200 pF<\/td>\n<\/tr>\n<tr class=\"row-5\">\n\t<td class=\"column-1\">Outputs<\/td><td colspan=\"2\" class=\"column-2\">1 \u00d7 balanced (XLR)<br \/>\n1 \u00d7 unbalanced (RCA)<\/td>\n<\/tr>\n<tr class=\"row-6\">\n\t<td class=\"column-1\">Frequency response (\u2013 3 dB)<\/td><td colspan=\"2\" class=\"column-2\">0 \u2013 1 MHz (RIAA equalisation)<\/td>\n<\/tr>\n<tr class=\"row-7\">\n\t<td class=\"column-1\">THD + N<\/td><td colspan=\"2\" class=\"column-2\">< 0.002% (20 Hz \u2013 20 kHz)<\/td>\n<\/tr>\n<tr class=\"row-8\">\n\t<td class=\"column-1\">Signal-to-noise ratio<\/td><td colspan=\"2\" class=\"column-2\">100  dB<\/td>\n<\/tr>\n<tr class=\"row-9\">\n\t<td class=\"column-1\">Channel separation<\/td><td colspan=\"2\" class=\"column-2\">60  dB @ 1 kHz<\/td>\n<\/tr>\n<tr class=\"row-10\">\n\t<td class=\"column-1\">Gain max<\/td><td class=\"column-2\">MC: <br \/>\n<br \/>\nMM:<\/td><td class=\"column-3\">+ 66 dB @ 1 kHz (XLR)<br \/>\n+ 60 dB @ 1 kHz (RCA)<br \/>\n+ 55 dB @ 1 kHz (XLR)<br \/>\n+ 49 dB @ 1 kHz (RCA)<\/td>\n<\/tr>\n<tr class=\"row-11\">\n\t<td class=\"column-1\">Output impedance<\/td><td colspan=\"2\" class=\"column-2\">10 \u03a9 balanced (XLR)<br \/>\n10 \u03a9 unbalanced (RCA)<\/td>\n<\/tr>\n<tr class=\"row-12\">\n\t<td class=\"column-1\">Output current max\u00a0<\/td><td colspan=\"2\" class=\"column-2\">11 V<sub>RMS<\/sub> balanced (XLR)<br \/>\n5.5 V<sub>RMS<\/sub> unbalanced (RCA)<\/td>\n<\/tr>\n<tr class=\"row-13\">\n\t<td class=\"column-1\">Output current max<\/td><td colspan=\"2\" class=\"column-2\">0.2 A (limited)<\/td>\n<\/tr>\n<tr class=\"row-14\">\n\t<td class=\"column-1\">Dimensions<\/td><td colspan=\"2\" class=\"column-2\">442 \u00d7 143 \u00d7 448 mm<br \/>\n(W \u00d7 H \u00d7 D)<\/td>\n<\/tr>\n<tr class=\"row-15\">\n\t<td class=\"column-1\">Weight<\/td><td colspan=\"2\" class=\"column-2\">approx. 20 kg<\/td>\n<\/tr>\n<tr class=\"row-16\">\n\t<td class=\"column-1\">LINK (remote turn-on)<\/td><td colspan=\"2\" class=\"column-2\">12 V control signal<\/td>\n<\/tr>\n<\/tbody>\n<\/table>\n\n\n\n\n<figure class=\"wp-block-image\"><a href=\"https:\/\/soulution-audio.com\/wp-content\/uploads\/2018\/02\/soulution_550_1802_005.jpg\"><img loading=\"lazy\" decoding=\"async\" width=\"1140\" height=\"485\" src=\"https:\/\/soulution-audio.com\/wp-content\/uploads\/2018\/02\/soulution_550_1802_005.jpg\" alt=\"\" class=\"wp-image-1288\" srcset=\"https:\/\/soulution-audio.com\/wp-content\/uploads\/2018\/02\/soulution_550_1802_005.jpg 1140w, https:\/\/soulution-audio.com\/wp-content\/uploads\/2018\/02\/soulution_550_1802_005-300x128.jpg 300w, https:\/\/soulution-audio.com\/wp-content\/uploads\/2018\/02\/soulution_550_1802_005-768x327.jpg 768w, https:\/\/soulution-audio.com\/wp-content\/uploads\/2018\/02\/soulution_550_1802_005-1024x436.jpg 1024w, https:\/\/soulution-audio.com\/wp-content\/uploads\/2018\/02\/soulution_550_1802_005-600x255.jpg 600w\" sizes=\"auto, (max-width: 1140px) 100vw, 1140px\" \/><\/a><\/figure>\n","protected":false},"excerpt":{"rendered":"<p>W\u00e4hrend die Computerisierung der Musikwiedergabe scheinbar unaufhaltsam voranschreitet und Musik\u00adserver oder D\/A-Wandler mit USB und Netzwerk-Schnittstellen Verwendung in vielen Musiksystemen finden und dadurch die altbew\u00e4hrte CD\/SACD abl\u00f6sen, erlebt gleichzeitig die analoge Schallplatte einen wahren H\u00f6henflug. Eine Aufnahme physisch zu besitzen hat nichts von seinem Charme eingeb\u00fcsst. Das bereits vor 20 Jahren totgesagte Medium erfreut sich [&hellip;]<\/p>\n","protected":false},"author":2,"featured_media":0,"parent":832,"menu_order":20,"comment_status":"closed","ping_status":"closed","template":"","meta":{"_genesis_hide_title":false,"_genesis_hide_breadcrumbs":false,"_genesis_hide_singular_image":false,"_genesis_hide_footer_widgets":false,"_genesis_custom_body_class":"","_genesis_custom_post_class":"","_genesis_layout":"","footnotes":""},"categories":[39,64,31],"tags":[],"class_list":{"0":"post-840","1":"page","2":"type-page","3":"status-publish","5":"category-550-de","6":"category-gallery-de","7":"category-serie-5","8":"entry"},"featured_image_src":null,"featured_image_src_square":null,"_links":{"self":[{"href":"https:\/\/soulution-audio.com\/de\/wp-json\/wp\/v2\/pages\/840","targetHints":{"allow":["GET"]}}],"collection":[{"href":"https:\/\/soulution-audio.com\/de\/wp-json\/wp\/v2\/pages"}],"about":[{"href":"https:\/\/soulution-audio.com\/de\/wp-json\/wp\/v2\/types\/page"}],"author":[{"embeddable":true,"href":"https:\/\/soulution-audio.com\/de\/wp-json\/wp\/v2\/users\/2"}],"replies":[{"embeddable":true,"href":"https:\/\/soulution-audio.com\/de\/wp-json\/wp\/v2\/comments?post=840"}],"version-history":[{"count":4,"href":"https:\/\/soulution-audio.com\/de\/wp-json\/wp\/v2\/pages\/840\/revisions"}],"predecessor-version":[{"id":1608,"href":"https:\/\/soulution-audio.com\/de\/wp-json\/wp\/v2\/pages\/840\/revisions\/1608"}],"up":[{"embeddable":true,"href":"https:\/\/soulution-audio.com\/de\/wp-json\/wp\/v2\/pages\/832"}],"wp:attachment":[{"href":"https:\/\/soulution-audio.com\/de\/wp-json\/wp\/v2\/media?parent=840"}],"wp:term":[{"taxonomy":"category","embeddable":true,"href":"https:\/\/soulution-audio.com\/de\/wp-json\/wp\/v2\/categories?post=840"},{"taxonomy":"post_tag","embeddable":true,"href":"https:\/\/soulution-audio.com\/de\/wp-json\/wp\/v2\/tags?post=840"}],"curies":[{"name":"wp","href":"https:\/\/api.w.org\/{rel}","templated":true}]}}