{"id":776,"date":"2017-05-13T15:09:08","date_gmt":"2017-05-13T15:09:08","guid":{"rendered":"http:\/\/soulution-audio.com\/?page_id=776\/"},"modified":"2021-06-25T08:36:17","modified_gmt":"2021-06-25T08:36:17","slug":"soulution-701-monoverstaerker","status":"publish","type":"page","link":"https:\/\/soulution-audio.com\/de\/serie-7\/soulution-701-monoverstaerker\/","title":{"rendered":"soulution 701 Monoverst\u00e4rker"},"content":{"rendered":"\n<figure class=\"wp-block-image\"><a href=\"https:\/\/soulution-audio.com\/wp-content\/uploads\/2017\/04\/soulution_701_1410_001.jpg\"><img loading=\"lazy\" decoding=\"async\" width=\"1140\" height=\"485\" src=\"https:\/\/soulution-audio.com\/wp-content\/uploads\/2017\/04\/soulution_701_1410_001.jpg\" alt=\"\" class=\"wp-image-187\" srcset=\"https:\/\/soulution-audio.com\/wp-content\/uploads\/2017\/04\/soulution_701_1410_001.jpg 1140w, https:\/\/soulution-audio.com\/wp-content\/uploads\/2017\/04\/soulution_701_1410_001-300x128.jpg 300w, https:\/\/soulution-audio.com\/wp-content\/uploads\/2017\/04\/soulution_701_1410_001-768x327.jpg 768w, https:\/\/soulution-audio.com\/wp-content\/uploads\/2017\/04\/soulution_701_1410_001-1024x436.jpg 1024w, https:\/\/soulution-audio.com\/wp-content\/uploads\/2017\/04\/soulution_701_1410_001-600x255.jpg 600w\" sizes=\"auto, (max-width: 1140px) 100vw, 1140px\" \/><\/a><\/figure>\n\n\n\n<p><strong>Mehr Leistung, mehr Kontrolle und noch geringere Verzerrungen.<\/strong><br>Dank der neuen \u00abSwitched-Mode\u00bb Netz\u00adteil\u00adtechnologie setzt der soulution 701 Mono\u00adverst\u00e4rker neue Massst\u00e4be in der nat\u00fcrlichen Musik\u00adwiedergabe und \u00fcbertrifft dabei sogar seinen Vorg\u00e4nger soulution 700 ganz klar. Grenzenlose Kontrolle \u00fcber den Laut\u00adsprecher und atem\u00adberaubende Leistung. Noch nie war ein Verst\u00e4rker der Perfektion so nahe. Musik in ihrer nat\u00fcrlichen Vielfalt, Sch\u00f6nheit und Emotionalit\u00e4t erleben, dabei muss die daf\u00fcr ben\u00f6tigte Technik in den Hinter\u00adgrund treten. Erst dann entsteht ein Klang\u00adgenuss, von dem sich jeder verzaubern l\u00e4sst. H\u00f6ren Sie.<\/p>\n\n\n\n<p><strong>Merkmale:<\/strong><\/p>\n\n\n\n<ul class=\"wp-block-list\"><li>\u00abSwitched-Mode\u00bb Netzteil (4 x 600 VA) optimiert f\u00fcr Einsatz in Audioverst\u00e4rkern<\/li><li>mehr als 1&#8217;000&#8217;000 \u00b5Farad Speicher\u00adkapazit\u00e4t im Netzteil<\/li><li>Stromlieferf\u00e4higkeit von mehr als 120 A<\/li><li>Impulsleistung &gt; 12&#8217;000 Watt<\/li><\/ul>\n\n\n\n<h4 class=\"wp-block-heading\">Highlights<\/h4>\n\n\n\n<p><strong>Philosophie<\/strong><br>Im soulution 701 Mono\u00adverst\u00e4rker kommen zwei Ver\u00adst\u00e4rker\u00adz\u00fcge zum Ein\u00adsatz welche sowohl im Mono-Mode wie auch im Dual-Mode be\u00adtrieben werden k\u00f6nnen. Wie beim soulution 711 arbeiten diese last\u00adstabil sowie pegel- und phasen\u00adrichtig. Und dies ohne lange Signal\u00adwege oder die in der Transistor\u00adtechnik oft an\u00adge\u00adwandten Kniffe wie \u00fcber\u00adm\u00e4ssige Ver\u00adst\u00e4rkung \u2013 open loop gain \u2013 und sehr hohe Gegen\u00adkopplung. Der soulution 701 Mono\u00adver\u00adst\u00e4rker ist ausserdem extrem schnell und ultra-breit\u00adbandig (2 MHz\/\u20133 dB) und verf\u00fcgt \u00fcber eine hohe Strom\u00adliefer\u00adf\u00e4higkeit \u2013 das wiederum ist mit R\u00f6hren und Ausgangs\u00ad\u00fcbertragern nicht realisierbar. Das einzig\u00adartige Schaltungs\u00adkon\u00adzept des soulution 701 Mono\u00adver\u00adst\u00e4rkers f\u00fchrt zu klang\u00adlichen Eigen\u00adschaften, die bislang als un\u00adver\u00adeinbar galten: Pr\u00e4zision, Schnelligkeit, Stabilit\u00e4t und Kraft. Der soulution 701 Mono\u00adver\u00adst\u00e4rker kommt diesem Ideal noch n\u00e4her als sein Vor\u00adg\u00e4nger soulution 700, so nahe wie kein anderer HiFi-Verst\u00e4rker je zuvor. Mit den soulution 701 Mono\u00adver\u00adst\u00e4rkern ist nun auch die Leistungs\u00adfrage gekl\u00e4rt. Zur Verf\u00fcgung stehen bis zu 1&#8217;200 Watt (an 4 \u03a9) Dauer\u00adleistung und \u00fcber 12&#8217;000 Watt Impuls\u00adleistung. Mehr als genug, um selbst anspruchs\u00advollsten Laut\u00adsprechern mit geringem Wirkungs\u00adgrad neues klang\u00adliches Leben einzu\u00adhauchen.<\/p>\n\n\n\n<p><strong>Layout<\/strong><br>Die bew\u00e4hrten soulution-Ver\u00adst\u00e4rker\u00adz\u00fcge sind bei den soulution 701 Mono\u00adver\u00adst\u00e4rkern f\u00fcr die enorme Leistungs\u00adsteigerung als Br\u00fccken\u00adver\u00adst\u00e4rker ausgef\u00fchrt. Der optimierte mechanische Aufbau sorgt f\u00fcr per\u00adfekte symmetrische Verh\u00e4ltnisse mit gleichen ther\u00admischen Bedingungen f\u00fcr beide Ver\u00adst\u00e4rker\u00adz\u00fcge und idealem Masse\u00adbezug. L\u00e4uft keine Musik, reduziert eine intelligente Regelung auto&amp;shymatisch den Ruhe\u00adstrom. Und sollte der Laut\u00adsprecher statt nach h\u00f6chster Leistung nach \u00abBi-Amping\u00bb verlangen, l\u00e4sst sich die soulution 701 ganz einfach auf diese Betriebs\u00adart umschalten. Das ist Ver\u00adst\u00e4rkung nach Mass.<\/p>\n\n\n\n<p><strong>Stromversorgung<\/strong><br>Die Stromversorgung des soulution 701 Mono\u00adver\u00adst\u00e4rkers basiert auf modernen Schalt\u00adnetz\u00adteilen. Vier Module mit jeweils 600VA optimiert f\u00fcr den Einsatz in Audio\u00adverst\u00e4rkern, kombiniert mit hoch\u00adwertigen Kondensatoren (&gt; 1&#8217;000&#8217;000 \u00b5Farad) sorgen f\u00fcr aus\u00adreichend Leistungs\u00adreserve um auch komplexe Musik\u00adsignale mit Leichtig\u00adkeit zu verst\u00e4rken. Schaltungsteile, die keine Audio\u00adsignale verarbeiten, sollen diese auch nicht beein\u00adflussen k\u00f6nnen. Deshalb werden f\u00fcr diese Schaltungs\u00adbereiche eigene Netz\u00adteile ein\u00adgesetzt.<\/p>\n\n\n\n<div class=\"wp-block-image\"><figure class=\"aligncenter size-large is-resized\"><a href=\"http:\/\/soulution-audio.com\/wp-content\/uploads\/2017\/03\/soulution_701_1410_011.jpg\"><img loading=\"lazy\" decoding=\"async\" src=\"https:\/\/soulution-audio.com\/wp-content\/uploads\/2017\/03\/soulution_701_1410_011-1024x629.jpg\" alt=\"\" class=\"wp-image-342\" width=\"512\" height=\"315\" srcset=\"https:\/\/soulution-audio.com\/wp-content\/uploads\/2017\/03\/soulution_701_1410_011-1024x629.jpg 1024w, https:\/\/soulution-audio.com\/wp-content\/uploads\/2017\/03\/soulution_701_1410_011-300x184.jpg 300w, https:\/\/soulution-audio.com\/wp-content\/uploads\/2017\/03\/soulution_701_1410_011-768x472.jpg 768w, https:\/\/soulution-audio.com\/wp-content\/uploads\/2017\/03\/soulution_701_1410_011.jpg 1140w\" sizes=\"auto, (max-width: 512px) 100vw, 512px\" \/><\/a><\/figure><\/div>\n\n\n\n<p><strong>Bedienung<\/strong><br>\u00dcber die Tasten auf der Front k\u00f6nnen die Funktionen Power, Mode und Input bedient werden. Mit Power kann der Betriebs\u00adzustand ON oder OFF gew\u00e4hlt werden. Mit der Mode-Taste l\u00e4sst sich die Steuerung des Einschalt\u00advorganges an einen soulution Vor\u00adver\u00adst\u00e4rker \u00fcbertragen (LINK). Mit der Input-Taste l\u00e4sst sich der gew\u00fcnschte Eingang ausw\u00e4hlen. Der jeweilige andere Eingang wird stumm\u00adgeschaltet. Im Display werden die Betriebs\u00adzust\u00e4nde oder eventuell auftretende Fehler angezeigt. Umfangreiche Schutz\u00adfunktionen garantieren einen sicheren Betrieb und eine lange Lebens\u00addauer. Der soulution 701 Mono\u00adver\u00adst\u00e4rker verf\u00fcgt \u00fcber eine Pegel\u00adbegrenzung (Softclip), einen \u00dcberstrom- und einen Temperatur\u00adschutz.<\/p>\n\n\n\n<p><strong>Anschl\u00fcsse und Start-Optionen<\/strong><br>Der Monoverst\u00e4rker 701 verf\u00fcgt sowohl \u00fcber einen un&amp;shys;ymmetrischen als auch einen symmetrischen Eingang. An der symmetrischen Ausgangs\u00adbuchse steht das Musiksignal f\u00fcr weitere Verst\u00e4rker zur Verf\u00fcgung. \u00dcber die Schalter auf der R\u00fcckseite lassen sich die Display-Helligkeit sowie die Optionen f\u00fcr den Start des Mono\u00adver\u00adst\u00e4rkers und die Betriebsart Bridged-Mode oder Bi-Amping-Mode einstellen. Ebenso befinden sich hier die Anschl\u00fcsse f\u00fcr das LINK-System.<\/p>\n\n\n\n<h4 class=\"wp-block-heading\">Technische Daten<\/h4>\n\n\n\n<table id=\"tablepress-10\" class=\"tablepress tablepress-id-10 tbody-has-connected-cells\">\n<tbody>\n<tr class=\"row-1\">\n\t<td class=\"column-1\">Mains<br \/>\n\t\t\t\t\t\t<\/td><td colspan=\"2\" class=\"column-2\">220 \u2013 240 V (50 \u2013 60 Hz)<br \/>\n100 \u2013 120 V (50 \u2013 60 Hz)<\/td>\n<\/tr>\n<tr class=\"row-2\">\n\t<td class=\"column-1\">Power consumption<\/td><td colspan=\"2\" class=\"column-2\">< 0.5 W standby<br \/>\nidle 300 W \/ 200 W<br \/>\nmax 1600 W<\/td>\n<\/tr>\n<tr class=\"row-3\">\n\t<td class=\"column-1\">Outputs\t\t\t<\/td><td colspan=\"2\" class=\"column-2\">2 pairs Cu-terminal,<br \/>\ngold plated<\/td>\n<\/tr>\n<tr class=\"row-4\">\n\t<td class=\"column-1\">Gain<\/td><td class=\"column-2\">Dual:<br \/>\nMono:<\/td><td class=\"column-3\">+ 26 dB<br \/>\n+ 32 dB<\/td>\n<\/tr>\n<tr class=\"row-5\">\n\t<td class=\"column-1\">Power output<\/td><td colspan=\"2\" class=\"column-2\">\u2002600 W @ 8 \u03a9 (2 \u00d7 150 W*)<br \/>\n1200 W @ 4 \u03a9 (2 \u00d7 300 W*)<br \/>\n2000 W @ 2 \u03a9 (2 \u00d7 600 W*)<br \/>\n*in dual mode<\/td>\n<\/tr>\n<tr class=\"row-6\">\n\t<td class=\"column-1\">Pulse power<\/td><td colspan=\"2\" class=\"column-2\">> 12,000 W<\/td>\n<\/tr>\n<tr class=\"row-7\">\n\t<td class=\"column-1\">Frequency response (\u2013 3 dB)<\/td><td colspan=\"2\" class=\"column-2\">0 \u2013 2 MHz (0 \u2013 1 MHz*)<br \/>\n*in dual mode<\/td>\n<\/tr>\n<tr class=\"row-8\">\n\t<td class=\"column-1\">THD + N<\/td><td colspan=\"2\" class=\"column-2\">< 0.0003% at 50 W @ 4 \u03a9<br \/>\n(20 Hz \u2013 20 kHz)<\/td>\n<\/tr>\n<tr class=\"row-9\">\n\t<td class=\"column-1\">IM distortions<\/td><td colspan=\"2\" class=\"column-2\">< 0.005% SMPTE<br \/>\n< 0.0006 CCIR<\/td>\n<\/tr>\n<tr class=\"row-10\">\n\t<td class=\"column-1\">Signal-to-noise ratio<\/td><td colspan=\"2\" class=\"column-2\">108 dB (5 W @ 1 kHz)<\/td>\n<\/tr>\n<tr class=\"row-11\">\n\t<td class=\"column-1\">Damping factor<\/td><td colspan=\"2\" class=\"column-2\">> 10\u2009000<\/td>\n<\/tr>\n<tr class=\"row-12\">\n\t<td class=\"column-1\">Output current max<\/td><td colspan=\"2\" class=\"column-2\">120 A (limited)<\/td>\n<\/tr>\n<tr class=\"row-13\">\n\t<td class=\"column-1\">Inputs<\/td><td colspan=\"2\" class=\"column-2\">1 \u00d7 balanced (XLR)<br \/>\n1 \u00d7 unbalanced (RCA)<\/td>\n<\/tr>\n<tr class=\"row-14\">\n\t<td class=\"column-1\">Input impedance<\/td><td colspan=\"2\" class=\"column-2\">2.3 k\u03a9 balanced (XLR)<br \/>\n4.0 k\u03a9 unbalanced (RCA)<\/td>\n<\/tr>\n<tr class=\"row-15\">\n\t<td class=\"column-1\">Dimensions<\/td><td colspan=\"2\" class=\"column-2\">560 \u00d7 306 \u00d7 585 mm<br \/>\n(W \u00d7 H \u00d7 D)<\/td>\n<\/tr>\n<tr class=\"row-16\">\n\t<td class=\"column-1\">Weight<\/td><td colspan=\"2\" class=\"column-2\">approx. 75 kg<\/td>\n<\/tr>\n<tr class=\"row-17\">\n\t<td class=\"column-1\">LINK (remote turn-on)<\/td><td colspan=\"2\" class=\"column-2\">12 V control signal<\/td>\n<\/tr>\n<\/tbody>\n<\/table>\n\n\n\n\n<figure class=\"wp-block-image\"><a href=\"https:\/\/soulution-audio.com\/wp-content\/uploads\/2017\/04\/soulution_701_1410_002.jpg\"><img loading=\"lazy\" decoding=\"async\" width=\"1140\" height=\"485\" src=\"https:\/\/soulution-audio.com\/wp-content\/uploads\/2017\/04\/soulution_701_1410_002.jpg\" alt=\"\" class=\"wp-image-188\" srcset=\"https:\/\/soulution-audio.com\/wp-content\/uploads\/2017\/04\/soulution_701_1410_002.jpg 1140w, https:\/\/soulution-audio.com\/wp-content\/uploads\/2017\/04\/soulution_701_1410_002-300x128.jpg 300w, https:\/\/soulution-audio.com\/wp-content\/uploads\/2017\/04\/soulution_701_1410_002-768x327.jpg 768w, https:\/\/soulution-audio.com\/wp-content\/uploads\/2017\/04\/soulution_701_1410_002-1024x436.jpg 1024w, https:\/\/soulution-audio.com\/wp-content\/uploads\/2017\/04\/soulution_701_1410_002-600x255.jpg 600w\" sizes=\"auto, (max-width: 1140px) 100vw, 1140px\" \/><\/a><\/figure>\n","protected":false},"excerpt":{"rendered":"<p>Mehr Leistung, mehr Kontrolle und noch geringere Verzerrungen.Dank der neuen \u00abSwitched-Mode\u00bb Netz\u00adteil\u00adtechnologie setzt der soulution 701 Mono\u00adverst\u00e4rker neue Massst\u00e4be in der nat\u00fcrlichen Musik\u00adwiedergabe und \u00fcbertrifft dabei sogar seinen Vorg\u00e4nger soulution 700 ganz klar. Grenzenlose Kontrolle \u00fcber den Laut\u00adsprecher und atem\u00adberaubende Leistung. Noch nie war ein Verst\u00e4rker der Perfektion so nahe. Musik in ihrer nat\u00fcrlichen Vielfalt, [&hellip;]<\/p>\n","protected":false},"author":2,"featured_media":778,"parent":727,"menu_order":70,"comment_status":"closed","ping_status":"closed","template":"","meta":{"_genesis_hide_title":false,"_genesis_hide_breadcrumbs":false,"_genesis_hide_singular_image":false,"_genesis_hide_footer_widgets":false,"_genesis_custom_body_class":"","_genesis_custom_post_class":"","_genesis_layout":"","footnotes":""},"categories":[42,64,32],"tags":[],"class_list":{"0":"post-776","1":"page","2":"type-page","3":"status-publish","4":"has-post-thumbnail","6":"category-701-de","7":"category-gallery-de","8":"category-serie-7","9":"entry"},"featured_image_src":"https:\/\/soulution-audio.com\/wp-content\/uploads\/2017\/04\/soulution_701_1410_001.jpg","featured_image_src_square":"https:\/\/soulution-audio.com\/wp-content\/uploads\/2017\/04\/soulution_701_1410_001.jpg","_links":{"self":[{"href":"https:\/\/soulution-audio.com\/de\/wp-json\/wp\/v2\/pages\/776","targetHints":{"allow":["GET"]}}],"collection":[{"href":"https:\/\/soulution-audio.com\/de\/wp-json\/wp\/v2\/pages"}],"about":[{"href":"https:\/\/soulution-audio.com\/de\/wp-json\/wp\/v2\/types\/page"}],"author":[{"embeddable":true,"href":"https:\/\/soulution-audio.com\/de\/wp-json\/wp\/v2\/users\/2"}],"replies":[{"embeddable":true,"href":"https:\/\/soulution-audio.com\/de\/wp-json\/wp\/v2\/comments?post=776"}],"version-history":[{"count":6,"href":"https:\/\/soulution-audio.com\/de\/wp-json\/wp\/v2\/pages\/776\/revisions"}],"predecessor-version":[{"id":1720,"href":"https:\/\/soulution-audio.com\/de\/wp-json\/wp\/v2\/pages\/776\/revisions\/1720"}],"up":[{"embeddable":true,"href":"https:\/\/soulution-audio.com\/de\/wp-json\/wp\/v2\/pages\/727"}],"wp:featuredmedia":[{"embeddable":true,"href":"https:\/\/soulution-audio.com\/de\/wp-json\/wp\/v2\/media\/778"}],"wp:attachment":[{"href":"https:\/\/soulution-audio.com\/de\/wp-json\/wp\/v2\/media?parent=776"}],"wp:term":[{"taxonomy":"category","embeddable":true,"href":"https:\/\/soulution-audio.com\/de\/wp-json\/wp\/v2\/categories?post=776"},{"taxonomy":"post_tag","embeddable":true,"href":"https:\/\/soulution-audio.com\/de\/wp-json\/wp\/v2\/tags?post=776"}],"curies":[{"name":"wp","href":"https:\/\/api.w.org\/{rel}","templated":true}]}}