{"id":751,"date":"2017-05-13T14:23:07","date_gmt":"2017-05-13T14:23:07","guid":{"rendered":"http:\/\/soulution-audio.com\/?page_id=751\/"},"modified":"2021-06-23T15:12:36","modified_gmt":"2021-06-23T15:12:36","slug":"soulution-746-sacd-player","status":"publish","type":"page","link":"https:\/\/soulution-audio.com\/de\/serie-7\/soulution-746-sacd-player\/","title":{"rendered":"soulution 746+ SACD-Player"},"content":{"rendered":"\n<figure class=\"wp-block-image\"><a href=\"https:\/\/soulution-audio.com\/wp-content\/uploads\/2017\/04\/soulution_746plus_1507_002.jpg\"><img loading=\"lazy\" decoding=\"async\" width=\"1140\" height=\"485\" src=\"https:\/\/soulution-audio.com\/wp-content\/uploads\/2017\/04\/soulution_746plus_1507_002.jpg\" alt=\"\" class=\"wp-image-201\" srcset=\"https:\/\/soulution-audio.com\/wp-content\/uploads\/2017\/04\/soulution_746plus_1507_002.jpg 1140w, https:\/\/soulution-audio.com\/wp-content\/uploads\/2017\/04\/soulution_746plus_1507_002-300x128.jpg 300w, https:\/\/soulution-audio.com\/wp-content\/uploads\/2017\/04\/soulution_746plus_1507_002-768x327.jpg 768w, https:\/\/soulution-audio.com\/wp-content\/uploads\/2017\/04\/soulution_746plus_1507_002-1024x436.jpg 1024w, https:\/\/soulution-audio.com\/wp-content\/uploads\/2017\/04\/soulution_746plus_1507_002-600x255.jpg 600w\" sizes=\"auto, (max-width: 1140px) 100vw, 1140px\" \/><\/a><\/figure>\n\n\n\n<p>Der soulution 746+ ist der ultimative CD\/SACD-Player f\u00fcr den Musik\u00adgeniesser mit h\u00f6chsten An\u00adspr\u00fcchen an Musikalit\u00e4t und Pr\u00e4zision der Musik-Wiedergabe. Die exzellente Player-Einheit des 746 SACD-Players wird durch ein ultimatives, wesentlich leistungs\u00adst\u00e4keres externes Netzteil erg\u00e4nzt und bildet damit den 746+ SACD-Player. Die ohnehin heraus\u00adragenden klang\u00adlichen Qualit\u00e4ten der 746 Player Ein\u00adheit werden durch das neue externe Netz\u00adteil noch klarerer und kraft\u00advoller zur Geltung gebracht. Dabei ist der soulution 746+ viel mehr als nur ein CD\/SACD-Player, er ist ein Br\u00fccken\u00adschlag von der digitalen in die analoge Welt.<\/p>\n\n\n\n<p>Die Auflage dieses einzigartigen SACD-Players ist limitiert auf 20 St\u00fcck.<\/p>\n\n\n\n<h4 class=\"wp-block-heading\">Highlights<\/h4>\n\n\n\n<p><strong>Philosophie<\/strong><br>Ein CD-oder SACD-Player ist sowohl digitaler als auch analoger Bau\u00adstein der HiFi-Kette. F\u00fcr h\u00f6chste Wieder\u00adgabe\u00adan\u00adspr\u00fcche m\u00fcssen bei seiner Ent\u00adwicklung alle Aspekte Be\u00adr\u00fcck\u00adsichti\u00adgung finden. Ein hoch\u00adwertiger D\/A-Wandler allein \u2013 wie fr\u00fcher an\u00adge\u00adnommen \u2013 ge\u00adn\u00fcgt nicht. Erst die Synthese aus einem erst\u00adklassigen Lauf\u00adwerk f\u00fcr die per\u00adfekte Daten\u00adaus\u00adlese, einem hoch\u00adpr\u00e4zisen Master\u00adtakt-Genera\u00adtor, der Jitter erst gar nicht auf\u00adkommen l\u00e4sst, einer intelligenten digitalen Signal\u00adauf\u00adbe\u00adreitung mit Over\u00adsampling- Technologie sowie analogen Aus\u00adgangs\u00adstufen in Vor\u00adver\u00adst\u00e4rker-Qualit\u00e4t kann im genau ab\u00adge\u00adstimmten Zu\u00adsammen\u00adwirken sicher\u00adstellen, dass an der digitalen Quelle der HiFi-Wiedergabe nichts verloren geht.<\/p>\n\n\n\n<p><strong>Layout<\/strong><br>In vielen modernen CD\/SACD-Playern ent\u00addeckt das Auge des technik\u00adbe\u00adgeisterten Musik\u00adlieb\u00adhabers jede Menge Luft. Nicht so im soulution 746. Der kon\u00adsequente Dual-Mono-Aufbau machte sogar die Aus\u00adlagerung der drei ge\u00adtrennten Netz\u00adteile f\u00fcr das Lauf\u00adwerk, die Digital\u00adelektronik sowie die analogen Aus\u00adgangs\u00adstufen in ein externes Geh\u00e4use not\u00adwendig. Angenehmer Neben\u00adeffekt: Etwaige St\u00f6r\u00adein\u00adfl\u00fcsse auf die signal\u00adf\u00fchrenden Gruppen durch Netz\u00adtrafos oder dergleichen sind damit von vorn\u00adherein aus\u00adge\u00adschlossen.<\/p>\n\n\n\n<p><strong>Laufwerk<\/strong><br>F\u00fcr die Daten\u00adauslese verwenden wir im soulution 746 ein synchron\u00adbe\u00adtriebenes \u00abEsoteric\u00bb-Laufwerk von Teac welches auf einer massiven Kupfer\u00adplatte ruht, die als Sub\u00adchassis \u00fcber vier D\u00e4mpfer\u00adelemente mechanisch ent\u00adkoppelt ist. W\u00e4hrend des Ab\u00adspielens einer CD oder SACD hat das Lauf\u00adwerk keinerlei Kontakt zur Front\u00adplatte.<\/p>\n\n\n\n<p><strong>Upsampling<\/strong><br>Die ausgelesenen Audio\u00addaten werden ge\u00adpuffert, ein leistungs\u00adf\u00e4higer SHARC DSP ist f\u00fcr das acht\u00adfache Over\u00adsampling mit der Um\u00adrechnung auf 24 Bit\/352,8 kHz (24 Bit\/384 kHz ab\u00adh\u00e4ngig vom digitalen Eingangs\u00adsignal) zust\u00e4ndig. Unser Credo in Sachen Over\u00adsampling: Nicht die h\u00f6chste Takt\u00adrate muss Vor\u00adrang haben, sondern die h\u00f6chste Pr\u00e4zision bei der Inter\u00adpolation der Zwischen\u00adwerte. Wir ver\u00adwenden des\u00adhalb den Anagram Polynom-Algorithmus, der eine hoch\u00adpr\u00e4zise Kurven\u00adberechnung erm\u00f6glicht. Weil wir PCM-Wandler natur\u00adgem\u00e4ss als \u00fcber\u00adlegen erachten, kon\u00advertieren wir auch das DSD-Signal der SACD vor der finalen D\/A-Wandlung in das PCM-Format. Das PCM-Format erm\u00f6glicht uns ausserdem den Einsatz der innovativen Zero Phase Technologie.<\/p>\n\n\n\n<p><strong>zero\u03c6tech<\/strong><br>Der 746 SACD-Player ist mit soulution&#8217;s einzig\u00adartiger Zero-Phase-Technology aus\u00adge\u00adr\u00fcstet. Dabei werden selbst minimalste Zeit\u00adfehler welche in der analogen Filter\u00adstufe des D\/A-Wandlers ent\u00adstehen k\u00f6nnten eliminiert. Jeder D\/A-Wandler be\u00adn\u00f6tigt im Aus\u00adgang ein Low-Pass-Filter zur Unter\u00addr\u00fcckung von Aliasing-Frequenzen. Das f\u00fcr den 746 SACD-Player ver\u00adwendete Bessel-Filter 3ter Ordnung, mit einer Eck\u00adfrequenz von 120 kHz, weist eine Phasen\u00addrehung von bis zu 15\u00b0 bei 20 kHz auf. Dank der Zero-Phase-Technologie weist das analoge Aus\u00adgangs\u00adsignal des 746 SACD-Players noch einen minimalen Phasen\u00adfehler von &lt; 1\u00b0 im Bereich 20 Hz \u2013&nbsp;100 kHz auf. Diese einzig\u00adartige Technologie bringt Sie noch n\u00e4her an die Musik. Das Musik\u00adsignal ist damit frei von Zeit\u00adfehlern und erm\u00f6glicht eine bisher unerreichte Plastizit\u00e4t, Luftigkeit und Frische in der Musik\u00adwiedergabe. Nichts geht verloren!<\/p>\n\n\n\n<p><strong>DA-Wandler und Ausgangsstufe<\/strong><br>Wir nutzen ausschliesslich die hoch\u00adwertige DA-Wandler\u00adsektion der Burr-Brown Wandler\u00adbausteine, welche bis zu einer maximalen Frequenz von 384 kHz ge\u00adtaktet werden k\u00f6nnen. Die internen Upsampling- und Filter-Funktionen werden nicht ge\u00adnutzt. Die Wandler\u00adbausteine werden dual-mono betrieben, somit stehen vier Aus\u00adgangs\u00adstr\u00f6me bereit, die \u00fcblicher\u00adweise direkt am Wandler\u00adausgang addiert werden. Im soulution 746 werden diese Str\u00f6me zuerst in eine Spannung um\u00adge\u00adwandelt und ge\u00adfiltert. Dieser Strom-Spannungs\u00adwandler arbeitet intern mit einer Band\u00adbreite von 80 Mega\u00adhertz und legt den Grund\u00adstein f\u00fcr h\u00f6chste St\u00f6r\u00adabst\u00e4nde und maximalen Dynamik\u00adumfang in der analogen Ebene.<\/p>\n\n\n\n<p><strong>Ausgangsstufe<\/strong><br>Die extrem breit\u00adbandige Ausgangs\u00adstufe des 746 ist mit jener des Referenz-Vor\u00adver\u00adst\u00e4rkers 725 ein\u00adschliesslich der exzellenten Strom\u00adver\u00adsorgung identisch \u2013 ein ein\u00admaliger Aufwand. Dank der internen Frequenz\u00adband\u00adbreite von 40 MHz (-3 dB) werden alle Details der Musik naturgetreu abgebildet. Es entsteht ein drei\u00addimensionales r\u00e4umliches Klang\u00adver\u00adgn\u00fcgen. Durch die Kraft der Aus\u00adgangs\u00adstufe wird sicher\u00adgestellt, dass der Detail\u00adreich\u00adtum der Musik auch bei ihrem (Vor-)Ver\u00adst\u00e4rker an\u00adkommt. So werden bei\u00adspiels\u00adweise Kabel\u00adein\u00adfl\u00fcsse weitest\u00adgehend reduziert.<\/p>\n\n\n\n<p><strong>Externes Netzteil<\/strong><br>Das externe Netzteil besteht aus drei r\u00e4umlich wie auch elektrisch ge\u00adtrennten Bereichen. Die strikte r\u00e4umliche Trennung der Netz\u00adteile f\u00fcr den analogen Schaltungs\u00adbereich, den digitalen Schaltungs\u00adbereich sowie f\u00fcr das Lauf\u00adwerk wird durch ein mehr\u00adstufiges Filter\u00adnetzwerk erg\u00e4nzt. Dadurch wird eine gegen\u00adseitige Beeinflussung der ver\u00adschiedenen Schaltungs\u00adteile auf ein Minimum reduziert.<\/p>\n\n\n\n<p>Eine perfekte Versorgungsspannung f\u00fcr die analogen Schaltkreise ist der Lebens\u00adnerv f\u00fcr jedes gut klingende Audioger\u00e4t. Der Ver\u00adsorgung der Audio\u00adbereiche kommt dabei gr\u00f6sste Bedeutung zu. Das Netzteil zur Versorgung der Audio\u00adbereiche wurde komplett \u00fcber\u00adarbeitet und in wesentlichen Bereichen weiter optimiert. Wir ver\u00adwenden eine neu\u00adartige, verst\u00e4rker\u00ad\u00e4hnliche Schaltung. Diese kann dank \u00e4usserst schneller und pr\u00e4ziser Regelung eine ultra stabile Ver\u00adsorgungs\u00adspannung bereit\u00adstellen. Die Speicher\u00adkapazit\u00e4t der audiophilen Kondensatoren von &gt; 500&#8217;000 \u00b5Farad stellen beinahe endlose Impuls\u00adleistung zur Ver\u00adf\u00fcgung. Mittels Strom\u00adschienen wird die Ver\u00adsorgungs\u00adspannung ohne Verluste allen Schaltungs\u00adteilen zur Ver\u00adf\u00fcgung ge\u00adstellt werden. Ein einzig\u00adartiges Konzept! Es erm\u00f6glich, dass die Ver\u00adsorgungs\u00adspannungen an nur einem, dem optimalen Punkt, eingespeist werden k\u00f6nnen und dann allen Schaltungs\u00adteilen in gleicher Qualit\u00e4t zur Ver\u00adf\u00fcgung stehen.<\/p>\n\n\n\n<h4 class=\"wp-block-heading\">Technische Daten<\/h4>\n\n\n\n<table id=\"tablepress-11\" class=\"tablepress tablepress-id-11 tbody-has-connected-cells\">\n<tbody>\n<tr class=\"row-1\">\n\t<td class=\"column-1\">Mains<\/td><td colspan=\"2\" class=\"column-2\">220 \u2013 240 V \/ 50 \u2013 60 Hz<\/td>\n<\/tr>\n<tr class=\"row-2\">\n\t<td class=\"column-1\">Model<\/td><td colspan=\"2\" class=\"column-2\">100 \u2013 120 V \/ 50 - 60 Hz<\/td>\n<\/tr>\n<tr class=\"row-3\">\n\t<td class=\"column-1\">Power consumption<\/td><td colspan=\"2\" class=\"column-2\">< 0.5 W standby<br \/>\n60 W device in operation<\/td>\n<\/tr>\n<tr class=\"row-4\">\n\t<td colspan=\"3\" class=\"column-1\"><br\/>Main Out<\/td>\n<\/tr>\n<tr class=\"row-5\">\n\t<td class=\"column-1\">Output voltage<\/td><td colspan=\"2\" class=\"column-2\">4 V<sub>RMS<\/sub> balanced<\/br>2 V<sub>RMS<\/sub> unbalanced<\/td>\n<\/tr>\n<tr class=\"row-6\">\n\t<td class=\"column-1\">Peak Output Current<\/td><td colspan=\"2\" class=\"column-2\">1 A<\/td>\n<\/tr>\n<tr class=\"row-7\">\n\t<td class=\"column-1\">Output impedance<\/td><td colspan=\"2\" class=\"column-2\">2 \u03a9 balanced<br>2 \u03a9 unbalanced<\/td>\n<\/tr>\n<tr class=\"row-8\">\n\t<td class=\"column-1\">Frequency response<\/td><td colspan=\"2\" class=\"column-2\">DC-100 kHz (depending on data format)<\/td>\n<\/tr>\n<tr class=\"row-9\">\n\t<td class=\"column-1\">Distortion (THD)<\/td><td colspan=\"2\" class=\"column-2\">< 0.002%<\/td>\n<\/tr>\n<tr class=\"row-10\">\n\t<td class=\"column-1\">Signal to noise ratio (SNR)<\/td><td colspan=\"2\" class=\"column-2\">140 dB<\/td>\n<\/tr>\n<tr class=\"row-11\">\n\t<td colspan=\"3\" class=\"column-1\"><br\/>Digital-Out<\/td>\n<\/tr>\n<tr class=\"row-12\">\n\t<td class=\"column-1\">Output voltage<\/td><td class=\"column-2\">SPDIF<br>AES\/EBU X<\/td><td class=\"column-3\">500  mV p-p<br\/>5 V p-p<\/td>\n<\/tr>\n<tr class=\"row-13\">\n\t<td class=\"column-1\">Output impedance<\/td><td class=\"column-2\">SPDIF<br\/>AES\/EBU<\/td><td class=\"column-3\">75 \u03a9<br\/>110 \u03a9<\/td>\n<\/tr>\n<tr class=\"row-14\">\n\t<td class=\"column-1\">Frequency<\/td><td colspan=\"2\" class=\"column-2\">32 \u2013 192 kHz<\/td>\n<\/tr>\n<tr class=\"row-15\">\n\t<td class=\"column-1\">Resolution<\/td><td colspan=\"2\" class=\"column-2\">16 \u2013 24  bit<\/td>\n<\/tr>\n<tr class=\"row-16\">\n\t<td colspan=\"3\" class=\"column-1\"><br\/>Digital-In<\/td>\n<\/tr>\n<tr class=\"row-17\">\n\t<td class=\"column-1\">Sensitivity<\/td><td colspan=\"2\" class=\"column-2\">0.3 - 5 V p-p<\/td>\n<\/tr>\n<tr class=\"row-18\">\n\t<td class=\"column-1\">Input impedance<\/td><td class=\"column-2\">SPDIF<br\/>AES\/EBU<\/td><td class=\"column-3\">75 \u03a9<br\/>110 \u03a9<\/td>\n<\/tr>\n<tr class=\"row-19\">\n\t<td class=\"column-1\">Frequency<\/td><td colspan=\"2\" class=\"column-2\">32 -192 kHz<\/td>\n<\/tr>\n<tr class=\"row-20\">\n\t<td class=\"column-1\">Resolution<\/td><td colspan=\"2\" class=\"column-2\">16 \u2013 24 bit<\/td>\n<\/tr>\n<tr class=\"row-21\">\n\t<td class=\"column-1\">PLL \u2013 range<\/td><td colspan=\"2\" class=\"column-2\">+\/- 100 ppm<\/td>\n<\/tr>\n<tr class=\"row-22\">\n\t<td colspan=\"3\" class=\"column-1\"><br\/>Clock-Output<\/td>\n<\/tr>\n<tr class=\"row-23\">\n\t<td class=\"column-1\">Output voltage<\/td><td colspan=\"2\" class=\"column-2\">5 V p-p<\/td>\n<\/tr>\n<tr class=\"row-24\">\n\t<td class=\"column-1\">Output impedance<\/td><td colspan=\"2\" class=\"column-2\">75 \u03a9<\/td>\n<\/tr>\n<tr class=\"row-25\">\n\t<td class=\"column-1\">Clock-frequency (adjustable)<\/td><td colspan=\"2\" class=\"column-2\">44.1 or 48 kHz<\/td>\n<\/tr>\n<tr class=\"row-26\">\n\t<td colspan=\"3\" class=\"column-1\"><br\/>Clock-Input<\/td>\n<\/tr>\n<tr class=\"row-27\">\n\t<td class=\"column-1\">Input voltage<\/td><td colspan=\"2\" class=\"column-2\">0.3 \u2013 5 V p-p<\/td>\n<\/tr>\n<tr class=\"row-28\">\n\t<td class=\"column-1\">Input impedance<\/td><td colspan=\"2\" class=\"column-2\">75 oder 300 \u03a9<\/td>\n<\/tr>\n<tr class=\"row-29\">\n\t<td class=\"column-1\">LINK-System<\/td><td colspan=\"2\" class=\"column-2\">+ 12  V<\/td>\n<\/tr>\n<\/tbody>\n<\/table>\n\n\n\n\n<figure class=\"wp-block-image\"><a href=\"https:\/\/soulution-audio.com\/wp-content\/uploads\/2017\/04\/soulution_746plus_1507_001.jpg\"><img loading=\"lazy\" decoding=\"async\" width=\"1140\" height=\"485\" src=\"https:\/\/soulution-audio.com\/wp-content\/uploads\/2017\/04\/soulution_746plus_1507_001.jpg\" alt=\"\" class=\"wp-image-200\" srcset=\"https:\/\/soulution-audio.com\/wp-content\/uploads\/2017\/04\/soulution_746plus_1507_001.jpg 1140w, https:\/\/soulution-audio.com\/wp-content\/uploads\/2017\/04\/soulution_746plus_1507_001-300x128.jpg 300w, https:\/\/soulution-audio.com\/wp-content\/uploads\/2017\/04\/soulution_746plus_1507_001-768x327.jpg 768w, https:\/\/soulution-audio.com\/wp-content\/uploads\/2017\/04\/soulution_746plus_1507_001-1024x436.jpg 1024w, https:\/\/soulution-audio.com\/wp-content\/uploads\/2017\/04\/soulution_746plus_1507_001-600x255.jpg 600w\" sizes=\"auto, (max-width: 1140px) 100vw, 1140px\" \/><\/a><\/figure>\n","protected":false},"excerpt":{"rendered":"<p>Der soulution 746+ ist der ultimative CD\/SACD-Player f\u00fcr den Musik\u00adgeniesser mit h\u00f6chsten An\u00adspr\u00fcchen an Musikalit\u00e4t und Pr\u00e4zision der Musik-Wiedergabe. Die exzellente Player-Einheit des 746 SACD-Players wird durch ein ultimatives, wesentlich leistungs\u00adst\u00e4keres externes Netzteil erg\u00e4nzt und bildet damit den 746+ SACD-Player. Die ohnehin heraus\u00adragenden klang\u00adlichen Qualit\u00e4ten der 746 Player Ein\u00adheit werden durch das neue externe Netz\u00adteil [&hellip;]<\/p>\n","protected":false},"author":2,"featured_media":754,"parent":727,"menu_order":30,"comment_status":"closed","ping_status":"closed","template":"","meta":{"_genesis_hide_title":false,"_genesis_hide_breadcrumbs":false,"_genesis_hide_singular_image":false,"_genesis_hide_footer_widgets":false,"_genesis_custom_body_class":"","_genesis_custom_post_class":"","_genesis_layout":"","footnotes":""},"categories":[47,64,32],"tags":[],"class_list":{"0":"post-751","1":"page","2":"type-page","3":"status-publish","4":"has-post-thumbnail","6":"category-746plus-de","7":"category-gallery-de","8":"category-serie-7","9":"entry"},"featured_image_src":"https:\/\/soulution-audio.com\/wp-content\/uploads\/2017\/04\/soulution_746plus_1507_002.jpg","featured_image_src_square":"https:\/\/soulution-audio.com\/wp-content\/uploads\/2017\/04\/soulution_746plus_1507_002.jpg","_links":{"self":[{"href":"https:\/\/soulution-audio.com\/de\/wp-json\/wp\/v2\/pages\/751","targetHints":{"allow":["GET"]}}],"collection":[{"href":"https:\/\/soulution-audio.com\/de\/wp-json\/wp\/v2\/pages"}],"about":[{"href":"https:\/\/soulution-audio.com\/de\/wp-json\/wp\/v2\/types\/page"}],"author":[{"embeddable":true,"href":"https:\/\/soulution-audio.com\/de\/wp-json\/wp\/v2\/users\/2"}],"replies":[{"embeddable":true,"href":"https:\/\/soulution-audio.com\/de\/wp-json\/wp\/v2\/comments?post=751"}],"version-history":[{"count":6,"href":"https:\/\/soulution-audio.com\/de\/wp-json\/wp\/v2\/pages\/751\/revisions"}],"predecessor-version":[{"id":1588,"href":"https:\/\/soulution-audio.com\/de\/wp-json\/wp\/v2\/pages\/751\/revisions\/1588"}],"up":[{"embeddable":true,"href":"https:\/\/soulution-audio.com\/de\/wp-json\/wp\/v2\/pages\/727"}],"wp:featuredmedia":[{"embeddable":true,"href":"https:\/\/soulution-audio.com\/de\/wp-json\/wp\/v2\/media\/754"}],"wp:attachment":[{"href":"https:\/\/soulution-audio.com\/de\/wp-json\/wp\/v2\/media?parent=751"}],"wp:term":[{"taxonomy":"category","embeddable":true,"href":"https:\/\/soulution-audio.com\/de\/wp-json\/wp\/v2\/categories?post=751"},{"taxonomy":"post_tag","embeddable":true,"href":"https:\/\/soulution-audio.com\/de\/wp-json\/wp\/v2\/tags?post=751"}],"curies":[{"name":"wp","href":"https:\/\/api.w.org\/{rel}","templated":true}]}}