{"id":739,"date":"2017-05-13T14:14:01","date_gmt":"2017-05-13T14:14:01","guid":{"rendered":"http:\/\/soulution-audio.com\/?page_id=739\/"},"modified":"2021-06-23T15:09:35","modified_gmt":"2021-06-23T15:09:35","slug":"soulution-755-phono-vorverstaerker","status":"publish","type":"page","link":"https:\/\/soulution-audio.com\/de\/serie-7\/soulution-755-phono-vorverstaerker\/","title":{"rendered":"soulution 755 Phono-Vorverst\u00e4rker"},"content":{"rendered":"\n<figure class=\"wp-block-image\"><a href=\"https:\/\/soulution-audio.com\/wp-content\/uploads\/2017\/04\/soulution_755_1602_002.jpg\"><img loading=\"lazy\" decoding=\"async\" width=\"1140\" height=\"485\" src=\"https:\/\/soulution-audio.com\/wp-content\/uploads\/2017\/04\/soulution_755_1602_002.jpg\" alt=\"\" class=\"wp-image-207\" srcset=\"https:\/\/soulution-audio.com\/wp-content\/uploads\/2017\/04\/soulution_755_1602_002.jpg 1140w, https:\/\/soulution-audio.com\/wp-content\/uploads\/2017\/04\/soulution_755_1602_002-300x128.jpg 300w, https:\/\/soulution-audio.com\/wp-content\/uploads\/2017\/04\/soulution_755_1602_002-768x327.jpg 768w, https:\/\/soulution-audio.com\/wp-content\/uploads\/2017\/04\/soulution_755_1602_002-1024x436.jpg 1024w, https:\/\/soulution-audio.com\/wp-content\/uploads\/2017\/04\/soulution_755_1602_002-600x255.jpg 600w\" sizes=\"auto, (max-width: 1140px) 100vw, 1140px\" \/><\/a><\/figure>\n\n\n\n<p>Die feinen Signale der leisen Moving-Coil-Ton\u00adab\u00adnehmer stellen hohe An\u00adforder\u00adungen an die signal\u00adver\u00adarbeit\u00adenden Stufen. Rausch- und Ver\u00adzerrungs\u00adarmut sind oberste Maxime um an der Quelle nichts zu verlieren. Kleinste Ver\u00adzerrungen, optimale Kanal\u00adtrennung sowie maximale Linearit\u00e4t bei einer Verst\u00e4rkung von 60dB und mehr stellen h\u00f6chste An\u00adspr\u00fcche an das Design der Ver\u00adst\u00e4rker\u00adstufen. Daher stellt die Phono-Verst\u00e4rkung mit RIAA-Entzerrung die \u00abK\u00f6nigsdisziplin\u00bb des Ver\u00adst\u00e4rker\u00adbaus dar.<\/p>\n\n\n\n<p>Unser 755 Phono-Vorverst\u00e4rker erf\u00fcllt diese hohe Vorgabe mit Leichtigkeit: Die gute alte Analog-Schallplatte dankt&#8217;s. Ihr Reiz ist ungebrochen.<\/p>\n\n\n\n<h4 class=\"wp-block-heading\">Highlights<\/h4>\n\n\n\n<p><strong>Layout<\/strong><br>Das unsymmetrisches Schaltungskonzept erlaubt m\u00f6glichst wenige Bauteile im Signal\u00adweg. Dual-Mono-Aufbau mit ge\u00adtrenn\u00adten Platinen f\u00fcr den linken und rechten Kanal sind Pflicht f\u00fcr geringst m\u00f6gliches Stereo-\u00dcber\u00adsprechen. Die Eingangs\u00adwahl erfolgt \u00fcber hoch\u00adwertigste Relais, die auch die Masse mitschalten. Das feine Phono-Eingangs-Signal wird sofort gepuffert, dank dieser Impedanz\u00adwandlung stellt der Vor\u00adver\u00adst\u00e4rker f\u00fcr die Tonabnehmer-Systeme eine unkritische Last dar. Drei Tonabnehmer finden an der 755 Anschluss, dabei sind f\u00fcr jeden Eingang der Ver\u00adst\u00e4rkungs\u00adfaktor und die Ab\u00adschluss\u00adimpedanz individuell und bequem \u00fcber die Front oder die IR Fernbedienung ein\u00adstell\u00adbar. Bei welligen Platten ist zur Unter\u00addr\u00fcckung von Rumpel\u00adst\u00f6rungen ein IEC-Subsonic-Filter zu\u00adschalt\u00adbar (&lt; 20 Hertz, das sch\u00fctzt die Laut\u00adsprecher vor kr\u00e4ftigen Membran\u00adh\u00fcben), und auch die gute alte \u00abMono-Taste\u00bb ist an der 755 vor\u00adhanden.<\/p>\n\n\n\n<p><strong>Laust\u00e4rkeregelung<\/strong><br>F\u00fcr die passive, analoge Lautst\u00e4rkeregelung verwenden wir hochpr\u00e4zise und rauscharme Metallfolien-Widerst\u00e4nde. Genauso wie der 725 Vorverst\u00e4rker verf\u00fcgt auch der 755 Phono-Vorverst\u00e4rker zur Unterdr\u00fcckung von f\u00fcr Endverst\u00e4rker sch\u00e4dlichen Schaltspitzen \u00fcber eine zweite Laut\u00adst\u00e4rke\u00adregelung mit PGA (Programmable Gain Amplifier), welche nur w\u00e4hrend des Laut\u00adst\u00e4rke\u00adregel\u00advorgangs aktiv ist. Die Laut\u00adst\u00e4rke kann ohne Klick\u00adger\u00e4usche ein\u00adge\u00adstellt werden, \u00e4hnlich einem Potentiometer. Ist der gew\u00fcnschte neue Laut\u00adst\u00e4rke\u00adwert fixiert, wird ganz einfach auf die Regelung mit den Pr\u00e4zisions\u00adwiderst\u00e4nden zur\u00fcck\u00adgeschaltet.<\/p>\n\n\n\n<p>Falls der 755 Phono-Vorverst\u00e4rker nicht direkt einen Endverst\u00e4rker ansteuern soll, sondern an einen Line-Vorverst\u00e4rker angeschlossen wird, kann die Lautst\u00e4rkeregelung komplett aus dem Signalweg entfernt werden.<\/p>\n\n\n\n<p><strong>Phono-Modul (Equalizer)<\/strong><br>Die Herausforderungen an den idealen Phono-Verst\u00e4rker sind immens und stellen das \u00abpi\u00e8ce de r\u00e9stistance\u00bb f\u00fcr jeden Ent\u00adwickler hoch\u00adwertiger Audio\u00adver\u00adst\u00e4rker dar. Bei einem Ver\u00adst\u00e4rkungs\u00adfaktor von bis zu 80 dB (10&#8217;000-fache Ver\u00adst\u00e4rkung) soll der Ver\u00adst\u00e4rker pegel- und phasen\u00adkorrekt, also ultra breit\u00adbandig (interne Ver\u00adst\u00e4rker\u00adband\u00adbreite 1 MHz\/\u2013&nbsp;3 dB) ar\u00adbeiten. Gleichzeitig soll er die Ent\u00adzerrungs\u00adkurve nach RIAA-IEC kompensieren. Dies l\u00e4sst sich nur durch ein mehr\u00adstufiges Ver\u00adst\u00e4rker\u00adkonzept unter Ein\u00adsatz hoch\u00adwertigster Komponenten realisieren.<\/p>\n\n\n\n<p><strong>Ausgangsstufe<\/strong><br>An der Quelle der Musikwiedergabe darf nichts verloren gehen, daher darf auch bei der analogen Ausgangsstufe eines Phono-Vorverst\u00e4rkers nicht gespart werden. Deshalb verwenden wir f\u00fcr den 755 Phono-Vorverst\u00e4rker die identische Ausgangsstufe welche auch im 725 Vorverst\u00e4rker zum Einsatz kommt. Optimiert auf Schnelligkeit, Pr\u00e4zision und Strom\u00adliefer\u00adf\u00e4hig\u00adkeit verh\u00e4lt sich an jedem Kabel stabil. Auch lange Kabel k\u00f6nnen problemlos be\u00adtrieben werden. Die Signal-Verst\u00e4rkung er\u00adfolgt mehr\u00adstufig, \u00e4hnlich wie bei den soulution End\u00adver\u00adst\u00e4rkern. F\u00fcr die Signal-Ver\u00adst\u00e4rkung ver\u00adwenden wir spezielle Leistungs\u00adtransistoren, welche mittels analogem Rechen\u00adnetz\u00adwerk zus\u00e4tzlich linearisiert werden. Damit er\u00adreichen wir eine sehr schnelle, ultra\u00adbreit\u00adbandige (2 MHz\/\u2013&nbsp;3 dB) und \u00e4usserst pr\u00e4zise Ver\u00adst\u00e4rkung. Die theoretische Strom\u00adliefer\u00adf\u00e4hig\u00adkeit von 3 A wurde auf max. 1 A be\u00adgrenzt.<\/p>\n\n\n\n<p><strong>Stromversorgung<\/strong><br>Ein Phonoverst\u00e4rker ben\u00f6tigt ruhige Arbeits\u00adbe\u00addingungen wie wir die Luft zum Atmen. Gleichzeitig ben\u00f6tigen die Ausgangsstufen eine absolut stabile Stromversorgung mit einer m\u00f6glichst unbegrenzten Stromlieferf\u00e4higkeit, idealerweise mit m\u00f6glichst optimaler, kurzer Anbindung. Dies stellt h\u00f6chste Anforderungen an das Netzteil welches die analogen Schaltkreise versorgt. Wir ver\u00adwenden eine, verst\u00e4rker\u00ad\u00e4hnliche Schaltung welche dank \u00e4usserst schneller und pr\u00e4ziser Regelung eine ultra stabile Ver\u00adsorgungs\u00adspannung bereit\u00adstellen kann. Die Speicher\u00adkapazit\u00e4t der audiophilen Kondensatoren von &gt; 500&#8217;000 \u00b5Farad stellen beinahe endlose Impuls\u00adleistung zur Ver\u00adf\u00fcgung. Mittels Strom\u00adschienen wird die ohne\u00adhin sehr stabile Ver\u00adsorgungs\u00adspannung ohne Verluste allen Schaltungs\u00adteilen zur Ver\u00adf\u00fcgung ge\u00adstellt. Ein einzig\u00adartiges Konzept! Es erm\u00f6glich, dass die Ver\u00adsorgungs\u00adspannungen an nur einem, dem optimalen Punkt, eingespeist werden k\u00f6nnen und dann allen Schaltungs\u00adteilen in gleicher Qualit\u00e4t zur Ver\u00adf\u00fcgung stehen.<\/p>\n\n\n\n<p><strong>Bedienung<\/strong><br>Die Bedienung des 755 Phono-Vorverst\u00e4rkers erfolgt \u00fcber die Tasten und die Drehkn\u00f6pfe auf der Front. Zahlreiche Zusatz\u00adfunktionen erlauben eine Optimierung der gesamten HiFi-Anlage und eine optimale Abstimmung der verschiedenen Komponenten aufeinander.<\/p>\n\n\n\n<h4 class=\"wp-block-heading\">Technische Daten<\/h4>\n\n\n\n<table id=\"tablepress-5\" class=\"tablepress tablepress-id-5 tbody-has-connected-cells\">\n<tbody>\n<tr class=\"row-1\">\n\t<td class=\"column-1\">Mains<\/td><td colspan=\"2\" class=\"column-2\">220 \u2013 240 V (50 \u2013 60 Hz)<br\/>100 \u2013 120 V (50 \u2013 60 Hz)<br\/><\/td>\n<\/tr>\n<tr class=\"row-2\">\n\t<td class=\"column-1\">Power consumption<\/td><td colspan=\"2\" class=\"column-2\">< 0.5 W standby<br\/>60 W device in operation<\/td>\n<\/tr>\n<tr class=\"row-3\">\n\t<td class=\"column-1\">Inputs<\/td><td colspan=\"2\" class=\"column-2\">2 \u00d7 MC unbalanced (RCA)<br\/>1 \u00d7 MM unbalanced (RCA)<\/td>\n<\/tr>\n<tr class=\"row-4\">\n\t<td class=\"column-1\">Input impedance<\/td><td colspan=\"2\" class=\"column-2\">MC: 10 \u03a9 \u2013 1000 \u03a9<br\/>MM: 47 \u03a9 \u2013 47 k\u03a9 and 0 \u2013 750 pF<\/td>\n<\/tr>\n<tr class=\"row-5\">\n\t<td class=\"column-1\">Outputs<\/td><td colspan=\"2\" class=\"column-2\">1 \u00d7 balanced (XLR)<br\/>1 \u00d7 unbalanced (RCA)<\/td>\n<\/tr>\n<tr class=\"row-6\">\n\t<td class=\"column-1\">Frequency response (\u2013 3 dB)<\/td><td colspan=\"2\" class=\"column-2\">0 \u2013 1 MHz<\/td>\n<\/tr>\n<tr class=\"row-7\">\n\t<td class=\"column-1\">THD + N<\/td><td colspan=\"2\" class=\"column-2\">< 0.002% (20 Hz \u2013 20 kHz)<\/td>\n<\/tr>\n<tr class=\"row-8\">\n\t<td class=\"column-1\">Signal-to-noise ratio<\/td><td colspan=\"2\" class=\"column-2\">100 dB<\/td>\n<\/tr>\n<tr class=\"row-9\">\n\t<td class=\"column-1\">Channel separation<\/td><td colspan=\"2\" class=\"column-2\">60 dB @ 1 kHz<\/td>\n<\/tr>\n<tr class=\"row-10\">\n\t<td class=\"column-1\">Gain (max)<\/td><td class=\"column-2\">MC:<br\/><br\/>MM:<br\/><\/td><td class=\"column-3\">+ 78 dB balanced<br\/>+ 72 dB unbalanced<br\/>+ 66 dB balanced<br\/>        + 60 dB unbalanced<\/td>\n<\/tr>\n<tr class=\"row-11\">\n\t<td class=\"column-1\">Volume control range<\/td><td colspan=\"2\" class=\"column-2\">0 to \u2013 79 dB in 1 dB steps<\/td>\n<\/tr>\n<tr class=\"row-12\">\n\t<td class=\"column-1\">Output impedance<\/td><td colspan=\"2\" class=\"column-2\">2 \u03a9 balanced (XLR)<br\/>2 \u03a9 unbalanced (RCA)<\/td>\n<\/tr>\n<tr class=\"row-13\">\n\t<td class=\"column-1\">Output voltage<\/td><td colspan=\"2\" class=\"column-2\">16 V<sub>RMS<\/sub> balanced (XLR)<br\/>8 V<sub>RMS<\/sub> unbalanced (RCA)<\/td>\n<\/tr>\n<tr class=\"row-14\">\n\t<td class=\"column-1\">Output current max<\/td><td colspan=\"2\" class=\"column-2\">1 A (limited)<\/td>\n<\/tr>\n<tr class=\"row-15\">\n\t<td class=\"column-1\">Dimensions<\/td><td colspan=\"2\" class=\"column-2\">480 \u00d7 167 \u00d7 450 mm<br\/>(W \u00d7 H \u00d7 D)<\/td>\n<\/tr>\n<tr class=\"row-16\">\n\t<td class=\"column-1\">Weight<\/td><td colspan=\"2\" class=\"column-2\">approx. 30 kg<\/td>\n<\/tr>\n<tr class=\"row-17\">\n\t<td class=\"column-1\">LINK (remote turn-on)<\/td><td colspan=\"2\" class=\"column-2\">12 V control signal<\/td>\n<\/tr>\n<\/tbody>\n<\/table>\n\n\n\n\n<figure class=\"wp-block-image\"><a href=\"https:\/\/soulution-audio.com\/wp-content\/uploads\/2017\/04\/soulution_755_1602_001.jpg\"><img loading=\"lazy\" decoding=\"async\" width=\"1140\" height=\"485\" src=\"https:\/\/soulution-audio.com\/wp-content\/uploads\/2017\/04\/soulution_755_1602_001.jpg\" alt=\"\" class=\"wp-image-741\" srcset=\"https:\/\/soulution-audio.com\/wp-content\/uploads\/2017\/04\/soulution_755_1602_001.jpg 1140w, https:\/\/soulution-audio.com\/wp-content\/uploads\/2017\/04\/soulution_755_1602_001-300x128.jpg 300w, https:\/\/soulution-audio.com\/wp-content\/uploads\/2017\/04\/soulution_755_1602_001-768x327.jpg 768w, https:\/\/soulution-audio.com\/wp-content\/uploads\/2017\/04\/soulution_755_1602_001-1024x436.jpg 1024w, https:\/\/soulution-audio.com\/wp-content\/uploads\/2017\/04\/soulution_755_1602_001-600x255.jpg 600w\" sizes=\"auto, (max-width: 1140px) 100vw, 1140px\" \/><\/a><\/figure>\n","protected":false},"excerpt":{"rendered":"<p>Die feinen Signale der leisen Moving-Coil-Ton\u00adab\u00adnehmer stellen hohe An\u00adforder\u00adungen an die signal\u00adver\u00adarbeit\u00adenden Stufen. Rausch- und Ver\u00adzerrungs\u00adarmut sind oberste Maxime um an der Quelle nichts zu verlieren. Kleinste Ver\u00adzerrungen, optimale Kanal\u00adtrennung sowie maximale Linearit\u00e4t bei einer Verst\u00e4rkung von 60dB und mehr stellen h\u00f6chste An\u00adspr\u00fcche an das Design der Ver\u00adst\u00e4rker\u00adstufen. Daher stellt die Phono-Verst\u00e4rkung mit RIAA-Entzerrung die [&hellip;]<\/p>\n","protected":false},"author":2,"featured_media":742,"parent":727,"menu_order":10,"comment_status":"closed","ping_status":"closed","template":"","meta":{"_genesis_hide_title":false,"_genesis_hide_breadcrumbs":false,"_genesis_hide_singular_image":false,"_genesis_hide_footer_widgets":false,"_genesis_custom_body_class":"","_genesis_custom_post_class":"","_genesis_layout":"","footnotes":""},"categories":[49,64,32],"tags":[],"class_list":{"0":"post-739","1":"page","2":"type-page","3":"status-publish","4":"has-post-thumbnail","6":"category-755-de","7":"category-gallery-de","8":"category-serie-7","9":"entry"},"featured_image_src":"https:\/\/soulution-audio.com\/wp-content\/uploads\/2017\/04\/soulution_755_1602_002.jpg","featured_image_src_square":"https:\/\/soulution-audio.com\/wp-content\/uploads\/2017\/04\/soulution_755_1602_002.jpg","_links":{"self":[{"href":"https:\/\/soulution-audio.com\/de\/wp-json\/wp\/v2\/pages\/739","targetHints":{"allow":["GET"]}}],"collection":[{"href":"https:\/\/soulution-audio.com\/de\/wp-json\/wp\/v2\/pages"}],"about":[{"href":"https:\/\/soulution-audio.com\/de\/wp-json\/wp\/v2\/types\/page"}],"author":[{"embeddable":true,"href":"https:\/\/soulution-audio.com\/de\/wp-json\/wp\/v2\/users\/2"}],"replies":[{"embeddable":true,"href":"https:\/\/soulution-audio.com\/de\/wp-json\/wp\/v2\/comments?post=739"}],"version-history":[{"count":6,"href":"https:\/\/soulution-audio.com\/de\/wp-json\/wp\/v2\/pages\/739\/revisions"}],"predecessor-version":[{"id":1582,"href":"https:\/\/soulution-audio.com\/de\/wp-json\/wp\/v2\/pages\/739\/revisions\/1582"}],"up":[{"embeddable":true,"href":"https:\/\/soulution-audio.com\/de\/wp-json\/wp\/v2\/pages\/727"}],"wp:featuredmedia":[{"embeddable":true,"href":"https:\/\/soulution-audio.com\/de\/wp-json\/wp\/v2\/media\/742"}],"wp:attachment":[{"href":"https:\/\/soulution-audio.com\/de\/wp-json\/wp\/v2\/media?parent=739"}],"wp:term":[{"taxonomy":"category","embeddable":true,"href":"https:\/\/soulution-audio.com\/de\/wp-json\/wp\/v2\/categories?post=739"},{"taxonomy":"post_tag","embeddable":true,"href":"https:\/\/soulution-audio.com\/de\/wp-json\/wp\/v2\/tags?post=739"}],"curies":[{"name":"wp","href":"https:\/\/api.w.org\/{rel}","templated":true}]}}