{"id":733,"date":"2017-05-13T14:06:54","date_gmt":"2017-05-13T14:06:54","guid":{"rendered":"http:\/\/soulution-audio.com\/?page_id=733\/"},"modified":"2021-06-23T15:10:56","modified_gmt":"2021-06-23T15:10:56","slug":"soulution-760-da-wandler","status":"publish","type":"page","link":"https:\/\/soulution-audio.com\/de\/serie-7\/soulution-760-da-wandler\/","title":{"rendered":"soulution 760 D\/A-Wandler"},"content":{"rendered":"\n<figure class=\"wp-block-image\"><a href=\"https:\/\/soulution-audio.com\/wp-content\/uploads\/2017\/04\/soulution_760_1602_002.jpg\"><img loading=\"lazy\" decoding=\"async\" width=\"1140\" height=\"485\" src=\"https:\/\/soulution-audio.com\/wp-content\/uploads\/2017\/04\/soulution_760_1602_002.jpg\" alt=\"\" class=\"wp-image-737\" srcset=\"https:\/\/soulution-audio.com\/wp-content\/uploads\/2017\/04\/soulution_760_1602_002.jpg 1140w, https:\/\/soulution-audio.com\/wp-content\/uploads\/2017\/04\/soulution_760_1602_002-300x128.jpg 300w, https:\/\/soulution-audio.com\/wp-content\/uploads\/2017\/04\/soulution_760_1602_002-768x327.jpg 768w, https:\/\/soulution-audio.com\/wp-content\/uploads\/2017\/04\/soulution_760_1602_002-1024x436.jpg 1024w, https:\/\/soulution-audio.com\/wp-content\/uploads\/2017\/04\/soulution_760_1602_002-600x255.jpg 600w\" sizes=\"auto, (max-width: 1140px) 100vw, 1140px\" \/><\/a><\/figure>\n\n\n\n<p>F\u00fcr optimalen Klang darf an der Quelle absolut nichts verloren gehen. Dies trifft f\u00fcr die Wiedergabe von High Resolution Files genauso zu wie f\u00fcr die Wiedergabe anderer Tonformate. Kein noch so guter Ver\u00adst\u00e4rker oder Laut\u00adsprecher kann wett\u00admachen, was an der Quelle verloren geht. Genau dies macht die Qualit\u00e4t der Aufnahme und des Signal\u00adlieferanten in der High Fidelity so elementar.<\/p>\n\n\n\n<p>Unser 760 D\/A-Wandler erf\u00fcllt die hohe Vorgabe mit Bravour: Alle musikalischen Informationen aus der digitalen in die analoge Welt trans\u00adportieren, nichts weglassen und nichts hinzuf\u00fcgen.<\/p>\n\n\n\n<h4 class=\"wp-block-heading\">Highlights<\/h4>\n\n\n\n<p><strong>Design<br><\/strong>Der 760 D\/A-Wandler basiert in vielen Bereichen auf den bew\u00e4hrten technischen L\u00f6sungen, die bereits im soulution 746 SACD-Player zum Einsatz kommen. Erst das exakt abgestimmte Zusammen\u00adwirken der analogen und digitalen Bereiche stellt sicher, dass an der digitalen Quelle der HiFi-Wiedergabe nichts verloren geht: H\u00f6chst\u00adwertige Schnitt\u00adstellen f\u00fcr optimalen Empfang der digitalen Daten, ein hoch\u00adpr\u00e4ziser Mastertakt-Generator, der Jitter erst gar nicht aufkommen l\u00e4sst, eine intelligente digitale Signal\u00adaufbereitung mit Over\u00adsampling und Zero Phase Technologie, analogen Ausgangs\u00adstufen in Vor\u00adverst\u00e4rker\u00adqualit\u00e4t und einer potenten Stromversorgung.<\/p>\n\n\n\n<p>Der konsequente Dual-Mono-Aufbau der Ausgangs\u00adstufen sowie die Trennung der Netz\u00adteile f\u00fcr die Digital\u00adelektronik und f\u00fcr die analogen Ausgangs\u00adstufen sprechen f\u00fcr sich. Die digitale Lautst\u00e4rke\u00adregelung erlaubt es ausserdem, den 760 D\/A-Wandler direkt mit dem Verst\u00e4rker zu verbinden.<\/p>\n\n\n\n<p><strong>Oversampling<\/strong><br>Die digitalen Audio\u00addaten werden gepuffert, ein leistungs\u00adf\u00e4higer DSP ist f\u00fcr die Umrechnung auf 24 Bit\/384 Kilo\u00adhertz zust\u00e4ndig. Unsere Maxime in Sachen Up- und Over\u00adsampling: Nicht die h\u00f6chste Taktrate hat Vorrang, sondern die h\u00f6chste Pr\u00e4zision bei der Inter\u00adpolation der Zwischen\u00adwerte. Dabei erm\u00f6glicht der Polynom-Algorithmus des Digital-Spezialisten Anagram Technologies eine hoch\u00adpr\u00e4zise Kurven\u00adberechnung zur Inter\u00adpolation der Zwischen\u00adwerte. Weil wir PCM-Wandler natur\u00adgem\u00e4ss als \u00fcberlegen erachten, konvertieren wir auch DSD-Signale vor der finalen D\/A-Wandlung in das PCM-Format.<\/p>\n\n\n\n<p><strong>zero\u03c6tech<\/strong><br>Der 760 D\/A-Wandler ist mit soulution&#8217;s einzig\u00adartiger Zero-Phase-Technology aus\u00adge\u00adr\u00fcstet. Dabei werden selbst minimalste Zeit\u00adfehler welche in der analogen Filter\u00adstufe des D\/A-Wandlers ent\u00adstehen k\u00f6nnten eliminiert. Das f\u00fcr den 760 D\/A-Wandler ver\u00adwendete Bessel-Filter 3ter Ordnung, mit einer Eck\u00adfrequenz von 120 kHz, weist eine Phasen\u00addrehung von bis zu 15\u00b0 bei 20 kHz auf. Dank der Zero-Phase-Technologie weist das analoge Aus\u00adgangs\u00adsignal des 560 D\/A-Wandlers noch einen minimalen Phasen\u00adfehler von &lt; 1\u00b0 im Bereich 20Hz \u2013&nbsp;100 kHz auf. Diese einzig\u00adartige Technologie bringt Sie noch n\u00e4her an die Musik. Das Musik\u00adsignal ist damit frei von Zeit\u00adfehlern. Dies sorgt f\u00fcr eine bisher unerreichte Plastizit\u00e4t, Luftigkeit und Frische in der Musik\u00adwiedergabe. Nichts geht verloren!<\/p>\n\n\n\n<p><strong>Clock<\/strong><br>Ein absolutes Muss f\u00fcr eine gute D\/A-Wandlung ist ein \u00e4usserst stabiles und pr\u00e4zises Clock-Signal. Dabei ist optimales Verhalten hinsichtlich Phasen-Rauschen oder Jitter wesentlich wichtiger als die langfristige Stabilit\u00e4t der Clock-Frequenz. Zusammen mit Experten auf dem Gebiet der Oszillator-Herstellung wurden speziell auf diesen Einsatzzweck optimierte TCXO&#8217;s entwickelt, welche nicht wie \u00fcblich die fundamentale Oszillations-Frequenz des Quarzes nutzen, sondern auf den 3. Oberton abgestimmt wurden. Die Clock-Module arbeiten dabei mit ca. 100 MHz, dies erfordert enorm schnelle und pr\u00e4zise Verst\u00e4rkerstufen im Oszillationskreis erlaubt aber beste Werte bez\u00fcglich Phasen-Rauschen zu erzielen. Werte welche selbst von den besten OCXOs oder gar Rubidium basierten Oszillatoren nicht \u00fcbertroffen werden. F\u00fcr eine synchrone Verarbeitung der Daten entlang des gesamten Signalweges verf\u00fcgt der 760 D\/A-Wandler \u00fcber jeweils ein Clock-Modul f\u00fcr 22MHz und f\u00fcr 24MHz.<\/p>\n\n\n\n<p>Bei der Synchronisation auf ein externes Clock-Signal w\u00fcrden die herausragenden Eigenschaften des Clock-Signals verloren gehen, daher wird darauf bewusst verzichtet. Externe Ger\u00e4te k\u00f6nnen allerdings \u00fcber den Clock-Ausgang auf den Clock des 760 D\/A-Wandlers synchronisiert werden.<\/p>\n\n\n\n<p><strong>D\/A-Wandler<\/strong><br>Es wird ausschliesslich die hoch\u00adwertige DA-Wandler\u00adsektion der Burr-Brown PCM 1792 Wandler\u00adbausteine genutzt, die bis zu einer maximalen Frequenz von 384 kHz getaktet werden k\u00f6nnen. Nicht genutzt werden die internen Upsampling- und Filter-Funktionen. Die Ausgangs\u00adstr\u00f6me der Wandler\u00adbausteine des soulution 760 werden zuerst in eine Spannung um\u00adge\u00adwandelt und ge\u00adfiltert. Dieser Strom-Spannungswandler arbeitet intern mit einer Band\u00adbreite von 80 Megahertz und legt damit den Grund\u00adstein f\u00fcr h\u00f6chste St\u00f6r\u00adab\u00adst\u00e4nde und maximalen Dynamik\u00adumfang in der analogen Ebene.<\/p>\n\n\n\n<p><strong>Output stage<br><\/strong><\/p>\n\n\n\n<p>Die breitbandige Ausgangsstufe des 760 D\/A-Wandlers arbeitet mit einer internen Frequenz\u00adbandbreite von 40 MHz (\u20133 dB). Dank dieser enormen Geschwin\u00addigkeit werden alle Details der Musik natur\u00adgetreu abgebildet. Die theoretisch maximale Stromlieferf\u00e4higkeit der Ausgangsstufe von 3 A wurde aus Sicherheitsgr\u00fcnden mittels intelligenter Schutzschaltung auf 1 A begrenzt. Die Ausgangsstufe kann somit auch lange Kabel verlust\u00adfrei an\u00adtreiben.&nbsp;Es entsteht ein drei\u00addimensionales r\u00e4umliches Klang\u00advergn\u00fcgen.<\/p>\n\n\n\n<p><strong>Stromversorgung<\/strong><br>Eine stabile und leistungsf\u00e4hige Stromversorgung ist Lebensnerv f\u00fcr jedes Quellger\u00e4t. Wir verwenden eine, verst\u00e4rker\u00ad\u00e4hnliche Schaltung welche dank \u00e4usserst schneller und pr\u00e4ziser Regelung eine ultra stabile Ver\u00adsorgungs\u00adspannung bereit\u00adstellen kann. Die Speicher\u00adkapazit\u00e4t der audiophilen Kondensatoren von &gt; 500&#8217;000 \u00b5Farad stellen beinahe endlose Impuls\u00adleistung zur Ver\u00adf\u00fcgung. Mittels Strom\u00adschienen wird die ohne\u00adhin sehr stabile Ver\u00adsorgungs\u00adspannung ohne Verluste allen Schaltungs\u00adteilen zur Ver\u00adf\u00fcgung ge\u00adstellt. Ein einzig\u00adartiges Konzept! Es erm\u00f6glich, dass die Ver\u00adsorgungs\u00adspannungen an nur einem, dem optimalen Punkt, eingespeist werden k\u00f6nnen und dann allen Schaltungs\u00adteilen in gleicher Qualit\u00e4t zur Ver\u00adf\u00fcgung stehen.<\/p>\n\n\n\n<p><strong>Operation<\/strong><br>Die Bedienung des 760 D\/A-Wandlers erfolgt \u00fcber die Tasten und den Drehknopf auf der Front. Zahlreiche Zusatz\u00adfunktionen erlauben eine Optimierung der gesamten HiFi-Anlage und eine optimale Abstimmung der verschiedenen Komponenten aufeinander.<\/p>\n\n\n\n<h4 class=\"wp-block-heading\">Technische Daten<\/h4>\n\n\n\n<table id=\"tablepress-4\" class=\"tablepress tablepress-id-4 tbody-has-connected-cells\">\n<tbody>\n<tr class=\"row-1\">\n\t<td class=\"column-1\">Mains<br \/>\n\t\t\t\t\t\t<\/td><td colspan=\"2\" class=\"column-2\">220 \u2013 240 V (50 \u2013 60 Hz)<br\/>100 \u2013 120 V (50 \u2013 60 Hz)\t\t\t\t\t\t<\/td>\n<\/tr>\n<tr class=\"row-2\">\n\t<td class=\"column-1\">Power consumption<\/td><td colspan=\"2\" class=\"column-2\">< 0.5 W standby<br\/>60 W device in operation<\/td>\n<\/tr>\n<tr class=\"row-3\">\n\t<td class=\"column-1\">Analog outputs\t\t\t<\/td><td colspan=\"2\" class=\"column-2\">1 \u00d7 balanced (XLR)<br\/>1 \u00d7 unbalanced (RCA)<\/td>\n<\/tr>\n<tr class=\"row-4\">\n\t<td class=\"column-1\">Frequency response<\/td><td colspan=\"2\" class=\"column-2\">0 \u2013 200 kHz (DXD)<\/td>\n<\/tr>\n<tr class=\"row-5\">\n\t<td class=\"column-1\">THD + N\t\t\t\t<\/td><td colspan=\"2\" class=\"column-2\">< 0.0005% (20 Hz \u2013 20 kHz)<\/td>\n<\/tr>\n<tr class=\"row-6\">\n\t<td class=\"column-1\">Signal-to-noise ratio<\/td><td colspan=\"2\" class=\"column-2\">> 140 dB<\/td>\n<\/tr>\n<tr class=\"row-7\">\n\t<td class=\"column-1\">Channel separation<\/td><td colspan=\"2\" class=\"column-2\">> 130 dB<\/td>\n<\/tr>\n<tr class=\"row-8\">\n\t<td class=\"column-1\">Output impedance<\/td><td colspan=\"2\" class=\"column-2\">2 \u03a9 balanced (XLR)<br\/>2 \u03a9 unbalanced (RCA)<\/td>\n<\/tr>\n<tr class=\"row-9\">\n\t<td class=\"column-1\">Output voltage<\/td><td colspan=\"2\" class=\"column-2\">4 V<sub>RMS<\/sub> balanced (XLR)<br\/>2 V<sub>RMS<\/sub> unbalanced (RCA)<\/td>\n<\/tr>\n<tr class=\"row-10\">\n\t<td class=\"column-1\">Output current max<\/td><td colspan=\"2\" class=\"column-2\">1 A (limited by protection circuit)<\/td>\n<\/tr>\n<tr class=\"row-11\">\n\t<td class=\"column-1\">Volume control range<\/td><td colspan=\"2\" class=\"column-2\">0 to \u2013 79 dB in 1 dB steps<\/td>\n<\/tr>\n<tr class=\"row-12\">\n\t<td class=\"column-1\">Digital inputs<\/td><td colspan=\"2\" class=\"column-2\">AES\/EBU, SPDIF-RCA, Optical, USB, Network<\/td>\n<\/tr>\n<tr class=\"row-13\">\n\t<td class=\"column-1\">Digital outputs<\/td><td colspan=\"2\" class=\"column-2\">AES\/EBU, SPDIF-RCA, Clock-BNC<\/td>\n<\/tr>\n<tr class=\"row-14\">\n\t<td class=\"column-1\">Digitale formats<\/td><td colspan=\"2\" class=\"column-2\">WAV, AIFF, FLAC, ALAC, DSF, DFF, DXD, MP3, AAC<\/td>\n<\/tr>\n<tr class=\"row-15\">\n\t<td class=\"column-1\">Bit dept\/sampling rage (max)<\/td><td class=\"column-2\">AES\/EBU:<br\/>SPDIF:<br\/>Optical:<br\/><br\/>USB:<br\/><br\/>Network:<\/td><td class=\"column-3\">24 bit\/192 kHz<br\/>24 bit\/192 kHz<br\/>24 bit\/ 96 kHz<br\/>24 bit\/384 kHz,<br\/> 1 bit\/5.64 MHz<br\/>24 bit\/384 kHz,<br\/> 1 bit\/5.64 MHz<\/td>\n<\/tr>\n<tr class=\"row-16\">\n\t<td class=\"column-1\">Dimensions<\/td><td colspan=\"2\" class=\"column-2\">480 \u00d7 167 \u00d7 450 mm<br\/>(W \u00d7 H \u00d7 D)<\/td>\n<\/tr>\n<tr class=\"row-17\">\n\t<td class=\"column-1\">Weight<\/td><td colspan=\"2\" class=\"column-2\">approx. 30 kg<\/td>\n<\/tr>\n<tr class=\"row-18\">\n\t<td class=\"column-1\">LINK (remote turn-on)<\/td><td colspan=\"2\" class=\"column-2\">12 V control signal<\/td>\n<\/tr>\n<tr class=\"row-19\">\n\t<td class=\"column-1\">USB driver<\/td><td colspan=\"2\" class=\"column-2\"><a href=\"https:\/\/soulution-audio.com\/wp-content\/uploads\/2017\/09\/Soulution-USB-driver-1v22c.zip\">v1.22c for Win7<\/a><br \/>\n<a href=\"https:\/\/soulution-audio.com\/wp-content\/uploads\/2017\/09\/Soulution-USB-driver-1v611.zip\">v1.611 for Win7<\/a><br \/>\n<a href=\"https:\/\/soulution-audio.com\/wp-content\/uploads\/2017\/09\/Soulution_USB_driver_2v26.zip\">v2.26 for Win10<\/a><\/td>\n<\/tr>\n<\/tbody>\n<\/table>\n\n\n\n\n<figure class=\"wp-block-image\"><a href=\"https:\/\/soulution-audio.com\/wp-content\/uploads\/2017\/04\/soulution_760_1602_001.jpg\"><img loading=\"lazy\" decoding=\"async\" width=\"1140\" height=\"485\" src=\"https:\/\/soulution-audio.com\/wp-content\/uploads\/2017\/04\/soulution_760_1602_001.jpg\" alt=\"\" class=\"wp-image-736\" srcset=\"https:\/\/soulution-audio.com\/wp-content\/uploads\/2017\/04\/soulution_760_1602_001.jpg 1140w, https:\/\/soulution-audio.com\/wp-content\/uploads\/2017\/04\/soulution_760_1602_001-300x128.jpg 300w, https:\/\/soulution-audio.com\/wp-content\/uploads\/2017\/04\/soulution_760_1602_001-768x327.jpg 768w, https:\/\/soulution-audio.com\/wp-content\/uploads\/2017\/04\/soulution_760_1602_001-1024x436.jpg 1024w, https:\/\/soulution-audio.com\/wp-content\/uploads\/2017\/04\/soulution_760_1602_001-600x255.jpg 600w\" sizes=\"auto, (max-width: 1140px) 100vw, 1140px\" \/><\/a><\/figure>\n\n\n\n<p><\/p>\n","protected":false},"excerpt":{"rendered":"<p>F\u00fcr optimalen Klang darf an der Quelle absolut nichts verloren gehen. Dies trifft f\u00fcr die Wiedergabe von High Resolution Files genauso zu wie f\u00fcr die Wiedergabe anderer Tonformate. Kein noch so guter Ver\u00adst\u00e4rker oder Laut\u00adsprecher kann wett\u00admachen, was an der Quelle verloren geht. Genau dies macht die Qualit\u00e4t der Aufnahme und des Signal\u00adlieferanten in der [&hellip;]<\/p>\n","protected":false},"author":2,"featured_media":737,"parent":727,"menu_order":0,"comment_status":"closed","ping_status":"closed","template":"","meta":{"_genesis_hide_title":false,"_genesis_hide_breadcrumbs":false,"_genesis_hide_singular_image":false,"_genesis_hide_footer_widgets":false,"_genesis_custom_body_class":"","_genesis_custom_post_class":"","_genesis_layout":"","footnotes":""},"categories":[50,64,32],"tags":[],"class_list":{"0":"post-733","1":"page","2":"type-page","3":"status-publish","4":"has-post-thumbnail","6":"category-760-de","7":"category-gallery-de","8":"category-serie-7","9":"entry"},"featured_image_src":"https:\/\/soulution-audio.com\/wp-content\/uploads\/2017\/04\/soulution_760_1602_002.jpg","featured_image_src_square":"https:\/\/soulution-audio.com\/wp-content\/uploads\/2017\/04\/soulution_760_1602_002.jpg","_links":{"self":[{"href":"https:\/\/soulution-audio.com\/de\/wp-json\/wp\/v2\/pages\/733","targetHints":{"allow":["GET"]}}],"collection":[{"href":"https:\/\/soulution-audio.com\/de\/wp-json\/wp\/v2\/pages"}],"about":[{"href":"https:\/\/soulution-audio.com\/de\/wp-json\/wp\/v2\/types\/page"}],"author":[{"embeddable":true,"href":"https:\/\/soulution-audio.com\/de\/wp-json\/wp\/v2\/users\/2"}],"replies":[{"embeddable":true,"href":"https:\/\/soulution-audio.com\/de\/wp-json\/wp\/v2\/comments?post=733"}],"version-history":[{"count":4,"href":"https:\/\/soulution-audio.com\/de\/wp-json\/wp\/v2\/pages\/733\/revisions"}],"predecessor-version":[{"id":1579,"href":"https:\/\/soulution-audio.com\/de\/wp-json\/wp\/v2\/pages\/733\/revisions\/1579"}],"up":[{"embeddable":true,"href":"https:\/\/soulution-audio.com\/de\/wp-json\/wp\/v2\/pages\/727"}],"wp:featuredmedia":[{"embeddable":true,"href":"https:\/\/soulution-audio.com\/de\/wp-json\/wp\/v2\/media\/737"}],"wp:attachment":[{"href":"https:\/\/soulution-audio.com\/de\/wp-json\/wp\/v2\/media?parent=733"}],"wp:term":[{"taxonomy":"category","embeddable":true,"href":"https:\/\/soulution-audio.com\/de\/wp-json\/wp\/v2\/categories?post=733"},{"taxonomy":"post_tag","embeddable":true,"href":"https:\/\/soulution-audio.com\/de\/wp-json\/wp\/v2\/tags?post=733"}],"curies":[{"name":"wp","href":"https:\/\/api.w.org\/{rel}","templated":true}]}}