{"id":720,"date":"2017-05-13T13:06:30","date_gmt":"2017-05-13T13:06:30","guid":{"rendered":"http:\/\/soulution-audio.com\/?page_id=720\/"},"modified":"2021-06-23T15:35:42","modified_gmt":"2021-06-23T15:35:42","slug":"ueber-soulution","status":"publish","type":"page","link":"https:\/\/soulution-audio.com\/de\/ueber-soulution\/","title":{"rendered":"\u00dcber soulution"},"content":{"rendered":"\n<figure class=\"wp-block-image\"><a href=\"https:\/\/soulution-audio.com\/wp-content\/uploads\/2017\/03\/soulution_725_1602_006.jpg\"><img loading=\"lazy\" decoding=\"async\" width=\"1140\" height=\"485\" src=\"https:\/\/soulution-audio.com\/wp-content\/uploads\/2017\/03\/soulution_725_1602_006.jpg\" alt=\"\" class=\"wp-image-690\" srcset=\"https:\/\/soulution-audio.com\/wp-content\/uploads\/2017\/03\/soulution_725_1602_006.jpg 1140w, https:\/\/soulution-audio.com\/wp-content\/uploads\/2017\/03\/soulution_725_1602_006-300x128.jpg 300w, https:\/\/soulution-audio.com\/wp-content\/uploads\/2017\/03\/soulution_725_1602_006-768x327.jpg 768w, https:\/\/soulution-audio.com\/wp-content\/uploads\/2017\/03\/soulution_725_1602_006-1024x436.jpg 1024w, https:\/\/soulution-audio.com\/wp-content\/uploads\/2017\/03\/soulution_725_1602_006-600x255.jpg 600w\" sizes=\"auto, (max-width: 1140px) 100vw, 1140px\" \/><\/a><\/figure>\n\n\n\n<p>soulution geh\u00f6rt zur Spemot AG, einem in Dulliken, Schweiz, ans\u00e4ssigen Unternehmen. Spemot ist seit Jahr\u00adzehnten erfolgreich im Bereich der&nbsp;Ent\u00adwicklung und Pro\u00adduk\u00adtion von kunden\u00adspezifischen Elektro\u00admotoren und Elektro\u00adger\u00e4ten welche sowohl in der Auto\u00admobil\u00adindustrie oder etwa der Spitzen-Gastronomie Verwendung finden. Anfang 2000 wurde soulution als weiteres Gesch\u00e4fts\u00adfeld der Spemot AG ins Leben gerufen, mit dem Ziel Ger\u00e4te f\u00fcr den audiophilen Musikgenuss zu erschaffen, welche keine W\u00fcnsche offen lassen. Testberichte in der internationalen Fachpresse wie auch ein Vielzahl von Auszeichnungen best\u00e4tigen, dass dieses Ziel erreicht wurde.<\/p>\n\n\n\n<h4 class=\"wp-block-heading\">Design<\/h4>\n\n\n\n<p>Die herausragenden Klangqualit\u00e4ten der soulution Ger\u00e4te sollten auch durch die Gestaltung der Geh\u00e4use unterst\u00fctzt werden, optisch wie auch durch ihre Konstruktion. Aufgrund der Gr\u00f6sse der Ger\u00e4te war klar, dass sich diese in einen H\u00f6r- Wohnraum optimal integrieren lassen und f\u00fcr viele Jahre nicht nur klanglich sondern auch optisch Spass bereiten sollen. Die Entwicklung des Geh\u00e4use-Designs wurde daher mit derselben Sorgfalt und Professionalit\u00e4t ausgef\u00fchrt wie die Entwicklung der Elektronik. Mehrere Vorschl\u00e4ge wurden erarbeitet welche sowohl die technischen Anforderungen nach Stabilit\u00e4t und W\u00e4rmeableitung, wie auch die gestalterischen Anspr\u00fcche erf\u00fcllten.<\/p>\n\n\n\n<h4 class=\"wp-block-heading\">Design Awards<\/h4>\n\n\n\n<p>Der Aufwand hat sich gelohnt. Die soulution Ger\u00e4te wurden f\u00fcr ihr zeitloses Geh\u00e4use-Design gleich mehrfach von internationalen Fachjuroren ausgezeichnet.<\/p>\n","protected":false},"excerpt":{"rendered":"<p>soulution geh\u00f6rt zur Spemot AG, einem in Dulliken, Schweiz, ans\u00e4ssigen Unternehmen. Spemot ist seit Jahr\u00adzehnten erfolgreich im Bereich der&nbsp;Ent\u00adwicklung und Pro\u00adduk\u00adtion von kunden\u00adspezifischen Elektro\u00admotoren und Elektro\u00adger\u00e4ten welche sowohl in der Auto\u00admobil\u00adindustrie oder etwa der Spitzen-Gastronomie Verwendung finden. Anfang 2000 wurde soulution als weiteres Gesch\u00e4fts\u00adfeld der Spemot AG ins Leben gerufen, mit dem Ziel Ger\u00e4te f\u00fcr [&hellip;]<\/p>\n","protected":false},"author":2,"featured_media":0,"parent":0,"menu_order":20,"comment_status":"closed","ping_status":"closed","template":"","meta":{"_genesis_hide_title":false,"_genesis_hide_breadcrumbs":false,"_genesis_hide_singular_image":false,"_genesis_hide_footer_widgets":false,"_genesis_custom_body_class":"","_genesis_custom_post_class":"","_genesis_layout":"content-sidebar","footnotes":""},"categories":[],"tags":[],"class_list":{"0":"post-720","1":"page","2":"type-page","3":"status-publish","5":"entry"},"featured_image_src":null,"featured_image_src_square":null,"_links":{"self":[{"href":"https:\/\/soulution-audio.com\/de\/wp-json\/wp\/v2\/pages\/720","targetHints":{"allow":["GET"]}}],"collection":[{"href":"https:\/\/soulution-audio.com\/de\/wp-json\/wp\/v2\/pages"}],"about":[{"href":"https:\/\/soulution-audio.com\/de\/wp-json\/wp\/v2\/types\/page"}],"author":[{"embeddable":true,"href":"https:\/\/soulution-audio.com\/de\/wp-json\/wp\/v2\/users\/2"}],"replies":[{"embeddable":true,"href":"https:\/\/soulution-audio.com\/de\/wp-json\/wp\/v2\/comments?post=720"}],"version-history":[{"count":3,"href":"https:\/\/soulution-audio.com\/de\/wp-json\/wp\/v2\/pages\/720\/revisions"}],"predecessor-version":[{"id":1635,"href":"https:\/\/soulution-audio.com\/de\/wp-json\/wp\/v2\/pages\/720\/revisions\/1635"}],"wp:attachment":[{"href":"https:\/\/soulution-audio.com\/de\/wp-json\/wp\/v2\/media?parent=720"}],"wp:term":[{"taxonomy":"category","embeddable":true,"href":"https:\/\/soulution-audio.com\/de\/wp-json\/wp\/v2\/categories?post=720"},{"taxonomy":"post_tag","embeddable":true,"href":"https:\/\/soulution-audio.com\/de\/wp-json\/wp\/v2\/tags?post=720"}],"curies":[{"name":"wp","href":"https:\/\/api.w.org\/{rel}","templated":true}]}}