{"id":2207,"date":"2025-05-08T12:57:36","date_gmt":"2025-05-08T12:57:36","guid":{"rendered":"https:\/\/soulution-audio.com\/?page_id=2207"},"modified":"2025-05-08T13:53:11","modified_gmt":"2025-05-08T13:53:11","slug":"717-power-amplifier","status":"publish","type":"page","link":"https:\/\/soulution-audio.com\/de\/717-power-amplifier\/","title":{"rendered":"717 power amplifier"},"content":{"rendered":"\n<figure class=\"wp-block-image size-large\"><img loading=\"lazy\" decoding=\"async\" width=\"1024\" height=\"680\" src=\"https:\/\/soulution-audio.com\/wp-content\/uploads\/2025\/02\/soulution_717_2405_004-1-1024x680.jpg\" alt=\"\" class=\"wp-image-2192\" srcset=\"https:\/\/soulution-audio.com\/wp-content\/uploads\/2025\/02\/soulution_717_2405_004-1-1024x680.jpg 1024w, https:\/\/soulution-audio.com\/wp-content\/uploads\/2025\/02\/soulution_717_2405_004-1-300x199.jpg 300w, https:\/\/soulution-audio.com\/wp-content\/uploads\/2025\/02\/soulution_717_2405_004-1-768x510.jpg 768w, https:\/\/soulution-audio.com\/wp-content\/uploads\/2025\/02\/soulution_717_2405_004-1-1536x1019.jpg 1536w, https:\/\/soulution-audio.com\/wp-content\/uploads\/2025\/02\/soulution_717_2405_004-1-2048x1359.jpg 2048w\" sizes=\"auto, (max-width: 1024px) 100vw, 1024px\" \/><\/figure>\n\n\n\n<h1 class=\"wp-block-heading has-accent-color has-text-color\">What a difference control makes!<\/h1>\n\n\n\n<p>Der neue Referenz-Endverst\u00e4rker von soulution treibt alle Lautsprecher an und setzt neue Ma\u00dfst\u00e4be in Bezug auf Rauschen, Phasenfehler, Gleichtaktunterdr\u00fcckung und Verzerrung.<\/p>\n\n\n\n<p><strong>Key Features<\/strong><\/p>\n\n\n\n<ul class=\"wp-block-list\">\n<li>Schaltnetzteil (4 \u00d7 600 VA , 4x 2&#8217;100 VA peak)<\/li>\n\n\n\n<li>Impulse current rating gr\u00f6sser als 400 Amper<\/li>\n\n\n\n<li>Minimale Phasenfehler (&lt;0.2\u00b0 @ 20kHz) im Audioband<\/li>\n\n\n\n<li>Ultra low noise &lt; -165dBV (Noisedensity bezogen auf den Eingang)<\/li>\n<\/ul>\n\n\n\n<h4 class=\"wp-block-heading\">Highlights<\/h4>\n\n\n\n<p><strong>Layout<\/strong><br>Der Leistungsverst\u00e4rker 717 (einschlie\u00dflich der Netzteile) wurde vollst\u00e4ndig als Dual-Mono-Verst\u00e4rker ausgelegt. Der linke und der rechte Kanal haben jeweils eine eigene Platine und sind somit vollst\u00e4ndig voneinander getrennt. Dies f\u00fchrt zu einer wesentlich besseren Kanaltrennung (&gt; 130 dB) als bei fr\u00fcheren Modellen.<\/p>\n\n\n\n<p><strong>Eingangsstufe<\/strong><br>Die innovative Eingangsstufe des717 Leistungsverst\u00e4rkers erm\u00f6glicht eine au\u00dfergew\u00f6hnliche Gleichtaktunterdr\u00fcckung, ohne die Eingangsstufe durch Rauschen zu beeintr\u00e4chtigen. Dies wird durch parallel geschaltete Instrumentenverst\u00e4rker erreicht, die f\u00fcr eine gro\u00dfe Bandbreite (20 MHz), geringstes Rauschen und optimale Gleichtaktunterdr\u00fcckung (CMMR &gt;105 dB) ausgelegt sind. Dadurch wird sichergestellt, dass selbst die schw\u00e4chsten Musiksignale vom 717 Leistungsverst\u00e4rker korrekt empfangen werden k\u00f6nnen.<\/p>\n\n\n\n<p><strong>Spannungsverst\u00e4rker<\/strong><br>Bei allen Verst\u00e4rkerdesigns mit negativer R\u00fcckkopplung ist mehr Loopgain besser als viel Loopgain, vorausgesetzt, das Design bleibt stabil. Mit seiner Bandbreite von mehr als 2 MHz, einer Loopgain von mehr als 120 dB (DC) und seinem ultralinearen R\u00fcckkopplungsnetzwerk setzt der 717 neue Ma\u00dfst\u00e4be in Bezug auf Phasenkoh\u00e4renz und Verzerrung.<\/p>\n\n\n\n<p><strong>Stromverst\u00e4rker<\/strong><br>Die Stromverst\u00e4rkerstufe verf\u00fcgt \u00fcber 16 Leistungstransistoren pro Kanal, die in Class AB arbeiten. Eine intelligente Bias-Stromregelung misst den momentanen Strom jedes einzelnen Transistors und steuert seinen Ruhestrom, um optimale und identische Betriebsbedingungen zu gew\u00e4hrleisten. Der 717 kombiniert eine hervorragende Mikrodynamik mit beeindruckender Leistung. Kurze Stromimpulse von 400A und mehr sind ohne weiteres m\u00f6glich. Aus Sicherheitsgr\u00fcnden ist der Dauerstromausgang auf 32A pro Kanal begrenzt.<\/p>\n\n\n\n<p><strong>Stromversorgungen<\/strong><br>Vier Schaltnetzteile mit sehr hoher Spitzenleistung (2&#8217;100W f\u00fcr 5 Sek.) liefern die Energie f\u00fcr die Versorgungsspannungen der Endstufe. Die Ausgangsimpedanz der geregelten Netzteile bleibt \u00fcber den relevanten Frequenzbereich extrem niedrig, was gro\u00dfe Speicherkondensatoren \u00fcberfl\u00fcssig macht. Verteilte lokale Stromversorgungen mit hocheffizienten DC-DC-Wandlern und extrem rauscharmen und schnellen Linearreglern direkt neben der Senke versorgen den Kleinsignalteil des 717. Dies gew\u00e4hrleistet geringstes Rauschen und k\u00fcrzeste Signalwege.<\/p>\n\n\n\n<h4 class=\"wp-block-heading\">Specifikation<\/h4>\n\n\n\n<table id=\"tablepress-35\" class=\"tablepress tablepress-id-35\">\n<tbody>\n<tr class=\"row-1\">\n\t<td class=\"column-1\">Mains<br \/>\n\t\t\t\t\t\t<\/td><td class=\"column-2\">100\u2013 240 V (50 \u2013 60 Hz)\t<\/td>\n<\/tr>\n<tr class=\"row-2\">\n\t<td class=\"column-1\">Power consumption<\/td><td class=\"column-2\">< 0.5 W standby<br\/>idle 300 W<br\/>max 1600 W<\/td>\n<\/tr>\n<tr class=\"row-3\">\n\t<td class=\"column-1\">Outputs\t\t\t<\/td><td class=\"column-2\">2 pairs Cu-terminal,<br \/>\ngold plated<\/td>\n<\/tr>\n<tr class=\"row-4\">\n\t<td class=\"column-1\">Gain<\/td><td class=\"column-2\">+ 26 dB<\/td>\n<\/tr>\n<tr class=\"row-5\">\n\t<td class=\"column-1\">Power output<\/td><td class=\"column-2\">2 \u00d7 150 W @ 8 \u03a9<br\/>2 \u00d7 300 W @ 4 \u03a9<br\/>2 \u00d7 600 W @ 2 \u03a9<\/td>\n<\/tr>\n<tr class=\"row-6\">\n\t<td class=\"column-1\">Pulse power<\/td><td class=\"column-2\">> 2 \u00d7 6000 W<\/td>\n<\/tr>\n<tr class=\"row-7\">\n\t<td class=\"column-1\">Frequency response (\u2013 3 dB)<\/td><td class=\"column-2\">0 \u2013 2 MHz<\/td>\n<\/tr>\n<tr class=\"row-8\">\n\t<td class=\"column-1\">Phase response (@20kHz)<\/td><td class=\"column-2\">< 0.2\u00b0<\/td>\n<\/tr>\n<tr class=\"row-9\">\n\t<td class=\"column-1\">THD + N<\/td><td class=\"column-2\">< 0.0001% at 100 W @ 8 \u03a9<br\/>(20 Hz \u2013 20 kHz)<\/td>\n<\/tr>\n<tr class=\"row-10\">\n\t<td class=\"column-1\">Signal-to-noise ratio<\/td><td class=\"column-2\">> 120dB (150W @ 8\u03a9, 20Hz-20kHz)<\/td>\n<\/tr>\n<tr class=\"row-11\">\n\t<td class=\"column-1\">Spot noise (input related)<\/td><td class=\"column-2\">< -165 dBV\/sqrt(Hz), 20Hz - 20kHz<\/td>\n<\/tr>\n<tr class=\"row-12\">\n\t<td class=\"column-1\">Channel separation<\/td><td class=\"column-2\">> 120 dB @ 1 kHz<\/td>\n<\/tr>\n<tr class=\"row-13\">\n\t<td class=\"column-1\">Damping factor<\/td><td class=\"column-2\">> 10\u2009000<\/td>\n<\/tr>\n<tr class=\"row-14\">\n\t<td class=\"column-1\">Output current max<\/td><td class=\"column-2\">32 A (limited)<\/td>\n<\/tr>\n<tr class=\"row-15\">\n\t<td class=\"column-1\">Inputs<\/td><td class=\"column-2\">2 \u00d7 balanced (XLR)<\/td>\n<\/tr>\n<tr class=\"row-16\">\n\t<td class=\"column-1\">Input impedance<\/td><td class=\"column-2\">4.4 M\u03a9 balanced <\/td>\n<\/tr>\n<tr class=\"row-17\">\n\t<td class=\"column-1\">Dimensions<\/td><td class=\"column-2\">480 \u00d7 350 \u00d7 505 mm<br\/>(W \u00d7 H \u00d7 D)<\/td>\n<\/tr>\n<tr class=\"row-18\">\n\t<td class=\"column-1\">Weight<\/td><td class=\"column-2\">approx. 50 kg<\/td>\n<\/tr>\n<tr class=\"row-19\">\n\t<td class=\"column-1\">LINK (remote turn-on)<\/td><td class=\"column-2\">12 V control signal<\/td>\n<\/tr>\n<\/tbody>\n<\/table>\n<!-- #tablepress-35 from cache -->\n\n\n\n<figure class=\"wp-block-image size-large\"><img loading=\"lazy\" decoding=\"async\" width=\"1024\" height=\"680\" src=\"https:\/\/soulution-audio.com\/wp-content\/uploads\/2025\/02\/soulution_717_2405_014-1-1024x680.jpg\" alt=\"\" class=\"wp-image-2196\" srcset=\"https:\/\/soulution-audio.com\/wp-content\/uploads\/2025\/02\/soulution_717_2405_014-1-1024x680.jpg 1024w, https:\/\/soulution-audio.com\/wp-content\/uploads\/2025\/02\/soulution_717_2405_014-1-300x199.jpg 300w, https:\/\/soulution-audio.com\/wp-content\/uploads\/2025\/02\/soulution_717_2405_014-1-768x510.jpg 768w, https:\/\/soulution-audio.com\/wp-content\/uploads\/2025\/02\/soulution_717_2405_014-1-1536x1019.jpg 1536w, https:\/\/soulution-audio.com\/wp-content\/uploads\/2025\/02\/soulution_717_2405_014-1-2048x1359.jpg 2048w\" sizes=\"auto, (max-width: 1024px) 100vw, 1024px\" \/><\/figure>\n","protected":false},"excerpt":{"rendered":"<p>What a difference control makes! Der neue Referenz-Endverst\u00e4rker von soulution treibt alle Lautsprecher an und setzt neue Ma\u00dfst\u00e4be in Bezug auf Rauschen, Phasenfehler, Gleichtaktunterdr\u00fcckung und Verzerrung. Key Features Highlights LayoutDer Leistungsverst\u00e4rker 717 (einschlie\u00dflich der Netzteile) wurde vollst\u00e4ndig als Dual-Mono-Verst\u00e4rker ausgelegt. Der linke und der rechte Kanal haben jeweils eine eigene Platine und sind somit vollst\u00e4ndig [&hellip;]<\/p>\n","protected":false},"author":2,"featured_media":0,"parent":0,"menu_order":0,"comment_status":"closed","ping_status":"closed","template":"","meta":{"_genesis_hide_title":false,"_genesis_hide_breadcrumbs":false,"_genesis_hide_singular_image":false,"_genesis_hide_footer_widgets":false,"_genesis_custom_body_class":"","_genesis_custom_post_class":"","_genesis_layout":"","footnotes":""},"categories":[88],"tags":[],"class_list":{"0":"post-2207","1":"page","2":"type-page","3":"status-publish","5":"category-717-de","6":"entry"},"featured_image_src":null,"featured_image_src_square":null,"_links":{"self":[{"href":"https:\/\/soulution-audio.com\/de\/wp-json\/wp\/v2\/pages\/2207","targetHints":{"allow":["GET"]}}],"collection":[{"href":"https:\/\/soulution-audio.com\/de\/wp-json\/wp\/v2\/pages"}],"about":[{"href":"https:\/\/soulution-audio.com\/de\/wp-json\/wp\/v2\/types\/page"}],"author":[{"embeddable":true,"href":"https:\/\/soulution-audio.com\/de\/wp-json\/wp\/v2\/users\/2"}],"replies":[{"embeddable":true,"href":"https:\/\/soulution-audio.com\/de\/wp-json\/wp\/v2\/comments?post=2207"}],"version-history":[{"count":9,"href":"https:\/\/soulution-audio.com\/de\/wp-json\/wp\/v2\/pages\/2207\/revisions"}],"predecessor-version":[{"id":2284,"href":"https:\/\/soulution-audio.com\/de\/wp-json\/wp\/v2\/pages\/2207\/revisions\/2284"}],"wp:attachment":[{"href":"https:\/\/soulution-audio.com\/de\/wp-json\/wp\/v2\/media?parent=2207"}],"wp:term":[{"taxonomy":"category","embeddable":true,"href":"https:\/\/soulution-audio.com\/de\/wp-json\/wp\/v2\/categories?post=2207"},{"taxonomy":"post_tag","embeddable":true,"href":"https:\/\/soulution-audio.com\/de\/wp-json\/wp\/v2\/tags?post=2207"}],"curies":[{"name":"wp","href":"https:\/\/api.w.org\/{rel}","templated":true}]}}