{"id":2147,"date":"2024-09-24T14:18:27","date_gmt":"2024-09-24T14:18:27","guid":{"rendered":"https:\/\/soulution-audio.com\/?page_id=2147"},"modified":"2024-09-24T14:20:34","modified_gmt":"2024-09-24T14:20:34","slug":"701-and-711-upgrades","status":"publish","type":"page","link":"https:\/\/soulution-audio.com\/de\/701-and-711-upgrades\/","title":{"rendered":"701+ and 711+ Upgrades"},"content":{"rendered":"\n<figure class=\"wp-block-image size-large\" id=\"block-22d2e6d3-792c-4874-8c8a-ef8045f4a328\"><img loading=\"lazy\" decoding=\"async\" width=\"2000\" height=\"2000\" src=\"https:\/\/soulution-audio.com\/wp-content\/uploads\/2024\/09\/soulution711_2409_075-edited.jpg\" alt=\"\" class=\"wp-image-2143\" style=\"aspect-ratio:4\/3;object-fit:cover\" srcset=\"https:\/\/soulution-audio.com\/wp-content\/uploads\/2024\/09\/soulution711_2409_075-edited.jpg 2000w, https:\/\/soulution-audio.com\/wp-content\/uploads\/2024\/09\/soulution711_2409_075-edited-300x300.jpg 300w, https:\/\/soulution-audio.com\/wp-content\/uploads\/2024\/09\/soulution711_2409_075-edited-1024x1024.jpg 1024w, https:\/\/soulution-audio.com\/wp-content\/uploads\/2024\/09\/soulution711_2409_075-edited-150x150.jpg 150w, https:\/\/soulution-audio.com\/wp-content\/uploads\/2024\/09\/soulution711_2409_075-edited-768x768.jpg 768w, https:\/\/soulution-audio.com\/wp-content\/uploads\/2024\/09\/soulution711_2409_075-edited-1536x1536.jpg 1536w, https:\/\/soulution-audio.com\/wp-content\/uploads\/2024\/09\/soulution711_2409_075-edited-75x75.jpg 75w, https:\/\/soulution-audio.com\/wp-content\/uploads\/2024\/09\/soulution711_2409_075-edited-600x600.jpg 600w\" sizes=\"auto, (max-width: 2000px) 100vw, 2000px\" \/><\/figure>\n\n\n\n<p>Basierend auf unserem Credo: Nichts hinzuf\u00fcgen, nichts weglassen, haben wir uns die herausfordernde Frage gestellt: \u201cK\u00f6nnen weniger hinzuf\u00fcgen und weniger weglassen als was wir mit unseren Produkten bereits erzielt haben?\u201d Bevor wir uns entschieden haben f\u00fcr den neuen 717 Stereoverst\u00e4rker eine komplett neuartige und innovative Verst\u00e4rker-Topologie zu verwenden, haben unsere Ingenieure \u00fcberpr\u00fcft wie weit die Performance der bestehenden Technologie der 701 und 711 Verst\u00e4rker optimiert werden kann. Einige dieser Resultate kommen nun f\u00fcr die Upgrades 70+ und 711+ zum Einsatz.<\/p>\n\n\n\n<p>Das neue ultralineare Feedback-Netzwerk im Zusammenspiel mit dem thermisch optimierten Design der Gainstufen bringen die Performance des Spannungsverst\u00e4rkungs-Moduls auf ein neues Niveau, welches sowohl den Phasengang wie auch \u00dcberlaststabilit\u00e4t des Verst\u00e4rkers wesentlich verbessern. Alle klanglichen Vorz\u00fcge der 701 und 711 wie etwa, die Leichtigkeit mit welcher auch noch so komplexen Musikpassage Instrumente auseinandergehalten werden, die unglaublich scheinende Dynamik im Bass und die hinreissenden Klangfarben bleiben durch das Upgrade auf 701+ und 711+ erhalten und werden mit noch mehr Raffinesse und Feinzeichnung erg\u00e4nzt was Sie den musikalischen Ausdruck des K\u00fcnstlers noch authentischer miterleben l\u00e4sst.<\/p>\n\n\n\n<p id=\"block-2a051808-ea93-47af-a75e-c21210989a09\"><\/p>\n","protected":false},"excerpt":{"rendered":"<p>Basierend auf unserem Credo: Nichts hinzuf\u00fcgen, nichts weglassen, haben wir uns die herausfordernde Frage gestellt: \u201cK\u00f6nnen weniger hinzuf\u00fcgen und weniger weglassen als was wir mit unseren Produkten bereits erzielt haben?\u201d Bevor wir uns entschieden haben f\u00fcr den neuen 717 Stereoverst\u00e4rker eine komplett neuartige und innovative Verst\u00e4rker-Topologie zu verwenden, haben unsere Ingenieure \u00fcberpr\u00fcft wie weit die [&hellip;]<\/p>\n","protected":false},"author":2,"featured_media":0,"parent":0,"menu_order":0,"comment_status":"closed","ping_status":"closed","template":"","meta":{"_genesis_hide_title":false,"_genesis_hide_breadcrumbs":false,"_genesis_hide_singular_image":false,"_genesis_hide_footer_widgets":false,"_genesis_custom_body_class":"","_genesis_custom_post_class":"","_genesis_layout":"","footnotes":""},"categories":[],"tags":[],"class_list":{"0":"post-2147","1":"page","2":"type-page","3":"status-publish","5":"entry"},"featured_image_src":null,"featured_image_src_square":null,"_links":{"self":[{"href":"https:\/\/soulution-audio.com\/de\/wp-json\/wp\/v2\/pages\/2147","targetHints":{"allow":["GET"]}}],"collection":[{"href":"https:\/\/soulution-audio.com\/de\/wp-json\/wp\/v2\/pages"}],"about":[{"href":"https:\/\/soulution-audio.com\/de\/wp-json\/wp\/v2\/types\/page"}],"author":[{"embeddable":true,"href":"https:\/\/soulution-audio.com\/de\/wp-json\/wp\/v2\/users\/2"}],"replies":[{"embeddable":true,"href":"https:\/\/soulution-audio.com\/de\/wp-json\/wp\/v2\/comments?post=2147"}],"version-history":[{"count":4,"href":"https:\/\/soulution-audio.com\/de\/wp-json\/wp\/v2\/pages\/2147\/revisions"}],"predecessor-version":[{"id":2152,"href":"https:\/\/soulution-audio.com\/de\/wp-json\/wp\/v2\/pages\/2147\/revisions\/2152"}],"wp:attachment":[{"href":"https:\/\/soulution-audio.com\/de\/wp-json\/wp\/v2\/media?parent=2147"}],"wp:term":[{"taxonomy":"category","embeddable":true,"href":"https:\/\/soulution-audio.com\/de\/wp-json\/wp\/v2\/categories?post=2147"},{"taxonomy":"post_tag","embeddable":true,"href":"https:\/\/soulution-audio.com\/de\/wp-json\/wp\/v2\/tags?post=2147"}],"curies":[{"name":"wp","href":"https:\/\/api.w.org\/{rel}","templated":true}]}}