{"id":1973,"date":"2024-03-15T16:49:46","date_gmt":"2024-03-15T16:49:46","guid":{"rendered":"https:\/\/soulution-audio.com\/?page_id=1973"},"modified":"2024-03-15T20:13:00","modified_gmt":"2024-03-15T20:13:00","slug":"757-deempahsis-preamplifier","status":"publish","type":"page","link":"https:\/\/soulution-audio.com\/de\/757-deempahsis-preamplifier\/","title":{"rendered":"757 Deemphasis Vorverst\u00e4rker"},"content":{"rendered":"\n<figure class=\"wp-block-image size-large\"><img loading=\"lazy\" decoding=\"async\" width=\"1024\" height=\"462\" src=\"https:\/\/soulution-audio.com\/wp-content\/uploads\/2024\/03\/soulution_757_2304_007-1024x462.jpg\" alt=\"\" class=\"wp-image-1963\" srcset=\"https:\/\/soulution-audio.com\/wp-content\/uploads\/2024\/03\/soulution_757_2304_007-1024x462.jpg 1024w, https:\/\/soulution-audio.com\/wp-content\/uploads\/2024\/03\/soulution_757_2304_007-300x135.jpg 300w, https:\/\/soulution-audio.com\/wp-content\/uploads\/2024\/03\/soulution_757_2304_007-768x347.jpg 768w, https:\/\/soulution-audio.com\/wp-content\/uploads\/2024\/03\/soulution_757_2304_007-1536x694.jpg 1536w, https:\/\/soulution-audio.com\/wp-content\/uploads\/2024\/03\/soulution_757_2304_007.jpg 2000w\" sizes=\"auto, (max-width: 1024px) 100vw, 1024px\" \/><\/figure>\n\n\n\n<div style=\"color:#ddd\" class=\"wp-block-genesis-blocks-gb-spacer gb-block-spacer gb-divider-solid gb-divider-size-1\"><hr style=\"height:30px\"\/><\/div>\n\n\n\n<h1 class=\"wp-block-heading has-accent-color has-text-color\">What a difference precision makes!<\/h1>\n\n\n\n<p>soulutions neuer Referenz-Deemphasis-Vorverst\u00e4rker kann an alle analogen Quellen angeschlossen werden und setzt neue Ma\u00dfst\u00e4be in Bezug auf Rauschen, Phasenfehler, Gleichtaktunterdr\u00fcckung und Verzerrung.<\/p>\n\n\n\n<div style=\"color:#ddd\" class=\"wp-block-genesis-blocks-gb-spacer gb-block-spacer gb-divider-solid gb-divider-size-1\"><hr style=\"height:30px\"\/><\/div>\n\n\n\n<h4 class=\"wp-block-heading\">Eing\u00e4nge f\u00fcrr MM, MC, tape head<\/h4>\n\n\n\n<p>Mit seiner innovativen Eingangsstufe erm\u00f6glicht der Deemphasis-Vorverst\u00e4rker 757 eine herausragende Gleichtaktunterdr\u00fcckung, ohne dabei die Eingangsstufe durch Rauschen zu beeintr\u00e4chtigen. Dies wird durch parallel geschaltete Instrumentenverst\u00e4rker erreicht, die f\u00fcr eine gro\u00dfe Bandbreite (2 MHz), geringstes Rauschen (Rauschdichte &lt; -170 dBV\/ ) und optimale Gleichtaktunterdr\u00fcckung (CMMR &gt;100 dB) ausgelegt sind. Dies gew\u00e4hrleistet, dass selbst die schw\u00e4chsten Musiksignale vom 757 Deemphasis-Vorverst\u00e4rker korrekt empfangen werden k\u00f6nnen. Durch die einstellbare Abschlussimpedanz kann der Eingang sehr genau an Ihr Magnettonabnehmersystem angepasst werden.<br>Wenn der 757 als Tonbandkopf-Eingang konfiguriert ist, wird sein Tonbandkopf-Kalibrierungsnetzwerk aktiviert, welches es erm\u00f6glicht, Roll-Offs zu kompensieren, die durch Imperfektionen des Tonbandkopfes verursacht werden.<\/p>\n\n\n\n<h4 class=\"wp-block-heading\">Eingang f\u00fcr optische Tonabnehmer<\/h4>\n\n\n\n<p>Einer der Eing\u00e4nge des 757 ist f\u00fcr die optischen Tonabnehmer von DS Audio reserviert. Der 757 Deemphasis-Vorverst\u00e4rker verf\u00fcgt \u00fcber einen Breitband-Transimpedanzverst\u00e4rker f\u00fcr den optimalen Empfang der Ausgangssignale (Strom) optischer Tonabnehmer.<\/p>\n\n\n\n<h4 class=\"wp-block-heading\">Gain-Kontrolle<\/h4>\n\n\n\n<p>Schnelle und rauscharme Operationsverst\u00e4rker bilden zusammen mit relaisgeschalteten, hochpr\u00e4zisen Metallfolienwiderst\u00e4nden eine 80-stufige (1 dB) Verst\u00e4rkungsregelung. Jeder Kanal verf\u00fcgt \u00fcber einen eigenen Verst\u00e4rkungsregler, der auch die Einstellung der Balance erm\u00f6glicht. Zur Vermeidung unangenehmer Klickger\u00e4usche oder sch\u00e4dlicher Spannungsspitzen w\u00e4hrend der Verst\u00e4rkungsanpassung ist der 757 Deemphasis-Vorverst\u00e4rker mit einem zweiten Verst\u00e4rkungsregelungspfad ausgestattet, der nur w\u00e4hrend der Verst\u00e4rkungsanpassung aktiv ist. Diese sekund\u00e4re, IC-basierte Verst\u00e4rkungsregelung \u00e4ndert die Verst\u00e4rkung ohne Klick- oder Knackger\u00e4usche. Sobald die neue Verst\u00e4rkung eingestellt ist, schaltet der 757 auf den klanglich hochwertigeren Pfad zur\u00fcck.<br><\/p>\n\n\n\n<h4 class=\"wp-block-heading\">Deemphasis Kurven<\/h4>\n\n\n\n<p>Die 757 bietet eine breite Palette von Deemphasis-Kurven.<\/p>\n\n\n\n<p>Phono:&nbsp;&nbsp;&nbsp;&nbsp;&nbsp; RIAA, DECCA, COLUMBIA, LONDON, TELDEC, NARTB<br>Tape:&nbsp;&nbsp;&nbsp;&nbsp;&nbsp;&nbsp;&nbsp;&nbsp; IEC2-30ips, IEC1-15ips, IEC1-7.5ips, NAB-15ips<\/p>\n\n\n\n<p>Die Verwendung von sehr schnellen Verst\u00e4rkerstufen sorgt f\u00fcr eine hochpr\u00e4zise Wiedergabe der gew\u00e4hlten Entzerrungskurve (\u00b10,05dB, 20Hz bis 200kHz).<br><\/p>\n\n\n\n<h4 class=\"wp-block-heading\">Ausgangsstufe<\/h4>\n\n\n\n<p>Die Class-A Ausgangsstufe wurde auf Schnelligkeit, Pr\u00e4zision und Stromlieferf\u00e4higkeit optimiert. Dank ihres niedrigen Ausgangswiderstands verh\u00e4lt sich die Ausgangsstufe an jeder Last stabil (auch lange Kabel k\u00f6nnen problemlos betrieben werden). Mit einer Frequenzbandbreite von 20 MHz (-3 dB) und damit einhergehender minimaler Phasenverschiebung im Audioband werden alle Details der Musik naturgetreu abgebildet. Es entsteht ein dreidimensionales r\u00e4umliches Klangvergn\u00fcgen voller Musikalit\u00e4t und nat\u00fcrlicher Klangfarben. Die schiere Kraft der Ausgangsstufe garantiert, dass der Detailreichtum der Musik auch bei Ihrem Endverst\u00e4rker ankommt.<br><\/p>\n\n\n\n<h4 class=\"wp-block-heading\">Distributed Local Power Supply:<\/h4>\n\n\n\n<p>Basis f\u00fcr das Dual-Mono Netzteil bildet ein rauscharmes Schaltnetzteil (SMPS) welches die Netzspannung in eine DC-Zwischenspannung wandelt. Effiziente DC-DC Wandler und nachgeschaltete, extrem rauscharme und schnelle Linearregler erzeugen die ben\u00f6tigten Versorgungsspannungen. In unmittelbarer N\u00e4he der Verbraucher (OpAmp, Transistor, etc.) kommen zus\u00e4tzlich lokale Linearregler zum Einsatz. Dies garantiert niedrigstes Rauschen und k\u00fcrzeste Signalwege. Grosse Siebkondensatoren, wie \u00fcblicherweise f\u00fcr lineare Netzteile mit Transformator und Gleichrichter zur Unterdr\u00fcckung der Netzfrequenz und der harmonischen Oberwellen verwendet, werden somit nicht mehr ben\u00f6tigt.<\/p>\n\n\n\n<h4 class=\"wp-block-heading\">Spezifikationen<\/h4>\n\n\n\n<table id=\"tablepress-34\" class=\"tablepress tablepress-id-34\">\n<tbody class=\"row-striping row-hover\">\n<tr class=\"row-1\">\n\t<td class=\"column-1\">Mains<\/td><td class=\"column-2\">100 \u2013 240 V (50 \u2013 60 Hz)<\/td>\n<\/tr>\n<tr class=\"row-2\">\n\t<td class=\"column-1\">Power consumption<\/td><td class=\"column-2\">< 0.5 W standby<br \/>\n60 W device in operation<\/td>\n<\/tr>\n<tr class=\"row-3\">\n\t<td class=\"column-1\">Inputs<\/td><td class=\"column-2\">2 \u00d7 MC, MM or tape head (RCA &amp; XLR)<br \/>\n1 \u00d7 DS audio optical (RCA)<\/td>\n<\/tr>\n<tr class=\"row-4\">\n\t<td class=\"column-1\">Input impedance<\/td><td class=\"column-2\">MC: 10 \u03a9 \u2013 1000 \u03a9<br \/>\nMM: 47 k\u03a9 and 0 \u2013 750 pF<br \/>\nTape head: 20 k\u03a9 - 100 k\u03a9 and 0 \u2013 750 pF <\/td>\n<\/tr>\n<tr class=\"row-5\">\n\t<td class=\"column-1\">Accuracy of deemphasis (20Hz \u2013 200kHz)<\/td><td class=\"column-2\">\u00b10.05 dB<\/td>\n<\/tr>\n<tr class=\"row-6\">\n\t<td class=\"column-1\">Frequency response (\u2013 3 dB to deemph)<\/td><td class=\"column-2\">0 \u2013 2 MHz<\/td>\n<\/tr>\n<tr class=\"row-7\">\n\t<td class=\"column-1\">THD<\/td><td class=\"column-2\">not measurable<\/td>\n<\/tr>\n<tr class=\"row-8\">\n\t<td class=\"column-1\">Spot noise (input related)<\/td><td class=\"column-2\">< -170 dBV\/\u221aHz<\/td>\n<\/tr>\n<tr class=\"row-9\">\n\t<td class=\"column-1\">Common mode rejection ratio (CMRR)<\/td><td class=\"column-2\">>100 dB<\/td>\n<\/tr>\n<tr class=\"row-10\">\n\t<td class=\"column-1\">Channel separation<\/td><td class=\"column-2\">>100 dB<\/td>\n<\/tr>\n<tr class=\"row-11\">\n\t<td class=\"column-1\">Gain (max)<\/td><td class=\"column-2\">-40dB to +80dB for MC<br \/>\n-40dB to +60dB for MM<br \/>\n-40dB to +70dB for Tape<br \/>\n-40dB to +120dB for Optical<\/td>\n<\/tr>\n<tr class=\"row-12\">\n\t<td class=\"column-1\">Outputs<\/td><td class=\"column-2\">2 \u00d7 balanced (XLR)<br \/>\n1 \u00d7 unbalanced (RCA)<\/td>\n<\/tr>\n<tr class=\"row-13\">\n\t<td class=\"column-1\">Output impedance<\/td><td class=\"column-2\">0.8 \u03a9  balanced (XLR)<br \/>\n0.4 \u03a9 unbalanced (RCA)<\/td>\n<\/tr>\n<tr class=\"row-14\">\n\t<td class=\"column-1\">Output voltage max<\/td><td class=\"column-2\">16 V<sub>pp<\/sub> balanced (XLR)<br \/>\n8 V<sub>pp<\/sub> unbalanced (RCA)<\/td>\n<\/tr>\n<tr class=\"row-15\">\n\t<td class=\"column-1\">Output current max.<\/td><td class=\"column-2\">0.5 A<\/td>\n<\/tr>\n<tr class=\"row-16\">\n\t<td class=\"column-1\">Dimensions<\/td><td class=\"column-2\">480 \u00d7 167 \u00d7 450 mm<br\/>(W \u00d7 H \u00d7 D)<\/td>\n<\/tr>\n<tr class=\"row-17\">\n\t<td class=\"column-1\">Weight<\/td><td class=\"column-2\">approx. 30 kg<\/td>\n<\/tr>\n<tr class=\"row-18\">\n\t<td class=\"column-1\">LINK (remote turn-on)<\/td><td class=\"column-2\">12 V control signal<\/td>\n<\/tr>\n<\/tbody>\n<\/table>\n<!-- #tablepress-34 from cache -->\n\n\n\n<div style=\"color:#ddd\" class=\"wp-block-genesis-blocks-gb-spacer gb-block-spacer gb-divider-solid gb-divider-size-1\"><hr style=\"height:30px\"\/><\/div>\n\n\n\n<figure class=\"wp-block-image size-large\"><img loading=\"lazy\" decoding=\"async\" width=\"1024\" height=\"462\" src=\"https:\/\/soulution-audio.com\/wp-content\/uploads\/2024\/03\/soulution_757_2304_002-1024x462.jpg\" alt=\"\" class=\"wp-image-1961\" srcset=\"https:\/\/soulution-audio.com\/wp-content\/uploads\/2024\/03\/soulution_757_2304_002-1024x462.jpg 1024w, https:\/\/soulution-audio.com\/wp-content\/uploads\/2024\/03\/soulution_757_2304_002-300x135.jpg 300w, https:\/\/soulution-audio.com\/wp-content\/uploads\/2024\/03\/soulution_757_2304_002-768x347.jpg 768w, https:\/\/soulution-audio.com\/wp-content\/uploads\/2024\/03\/soulution_757_2304_002-1536x694.jpg 1536w, https:\/\/soulution-audio.com\/wp-content\/uploads\/2024\/03\/soulution_757_2304_002.jpg 2000w\" sizes=\"auto, (max-width: 1024px) 100vw, 1024px\" \/><\/figure>\n","protected":false},"excerpt":{"rendered":"<p>What a difference precision makes! soulutions neuer Referenz-Deemphasis-Vorverst\u00e4rker kann an alle analogen Quellen angeschlossen werden und setzt neue Ma\u00dfst\u00e4be in Bezug auf Rauschen, Phasenfehler, Gleichtaktunterdr\u00fcckung und Verzerrung. Eing\u00e4nge f\u00fcrr MM, MC, tape head Mit seiner innovativen Eingangsstufe erm\u00f6glicht der Deemphasis-Vorverst\u00e4rker 757 eine herausragende Gleichtaktunterdr\u00fcckung, ohne dabei die Eingangsstufe durch Rauschen zu beeintr\u00e4chtigen. Dies wird durch [&hellip;]<\/p>\n","protected":false},"author":2,"featured_media":0,"parent":0,"menu_order":0,"comment_status":"closed","ping_status":"closed","template":"","meta":{"_genesis_hide_title":false,"_genesis_hide_breadcrumbs":false,"_genesis_hide_singular_image":false,"_genesis_hide_footer_widgets":false,"_genesis_custom_body_class":"","_genesis_custom_post_class":"","_genesis_layout":"","footnotes":""},"categories":[86],"tags":[],"class_list":{"0":"post-1973","1":"page","2":"type-page","3":"status-publish","5":"category-757-de","6":"entry"},"featured_image_src":null,"featured_image_src_square":null,"_links":{"self":[{"href":"https:\/\/soulution-audio.com\/de\/wp-json\/wp\/v2\/pages\/1973","targetHints":{"allow":["GET"]}}],"collection":[{"href":"https:\/\/soulution-audio.com\/de\/wp-json\/wp\/v2\/pages"}],"about":[{"href":"https:\/\/soulution-audio.com\/de\/wp-json\/wp\/v2\/types\/page"}],"author":[{"embeddable":true,"href":"https:\/\/soulution-audio.com\/de\/wp-json\/wp\/v2\/users\/2"}],"replies":[{"embeddable":true,"href":"https:\/\/soulution-audio.com\/de\/wp-json\/wp\/v2\/comments?post=1973"}],"version-history":[{"count":7,"href":"https:\/\/soulution-audio.com\/de\/wp-json\/wp\/v2\/pages\/1973\/revisions"}],"predecessor-version":[{"id":1983,"href":"https:\/\/soulution-audio.com\/de\/wp-json\/wp\/v2\/pages\/1973\/revisions\/1983"}],"wp:attachment":[{"href":"https:\/\/soulution-audio.com\/de\/wp-json\/wp\/v2\/media?parent=1973"}],"wp:term":[{"taxonomy":"category","embeddable":true,"href":"https:\/\/soulution-audio.com\/de\/wp-json\/wp\/v2\/categories?post=1973"},{"taxonomy":"post_tag","embeddable":true,"href":"https:\/\/soulution-audio.com\/de\/wp-json\/wp\/v2\/tags?post=1973"}],"curies":[{"name":"wp","href":"https:\/\/api.w.org\/{rel}","templated":true}]}}