{"id":1943,"date":"2024-03-20T11:00:00","date_gmt":"2024-03-20T11:00:00","guid":{"rendered":"https:\/\/soulution-audio.com\/?page_id=1943"},"modified":"2024-03-25T12:30:16","modified_gmt":"2024-03-25T12:30:16","slug":"360-dac","status":"publish","type":"page","link":"https:\/\/soulution-audio.com\/de\/360-dac\/","title":{"rendered":"360 DAC"},"content":{"rendered":"\n<figure class=\"wp-block-image size-large\" id=\"block-7c1ceeed-bb47-4382-8daf-5bf552224265\"><img loading=\"lazy\" decoding=\"async\" width=\"1024\" height=\"436\" src=\"https:\/\/soulution-audio.com\/wp-content\/uploads\/2024\/03\/soulution_360_2403_008-1024x436.jpg\" alt=\"\" class=\"wp-image-2021\" srcset=\"https:\/\/soulution-audio.com\/wp-content\/uploads\/2024\/03\/soulution_360_2403_008-1024x436.jpg 1024w, https:\/\/soulution-audio.com\/wp-content\/uploads\/2024\/03\/soulution_360_2403_008-300x128.jpg 300w, https:\/\/soulution-audio.com\/wp-content\/uploads\/2024\/03\/soulution_360_2403_008-768x327.jpg 768w, https:\/\/soulution-audio.com\/wp-content\/uploads\/2024\/03\/soulution_360_2403_008-600x255.jpg 600w, https:\/\/soulution-audio.com\/wp-content\/uploads\/2024\/03\/soulution_360_2403_008.jpg 1140w\" sizes=\"auto, (max-width: 1024px) 100vw, 1024px\" \/><\/figure>\n\n\n\n<p>Was an der Quelle verloren geht, k\u00f6nnen weder ein Verst\u00e4rker noch ein Lautsprecher je wiedergutmachen. Die Qualit\u00e4t der Aufnahme und des Signallieferanten sind von fundamentaler Bedeutung f\u00fcr High Fidelity. Der 360 D\/A-Wandler erf\u00fcllt genau diese Aufgabe mit Bravour. Nichts weglassen, nichts hinzuf\u00fcgen!<\/p>\n\n\n\n<h4 class=\"wp-block-heading\" id=\"block-04dede20-665b-40cd-9303-fd0ab65b25cb\">Highlights<\/h4>\n\n\n\n<p>Mit seinen 4 digitalen Eing\u00e4ngen (SPDIF, AES\/EBU, Netzwerk, USB) bietet der 326 Anschlussm\u00f6glichkeiten f\u00fcr eine breite Auswahl an digitalen Quellen. Ein leistungsstarker DSP wandelt alle eingehenden digitalen Musiksignale in das DXD-Format um, f\u00fchrt die ZeroPhase-Verarbeitung und die LEEDH-Lautst\u00e4rkeregelung durch. Ein PCM1792 in Mono-Konfiguration je Kanal sorgt f\u00fcr die Digital-Analog-Wandlung der Musiksignale. F\u00fcr optimale Ergebnisse wird die interne digitale Filterung des Chips umgangen. F\u00fcr das passive Rekonstruktionsfilter kommen massgefertigte Hochpr\u00e4zisionsbauteile zum Einsatz, die eine stabile Filtercharakteristik gew\u00e4hrleisten, Voraussetzung f\u00fcr eine perfekte Kompensation mit der zeroPhase-Technologie.<\/p>\n\n\n\n<p><strong>zero\u03c6tech<\/strong><br>Alle D\/A-Wandler ben\u00f6tigen einen analogen Tiefpassfilter an ihrem Ausgang, um hochfrequentes Rauschen und Aliasing-Signale zu unterdr\u00fccken. Kleinste Zeitfehler, die durch dieses Filter entstehen, werden mit der zeroPhase Technologie eliminiert.<\/p>\n\n\n\n<p><strong>LEEDH Lautst\u00e4rkeregelung<\/strong><br>Digitale Lautst\u00e4rkeregler leiden unter Rundungsfehlern, wenn sie den Pegel des Musiksignals reduzieren. Die auf der LEEDH-Verarbeitung basierende Lautst\u00e4rkeregelung des 360 vermindert diese Fehler erheblich.<\/p>\n\n\n\n<p id=\"block-4d6ad918-d9eb-467e-a9c1-8ddb6f66ccb5\"><strong>Bedienung<\/strong><br>Die Bedienung des 360 erfolgt \u00fcber drei Tasten und einen Drehregler auf der Frontplatte. Zahlreiche Konfigurationsfunktionen erm\u00f6glichen die Optimierung des gesamten Audiosystems und eine ideale Einstellung der einzelnen Komponenten. Alle Betriebszust\u00e4nde werden auf dem \u00fcbersichtlichen Display angezeigt.<\/p>\n\n\n\n<h4 class=\"wp-block-heading\" id=\"block-31eda3ce-f8dd-46f8-b5c7-7fdd880c8887\">Specifications<\/h4>\n\n\n\n<p>Shortcode\n<table id=\"tablepress-33\" class=\"tablepress tablepress-id-33\">\n<tbody>\n<tr class=\"row-1\">\n\t<td class=\"column-1\">Mains<\/td><td class=\"column-2\">100 \u2013 240 V (50 \u2013 60 Hz) <\/td>\n<\/tr>\n<tr class=\"row-2\">\n\t<td class=\"column-1\">Power consumption<\/td><td class=\"column-2\">< 0.5 W, Standby <br \/>\n~ 30 W,  ON<\/td>\n<\/tr>\n<tr class=\"row-3\">\n\t<td class=\"column-1\">Digital inputs<\/td><td class=\"column-2\">1 \u00d7 AES\/EBU (110 \u03a9)<br \/>\n1 \u00d7 SPDIF (75 \u03a9)<br \/>\n1 \u00d7 USB<br \/>\n1 \u00d7 Network<\/td>\n<\/tr>\n<tr class=\"row-4\">\n\t<td class=\"column-1\">Input formats PCM<\/td><td class=\"column-2\">16-24bit<br \/>\n32-192kHz<br \/>\nDXD (24bit, 384kHz) for network input<\/td>\n<\/tr>\n<tr class=\"row-5\">\n\t<td class=\"column-1\">Input formats DSD (DoP)<\/td><td class=\"column-2\">1bit<br \/>\n2.82- 5.64 MHz (DSD64 - DSD128)<\/td>\n<\/tr>\n<tr class=\"row-6\">\n\t<td class=\"column-1\">LINK (remote turn-on)<\/td><td class=\"column-2\">2 x phone jack (3.5mm)<\/td>\n<\/tr>\n<tr class=\"row-7\">\n\t<td class=\"column-1\">Volume control<\/td><td class=\"column-2\"> \u2013 79 to + 0dB<\/td>\n<\/tr>\n<tr class=\"row-8\">\n\t<td class=\"column-1\">Frequency response (\u2013 3 dB)<\/td><td class=\"column-2\">0 \u2013 200kHz<\/td>\n<\/tr>\n<tr class=\"row-9\">\n\t<td class=\"column-1\">THD<\/td><td class=\"column-2\">< 0.0003%<\/td>\n<\/tr>\n<tr class=\"row-10\">\n\t<td class=\"column-1\">Spot noise<\/td><td class=\"column-2\">< -140 dBV\/\u221aHz<\/td>\n<\/tr>\n<tr class=\"row-11\">\n\t<td class=\"column-1\">Analog outpts<\/td><td class=\"column-2\">1 x balanced (XLR)<br \/>\n1 x unbalanced (RCA)<\/td>\n<\/tr>\n<tr class=\"row-12\">\n\t<td class=\"column-1\">Output voltage (@max. volume)<\/td><td class=\"column-2\">4 Vrms balanced (XLR)<br \/>\n2 Vrms unbalanced (RCA)<\/td>\n<\/tr>\n<tr class=\"row-13\">\n\t<td class=\"column-1\">Ouput current (Peak)<\/td><td class=\"column-2\">> 0.2 A<\/td>\n<\/tr>\n<tr class=\"row-14\">\n\t<td class=\"column-1\">Output impedance<\/td><td class=\"column-2\">10 \u03a9 balanced (XLR)<br \/>\n5 \u03a9 unbalanced (RCA)<\/td>\n<\/tr>\n<tr class=\"row-15\">\n\t<td class=\"column-1\">Dimensions (WxDxH)<\/td><td class=\"column-2\">430 x 350 x 142 mm<\/td>\n<\/tr>\n<tr class=\"row-16\">\n\t<td class=\"column-1\">Weight<\/td><td class=\"column-2\">~10kg<\/td>\n<\/tr>\n<\/tbody>\n<\/table>\n<!-- #tablepress-33 from cache --><\/p>\n\n\n\n<figure class=\"wp-block-image size-large\" id=\"block-13e4aa01-4616-4162-8b8b-c6735ed3b788\"><img loading=\"lazy\" decoding=\"async\" width=\"1024\" height=\"436\" src=\"https:\/\/soulution-audio.com\/wp-content\/uploads\/2024\/03\/soulution_360_2403_013-1024x436.jpg\" alt=\"\" class=\"wp-image-2023\" srcset=\"https:\/\/soulution-audio.com\/wp-content\/uploads\/2024\/03\/soulution_360_2403_013-1024x436.jpg 1024w, https:\/\/soulution-audio.com\/wp-content\/uploads\/2024\/03\/soulution_360_2403_013-300x128.jpg 300w, https:\/\/soulution-audio.com\/wp-content\/uploads\/2024\/03\/soulution_360_2403_013-768x327.jpg 768w, https:\/\/soulution-audio.com\/wp-content\/uploads\/2024\/03\/soulution_360_2403_013-600x255.jpg 600w, https:\/\/soulution-audio.com\/wp-content\/uploads\/2024\/03\/soulution_360_2403_013.jpg 1140w\" sizes=\"auto, (max-width: 1024px) 100vw, 1024px\" \/><\/figure>\n","protected":false},"excerpt":{"rendered":"<p>Was an der Quelle verloren geht, k\u00f6nnen weder ein Verst\u00e4rker noch ein Lautsprecher je wiedergutmachen. Die Qualit\u00e4t der Aufnahme und des Signallieferanten sind von fundamentaler Bedeutung f\u00fcr High Fidelity. Der 360 D\/A-Wandler erf\u00fcllt genau diese Aufgabe mit Bravour. Nichts weglassen, nichts hinzuf\u00fcgen! Highlights Mit seinen 4 digitalen Eing\u00e4ngen (SPDIF, AES\/EBU, Netzwerk, USB) bietet der 326 [&hellip;]<\/p>\n","protected":false},"author":2,"featured_media":0,"parent":0,"menu_order":0,"comment_status":"closed","ping_status":"closed","template":"","meta":{"_genesis_hide_title":false,"_genesis_hide_breadcrumbs":false,"_genesis_hide_singular_image":false,"_genesis_hide_footer_widgets":false,"_genesis_custom_body_class":"","_genesis_custom_post_class":"","_genesis_layout":"","footnotes":""},"categories":[],"tags":[],"class_list":{"0":"post-1943","1":"page","2":"type-page","3":"status-publish","5":"entry"},"featured_image_src":null,"featured_image_src_square":null,"_links":{"self":[{"href":"https:\/\/soulution-audio.com\/de\/wp-json\/wp\/v2\/pages\/1943","targetHints":{"allow":["GET"]}}],"collection":[{"href":"https:\/\/soulution-audio.com\/de\/wp-json\/wp\/v2\/pages"}],"about":[{"href":"https:\/\/soulution-audio.com\/de\/wp-json\/wp\/v2\/types\/page"}],"author":[{"embeddable":true,"href":"https:\/\/soulution-audio.com\/de\/wp-json\/wp\/v2\/users\/2"}],"replies":[{"embeddable":true,"href":"https:\/\/soulution-audio.com\/de\/wp-json\/wp\/v2\/comments?post=1943"}],"version-history":[{"count":3,"href":"https:\/\/soulution-audio.com\/de\/wp-json\/wp\/v2\/pages\/1943\/revisions"}],"predecessor-version":[{"id":2042,"href":"https:\/\/soulution-audio.com\/de\/wp-json\/wp\/v2\/pages\/1943\/revisions\/2042"}],"wp:attachment":[{"href":"https:\/\/soulution-audio.com\/de\/wp-json\/wp\/v2\/media?parent=1943"}],"wp:term":[{"taxonomy":"category","embeddable":true,"href":"https:\/\/soulution-audio.com\/de\/wp-json\/wp\/v2\/categories?post=1943"},{"taxonomy":"post_tag","embeddable":true,"href":"https:\/\/soulution-audio.com\/de\/wp-json\/wp\/v2\/tags?post=1943"}],"curies":[{"name":"wp","href":"https:\/\/api.w.org\/{rel}","templated":true}]}}