{"id":1942,"date":"2024-03-20T11:00:00","date_gmt":"2024-03-20T11:00:00","guid":{"rendered":"https:\/\/soulution-audio.com\/?page_id=1942"},"modified":"2024-03-25T12:29:26","modified_gmt":"2024-03-25T12:29:26","slug":"350-phonostufe","status":"publish","type":"page","link":"https:\/\/soulution-audio.com\/de\/350-phonostufe\/","title":{"rendered":"350 Phonostufe"},"content":{"rendered":"\n<figure class=\"wp-block-image size-large\" id=\"block-7c1ceeed-bb47-4382-8daf-5bf552224265\"><img loading=\"lazy\" decoding=\"async\" width=\"1024\" height=\"436\" src=\"https:\/\/soulution-audio.com\/wp-content\/uploads\/2024\/03\/soulution_350_2403_006-1024x436.jpg\" alt=\"\" class=\"wp-image-2015\" srcset=\"https:\/\/soulution-audio.com\/wp-content\/uploads\/2024\/03\/soulution_350_2403_006-1024x436.jpg 1024w, https:\/\/soulution-audio.com\/wp-content\/uploads\/2024\/03\/soulution_350_2403_006-300x128.jpg 300w, https:\/\/soulution-audio.com\/wp-content\/uploads\/2024\/03\/soulution_350_2403_006-768x327.jpg 768w, https:\/\/soulution-audio.com\/wp-content\/uploads\/2024\/03\/soulution_350_2403_006-600x255.jpg 600w, https:\/\/soulution-audio.com\/wp-content\/uploads\/2024\/03\/soulution_350_2403_006.jpg 1140w\" sizes=\"auto, (max-width: 1024px) 100vw, 1024px\" \/><\/figure>\n\n\n\n<p>Die erforderliche Verst\u00e4rkung f\u00fcr die Vinylwiedergabe zu liefern und dabei linear und phasenkorrekt zu bleiben, ist immer noch eine anspruchsvolle Aufgabe. Die neue Phonostufe 350 meistert sie mit Leichtigkeit.<\/p>\n\n\n\n<h4 class=\"wp-block-heading\" id=\"block-04dede20-665b-40cd-9303-fd0ab65b25cb\">Highlights<\/h4>\n\n\n\n<p id=\"block-9cb524b4-82b3-45fe-af36-8b41efde7d65\"><strong>Phonostufe <\/strong><br>Ein zweistufiges, aktives\/passives Design entzerrt das Eingangssignal entsprechend der RIAA-Spezifikation. Eng tolerierte, hochwertige passive Komponenten im RIAA-Netzwerk gew\u00e4hrleisten h\u00f6chste Pr\u00e4zision der erforderlichen Zeitkonstanten. Drei breitbandige, rauscharme Verst\u00e4rkerstufen sorgen f\u00fcr eine Verst\u00e4rkung von 60dB bei minimalen Abweichungen vom idealen Frequenz- und Phasengang des Systems. Die einstellbare Abschlussimpedanz (\u00fcber die Fernbedienung oder die Bedienelemente auf der Vorderseite) erm\u00f6glicht die perfekte Anpassung der 350 Phonostufe an Ihren MC-Tonabnehmer.<\/p>\n\n\n\n<p><strong>Netzteil<\/strong><br>Ein Schaltnetzteil, gefolgt von schnell schaltenden DC-DC-Wandlern und rauscharmen Linearreglern, liefert die erforderlichen Versorgungsspannungen f\u00fcr die Phonostufe 350. Schaltnetzteile liefern Versorgungsspannungen, die stabiler und rausch\u00e4rmer sind als andere Stromversorgungs-Technologien.<\/p>\n\n\n\n<p id=\"block-4d6ad918-d9eb-467e-a9c1-8ddb6f66ccb5\"><strong>Bedienung<\/strong><br>Die Bedienung der 350 Phonostufe erfolgt \u00fcber drei Tasten und einen Drehregler auf der Vorderseite. Zahlreiche Konfigurationsfunktionen erm\u00f6glichen die perfekte Ausrichtung der 350 Phonostufe auf Ihren MC-Tonabnehmer.<\/p>\n\n\n\n<h4 class=\"wp-block-heading\" id=\"block-31eda3ce-f8dd-46f8-b5c7-7fdd880c8887\">Specifications<\/h4>\n\n\n\n<p>Shortcode\n<table id=\"tablepress-32\" class=\"tablepress tablepress-id-32\">\n<tbody>\n<tr class=\"row-1\">\n\t<td class=\"column-1\">Mains<\/td><td class=\"column-2\">100 \u2013 240 V (50 \u2013 60 Hz) <\/td>\n<\/tr>\n<tr class=\"row-2\">\n\t<td class=\"column-1\">Power consumption<\/td><td class=\"column-2\">< 0.5 W, Standby <br \/>\n~ 30 W,  ON<\/td>\n<\/tr>\n<tr class=\"row-3\">\n\t<td class=\"column-1\">Phono input<br \/>\n<\/td><td class=\"column-2\">1 \u00d7 unbalanced (RCA)<\/td>\n<\/tr>\n<tr class=\"row-4\">\n\t<td class=\"column-1\">Termination impedance<\/td><td class=\"column-2\">10-1260 \u03a9 <\/td>\n<\/tr>\n<tr class=\"row-5\">\n\t<td class=\"column-1\">LINK (remote turn-on)<\/td><td class=\"column-2\">2 x phone jack (3.5mm)<\/td>\n<\/tr>\n<tr class=\"row-6\">\n\t<td class=\"column-1\">Gain (unbalanced output)<\/td><td class=\"column-2\">+60dB @ 1kHz<\/td>\n<\/tr>\n<tr class=\"row-7\">\n\t<td class=\"column-1\">Gain (balanced output)<\/td><td class=\"column-2\">+66dB @ 1kHz<\/td>\n<\/tr>\n<tr class=\"row-8\">\n\t<td class=\"column-1\">Frequency response (RIAA, -3dB)<\/td><td class=\"column-2\">0 \u2013 2MHz<\/td>\n<\/tr>\n<tr class=\"row-9\">\n\t<td class=\"column-1\">Deviation from RIAA (20Hz - 20kHz<\/td><td class=\"column-2\">< \u00b10.2 dB<\/td>\n<\/tr>\n<tr class=\"row-10\">\n\t<td class=\"column-1\">THD<\/td><td class=\"column-2\">< 0.001%<\/td>\n<\/tr>\n<tr class=\"row-11\">\n\t<td class=\"column-1\">Spot noise<\/td><td class=\"column-2\">< -160dBV\/sqrt(Hz)<\/td>\n<\/tr>\n<tr class=\"row-12\">\n\t<td class=\"column-1\">Analog outpts<\/td><td class=\"column-2\">1 x balanced (XLR)<br \/>\n1 x unbalanced (RCA)<\/td>\n<\/tr>\n<tr class=\"row-13\">\n\t<td class=\"column-1\">Ouput current (Peak)<\/td><td class=\"column-2\">> 0.2 A<\/td>\n<\/tr>\n<tr class=\"row-14\">\n\t<td class=\"column-1\">Output impedance<\/td><td class=\"column-2\">10 \u03a9 balanced (XLR)<br \/>\n5 \u03a9 unbalanced (RCA)<\/td>\n<\/tr>\n<tr class=\"row-15\">\n\t<td class=\"column-1\">Dimensions (WxDxH)<\/td><td class=\"column-2\">430 x 350 x 142 mm<\/td>\n<\/tr>\n<tr class=\"row-16\">\n\t<td class=\"column-1\">Weight<\/td><td class=\"column-2\">~10kg<\/td>\n<\/tr>\n<\/tbody>\n<\/table>\n<\/p>\n\n\n\n<figure class=\"wp-block-image size-large\" id=\"block-13e4aa01-4616-4162-8b8b-c6735ed3b788\"><img loading=\"lazy\" decoding=\"async\" width=\"1024\" height=\"436\" src=\"https:\/\/soulution-audio.com\/wp-content\/uploads\/2024\/03\/soulution_350_2403_012-1024x436.jpg\" alt=\"\" class=\"wp-image-2017\" srcset=\"https:\/\/soulution-audio.com\/wp-content\/uploads\/2024\/03\/soulution_350_2403_012-1024x436.jpg 1024w, https:\/\/soulution-audio.com\/wp-content\/uploads\/2024\/03\/soulution_350_2403_012-300x128.jpg 300w, https:\/\/soulution-audio.com\/wp-content\/uploads\/2024\/03\/soulution_350_2403_012-768x327.jpg 768w, https:\/\/soulution-audio.com\/wp-content\/uploads\/2024\/03\/soulution_350_2403_012-600x255.jpg 600w, https:\/\/soulution-audio.com\/wp-content\/uploads\/2024\/03\/soulution_350_2403_012.jpg 1140w\" sizes=\"auto, (max-width: 1024px) 100vw, 1024px\" \/><\/figure>\n","protected":false},"excerpt":{"rendered":"<p>Die erforderliche Verst\u00e4rkung f\u00fcr die Vinylwiedergabe zu liefern und dabei linear und phasenkorrekt zu bleiben, ist immer noch eine anspruchsvolle Aufgabe. Die neue Phonostufe 350 meistert sie mit Leichtigkeit. Highlights Phonostufe Ein zweistufiges, aktives\/passives Design entzerrt das Eingangssignal entsprechend der RIAA-Spezifikation. Eng tolerierte, hochwertige passive Komponenten im RIAA-Netzwerk gew\u00e4hrleisten h\u00f6chste Pr\u00e4zision der erforderlichen Zeitkonstanten. Drei [&hellip;]<\/p>\n","protected":false},"author":2,"featured_media":0,"parent":0,"menu_order":0,"comment_status":"closed","ping_status":"closed","template":"","meta":{"_genesis_hide_title":false,"_genesis_hide_breadcrumbs":false,"_genesis_hide_singular_image":false,"_genesis_hide_footer_widgets":false,"_genesis_custom_body_class":"","_genesis_custom_post_class":"","_genesis_layout":"","footnotes":""},"categories":[84],"tags":[],"class_list":{"0":"post-1942","1":"page","2":"type-page","3":"status-publish","5":"category-350-de","6":"entry"},"featured_image_src":null,"featured_image_src_square":null,"_links":{"self":[{"href":"https:\/\/soulution-audio.com\/de\/wp-json\/wp\/v2\/pages\/1942","targetHints":{"allow":["GET"]}}],"collection":[{"href":"https:\/\/soulution-audio.com\/de\/wp-json\/wp\/v2\/pages"}],"about":[{"href":"https:\/\/soulution-audio.com\/de\/wp-json\/wp\/v2\/types\/page"}],"author":[{"embeddable":true,"href":"https:\/\/soulution-audio.com\/de\/wp-json\/wp\/v2\/users\/2"}],"replies":[{"embeddable":true,"href":"https:\/\/soulution-audio.com\/de\/wp-json\/wp\/v2\/comments?post=1942"}],"version-history":[{"count":3,"href":"https:\/\/soulution-audio.com\/de\/wp-json\/wp\/v2\/pages\/1942\/revisions"}],"predecessor-version":[{"id":2041,"href":"https:\/\/soulution-audio.com\/de\/wp-json\/wp\/v2\/pages\/1942\/revisions\/2041"}],"wp:attachment":[{"href":"https:\/\/soulution-audio.com\/de\/wp-json\/wp\/v2\/media?parent=1942"}],"wp:term":[{"taxonomy":"category","embeddable":true,"href":"https:\/\/soulution-audio.com\/de\/wp-json\/wp\/v2\/categories?post=1942"},{"taxonomy":"post_tag","embeddable":true,"href":"https:\/\/soulution-audio.com\/de\/wp-json\/wp\/v2\/tags?post=1942"}],"curies":[{"name":"wp","href":"https:\/\/api.w.org\/{rel}","templated":true}]}}