{"id":1941,"date":"2024-03-20T11:00:00","date_gmt":"2024-03-20T11:00:00","guid":{"rendered":"https:\/\/soulution-audio.com\/?page_id=1941"},"modified":"2024-07-18T12:21:23","modified_gmt":"2024-07-18T12:21:23","slug":"331-vollverstaerker","status":"publish","type":"page","link":"https:\/\/soulution-audio.com\/de\/331-vollverstaerker\/","title":{"rendered":"331 Vollverst\u00e4rker"},"content":{"rendered":"\n<figure class=\"wp-block-image size-large\"><img loading=\"lazy\" decoding=\"async\" width=\"1024\" height=\"436\" src=\"https:\/\/soulution-audio.com\/wp-content\/uploads\/2024\/03\/soulution_331_2403_011-1024x436.jpg\" alt=\"\" class=\"wp-image-2009\" srcset=\"https:\/\/soulution-audio.com\/wp-content\/uploads\/2024\/03\/soulution_331_2403_011-1024x436.jpg 1024w, https:\/\/soulution-audio.com\/wp-content\/uploads\/2024\/03\/soulution_331_2403_011-300x128.jpg 300w, https:\/\/soulution-audio.com\/wp-content\/uploads\/2024\/03\/soulution_331_2403_011-768x327.jpg 768w, https:\/\/soulution-audio.com\/wp-content\/uploads\/2024\/03\/soulution_331_2403_011-600x255.jpg 600w, https:\/\/soulution-audio.com\/wp-content\/uploads\/2024\/03\/soulution_331_2403_011.jpg 1140w\" sizes=\"auto, (max-width: 1024px) 100vw, 1024px\" \/><\/figure>\n\n\n\n<p>Mehr Leistungsreserven und weniger Phasenverschiebung im Audioband lassen den 331 noch lebensechter klingen als seinen Vorg\u00e4nger. Genie\u00dfen Sie den reinen und kraftvollen Klang dieser Musikmaschine.<\/p>\n\n\n\n<h4 class=\"wp-block-heading\">Highlights<\/h4>\n\n\n\n<p><strong>Philosophy<\/strong><br>Die meisten Vollverst\u00e4rker vereinen die Funktionen der Lautst\u00e4rkeregelung, der Quellenwahl und der Verst\u00e4rkung in einer einzigen Schaltung. Nicht so der soulution 331 Vollverst\u00e4rker. Er beschreitet den kompromisslosen Weg der getrennten Schaltungen und vereint einen dedizierten Vorverst\u00e4rker, eine dedizierte Endstufe, eine erstklassige Phonostufe und einen exquisiten D\/A-Wandler in einem Geh\u00e4use. Er ist ein echtes soulution-Produkt &#8211; ein wirklich gro\u00dfartiger Verst\u00e4rker.<\/p>\n\n\n\n<p><strong>Neues Netzteil<\/strong><br>Vier neue, hochmoderne Schaltnetzteilmodule stellen eine Dauerleistung von 1.200 VA f\u00fcr die Leistungsverst\u00e4rkersektion bereit, mit einer Spitzenleistung von bis zu 4.200 VA f\u00fcr mehr als 5 Sekunden. Die Module verf\u00fcgen \u00fcber eine leistungsstarke Filterung am Ein- und Ausgang sowie \u00fcber Hochgeschwindigkeits-Soulution-Spannungsregler, die eine wesentlich stabilere Leistung liefern als jede herk\u00f6mmliche transformatorbasierte Technologie.<\/p>\n\n\n\n<p><strong>Leistungsverst\u00e4rker<\/strong><br>Die Verst\u00e4rkerschaltung des 331 basiert auf der Technologie, die in unseren Verst\u00e4rkern der Serie 5 verwendet wird. Die Stromverst\u00e4rkung erfolgt in drei Stufen, die jeweils einen engen, nahezu linearen Arbeitsbereich haben. <\/p>\n\n\n\n<p><strong>Vorverst\u00e4rker und Lautst\u00e4rkeregelung<\/strong><br>Hochpr\u00e4zise Metallfolienwiderst\u00e4nde, die \u00fcber Relais geschaltet werden, bilden einen 80-stufigen (1 dB) Lautst\u00e4rkeregler. Zur Vermeidung unangenehmer Klickger\u00e4usche oder sch\u00e4dlicher Spannungsspitzen w\u00e4hrend der Lautst\u00e4rkeregelung verf\u00fcgt der 331 \u00fcber einen zweiten Lautst\u00e4rkeregelpfad, der nur w\u00e4hrend der Lautst\u00e4rkeregelung aktiv ist. Dieser sekund\u00e4re, IC-basierte Lautst\u00e4rkeregler \u00e4ndert die Lautst\u00e4rke ohne Klick- oder Knackger\u00e4usche. Ist die Lautst\u00e4rke neu eingestellt, schaltet der 331 auf den klanglich \u00fcberlegenen Pfad mit seinen hochpr\u00e4zisen Metallfolienwiderst\u00e4nden zur\u00fcck. Die Frequenzbandbreite der Vorverst\u00e4rkersektion konnte auf mehr als 2MHz (-3dB) erweitert werden, wodurch die Phasenverschiebung im Audioband deutlich reduziert wird.<\/p>\n\n\n\n<p><strong>Phono stage (optional)<\/strong><br>Ein zweistufiges, aktives\/passives Design entzerrt das Eingangssignal entsprechend der RIAA-Spezifikationen. Hochwertige passive Komponenten mit engen Toleranzen gew\u00e4hrleisten h\u00f6chste Pr\u00e4zision der geforderten Zeitkonstanten im RIAA-Netzwerk. Drei breitbandige, rauscharme Verst\u00e4rkerstufen sorgen f\u00fcr eine Verst\u00e4rkung von 60dB bei minimalen Abweichungen vom idealen Frequenz- und Phasengang des Systems. Die \u00fcber die Fernbedienung oder die Bedienelemente an der Vorderseite einstellbare Abschlussimpedanz erm\u00f6glicht die perfekte Anpassung Phonostufe an Ihren MC-Tonabnehmer.<\/p>\n\n\n\n<p><strong>DAC (optional)<\/strong><br>Mit seinen 4 digitalen Eing\u00e4ngen (SPDIF, AES\/EBU, Netzwerk, USB) bietet der 326 Anschlussm\u00f6glichkeiten f\u00fcr eine breite Auswahl an digitalen Quellen. Ein leistungsstarker DSP wandelt alle eingehenden digitalen Musiksignale in das DXD-Format um, f\u00fchrt die ZeroPhase-Verarbeitung und die LEEDH-Lautst\u00e4rkeregelung durch. Ein PCM1792 in Mono-Konfiguration je Kanal sorgt f\u00fcr die Digital-Analog-Wandlung der Musiksignale. F\u00fcr optimale Ergebnisse wird die interne digitale Filterung des Chips umgangen. F\u00fcr das passive Rekonstruktionsfilter kommen massgefertigte Hochpr\u00e4zisionsbauteile zum Einsatz, die eine stabile Filtercharakteristik gew\u00e4hrleisten, Voraussetzung f\u00fcr eine perfekte Kompensation mit der zeroPhase-Technologie.<\/p>\n\n\n\n<p id=\"block-4d6ad918-d9eb-467e-a9c1-8ddb6f66ccb5\"><strong>Bedienung<\/strong><br>Die Bedienung des 331 Vollverst\u00e4rkers erfolgt \u00fcber drei Tasten und einen Drehregler auf der Frontplatte. Zahlreiche Konfigurationsfunktionen erm\u00f6glichen die Optimierung des gesamten Audiosystems und eine ideale Abstimmung der einzelnen Komponenten. Alle Betriebszust\u00e4nde werden auf dem \u00fcbersichtlichen Display angezeigt.<\/p>\n\n\n\n<h4 class=\"wp-block-heading\">Specifications<\/h4>\n\n\n\n<table id=\"tablepress-29\" class=\"tablepress tablepress-id-29\">\n<tbody>\n<tr class=\"row-1\">\n\t<td class=\"column-1\">Mains<\/td><td class=\"column-2\">100 \u2013 240 V (50 \u2013 60 Hz) <\/td>\n<\/tr>\n<tr class=\"row-2\">\n\t<td class=\"column-1\">Power consumption<\/td><td class=\"column-2\">< 0.5 W Standby <br \/>\nidle 110W<\/td>\n<\/tr>\n<tr class=\"row-3\">\n\t<td class=\"column-1\">Analog inputs<\/td><td class=\"column-2\">2 \u00d7 balanced (XLR) <br \/>\n2 \u00d7 unbalanced (RCA) <\/td>\n<\/tr>\n<tr class=\"row-4\">\n\t<td class=\"column-1\">Input impedance\u00a0<\/td><td class=\"column-2\">5.8 k\u03a9 balanced (XLR) <br \/>\n4.9 k\u03a9 unbalanced (RCA)<\/td>\n<\/tr>\n<tr class=\"row-5\">\n\t<td class=\"column-1\">Phono input (optional)<br \/>\n- Termination impedance<\/td><td class=\"column-2\">1 \u00d7 unbalanced (RCA)<br \/>\n20-1260 \u03a9<\/td>\n<\/tr>\n<tr class=\"row-6\">\n\t<td class=\"column-1\">Digital inputs (optional)<\/td><td class=\"column-2\">1 \u00d7 AES\/EBU<br \/>\n1 \u00d7 SPDIF<br \/>\n1 \u00d7 USB<br \/>\n1 \u00d7 Network<\/td>\n<\/tr>\n<tr class=\"row-7\">\n\t<td class=\"column-1\">LINK (remote turn-on)<\/td><td class=\"column-2\">2 x phone jack (3.5mm)<\/td>\n<\/tr>\n<tr class=\"row-8\">\n\t<td class=\"column-1\">Pre-Out<\/td><td class=\"column-2\">1 x balanced (XLR)<\/td>\n<\/tr>\n<tr class=\"row-9\">\n\t<td class=\"column-1\">Loudspeaker<\/td><td class=\"column-2\">2 pair loudspeaker binding posts<\/td>\n<\/tr>\n<tr class=\"row-10\">\n\t<td class=\"column-1\">Power output<\/td><td class=\"column-2\">100 W @ 8 \u03a9 <br \/>\n200 W @ 4 \u03a9 <br \/>\n400 W @ 2 \u03a9 (< 5 sec.)<\/td>\n<\/tr>\n<tr class=\"row-11\">\n\t<td class=\"column-1\">Output current max<\/td><td class=\"column-2\">30 A<\/td>\n<\/tr>\n<tr class=\"row-12\">\n\t<td class=\"column-1\">Gain line inputs<\/td><td class=\"column-2\">\u2013 53 to + 26 dB<\/td>\n<\/tr>\n<tr class=\"row-13\">\n\t<td class=\"column-1\">Gain phono input<\/td><td class=\"column-2\">+17 to + 96 dB<\/td>\n<\/tr>\n<tr class=\"row-14\">\n\t<td class=\"column-1\">Frequency response (\u2013 3 dB)<\/td><td class=\"column-2\">0 \u2013 800 kHz<\/td>\n<\/tr>\n<tr class=\"row-15\">\n\t<td class=\"column-1\">Phase shift @ 20kHz<\/td><td class=\"column-2\">< -3\u00b0<\/td>\n<\/tr>\n<tr class=\"row-16\">\n\t<td class=\"column-1\">THD<\/td><td class=\"column-2\">< 0.0005%<\/td>\n<\/tr>\n<tr class=\"row-17\">\n\t<td class=\"column-1\">Spot noise (input related)<\/td><td class=\"column-2\">< -140 dBV\/\u221aHz<\/td>\n<\/tr>\n<tr class=\"row-18\">\n\t<td class=\"column-1\">Damping factor<\/td><td class=\"column-2\">> 5,000<\/td>\n<\/tr>\n<tr class=\"row-19\">\n\t<td class=\"column-1\">Dimensions (WxDxH)<\/td><td class=\"column-2\">430 x 490 x 142 mm<\/td>\n<\/tr>\n<tr class=\"row-20\">\n\t<td class=\"column-1\">Weight<\/td><td class=\"column-2\">~18 kg<\/td>\n<\/tr>\n<\/tbody>\n<\/table>\n\n\n\n\n<figure class=\"wp-block-image size-large\"><img loading=\"lazy\" decoding=\"async\" width=\"1024\" height=\"436\" src=\"https:\/\/soulution-audio.com\/wp-content\/uploads\/2024\/03\/soulution_331_2403_016-1024x436.jpg\" alt=\"\" class=\"wp-image-2011\" srcset=\"https:\/\/soulution-audio.com\/wp-content\/uploads\/2024\/03\/soulution_331_2403_016-1024x436.jpg 1024w, https:\/\/soulution-audio.com\/wp-content\/uploads\/2024\/03\/soulution_331_2403_016-300x128.jpg 300w, https:\/\/soulution-audio.com\/wp-content\/uploads\/2024\/03\/soulution_331_2403_016-768x327.jpg 768w, https:\/\/soulution-audio.com\/wp-content\/uploads\/2024\/03\/soulution_331_2403_016-600x255.jpg 600w, https:\/\/soulution-audio.com\/wp-content\/uploads\/2024\/03\/soulution_331_2403_016.jpg 1140w\" sizes=\"auto, (max-width: 1024px) 100vw, 1024px\" \/><\/figure>\n","protected":false},"excerpt":{"rendered":"<p>Mehr Leistungsreserven und weniger Phasenverschiebung im Audioband lassen den 331 noch lebensechter klingen als seinen Vorg\u00e4nger. Genie\u00dfen Sie den reinen und kraftvollen Klang dieser Musikmaschine. Highlights PhilosophyDie meisten Vollverst\u00e4rker vereinen die Funktionen der Lautst\u00e4rkeregelung, der Quellenwahl und der Verst\u00e4rkung in einer einzigen Schaltung. Nicht so der soulution 331 Vollverst\u00e4rker. Er beschreitet den kompromisslosen Weg der [&hellip;]<\/p>\n","protected":false},"author":2,"featured_media":0,"parent":0,"menu_order":0,"comment_status":"closed","ping_status":"closed","template":"","meta":{"_genesis_hide_title":false,"_genesis_hide_breadcrumbs":false,"_genesis_hide_singular_image":false,"_genesis_hide_footer_widgets":false,"_genesis_custom_body_class":"","_genesis_custom_post_class":"","_genesis_layout":"","footnotes":""},"categories":[83],"tags":[],"class_list":{"0":"post-1941","1":"page","2":"type-page","3":"status-publish","5":"category-331-de","6":"entry"},"featured_image_src":null,"featured_image_src_square":null,"_links":{"self":[{"href":"https:\/\/soulution-audio.com\/de\/wp-json\/wp\/v2\/pages\/1941","targetHints":{"allow":["GET"]}}],"collection":[{"href":"https:\/\/soulution-audio.com\/de\/wp-json\/wp\/v2\/pages"}],"about":[{"href":"https:\/\/soulution-audio.com\/de\/wp-json\/wp\/v2\/types\/page"}],"author":[{"embeddable":true,"href":"https:\/\/soulution-audio.com\/de\/wp-json\/wp\/v2\/users\/2"}],"replies":[{"embeddable":true,"href":"https:\/\/soulution-audio.com\/de\/wp-json\/wp\/v2\/comments?post=1941"}],"version-history":[{"count":8,"href":"https:\/\/soulution-audio.com\/de\/wp-json\/wp\/v2\/pages\/1941\/revisions"}],"predecessor-version":[{"id":2119,"href":"https:\/\/soulution-audio.com\/de\/wp-json\/wp\/v2\/pages\/1941\/revisions\/2119"}],"wp:attachment":[{"href":"https:\/\/soulution-audio.com\/de\/wp-json\/wp\/v2\/media?parent=1941"}],"wp:term":[{"taxonomy":"category","embeddable":true,"href":"https:\/\/soulution-audio.com\/de\/wp-json\/wp\/v2\/categories?post=1941"},{"taxonomy":"post_tag","embeddable":true,"href":"https:\/\/soulution-audio.com\/de\/wp-json\/wp\/v2\/tags?post=1941"}],"curies":[{"name":"wp","href":"https:\/\/api.w.org\/{rel}","templated":true}]}}