{"id":1937,"date":"2024-03-20T11:00:00","date_gmt":"2024-03-20T11:00:00","guid":{"rendered":"https:\/\/soulution-audio.com\/?page_id=1937"},"modified":"2024-03-27T09:22:04","modified_gmt":"2024-03-27T09:22:04","slug":"3-series-2nd-generation","status":"publish","type":"page","link":"https:\/\/soulution-audio.com\/de\/3-series-2nd-generation\/","title":{"rendered":"3 Series 2nd Generation"},"content":{"rendered":"\n<figure class=\"wp-block-image size-large\"><img loading=\"lazy\" decoding=\"async\" width=\"1024\" height=\"436\" src=\"https:\/\/soulution-audio.com\/wp-content\/uploads\/2024\/03\/soulution_3XX_2403_002-1024x436.jpg\" alt=\"\" class=\"wp-image-1993\" srcset=\"https:\/\/soulution-audio.com\/wp-content\/uploads\/2024\/03\/soulution_3XX_2403_002-1024x436.jpg 1024w, https:\/\/soulution-audio.com\/wp-content\/uploads\/2024\/03\/soulution_3XX_2403_002-300x128.jpg 300w, https:\/\/soulution-audio.com\/wp-content\/uploads\/2024\/03\/soulution_3XX_2403_002-768x327.jpg 768w, https:\/\/soulution-audio.com\/wp-content\/uploads\/2024\/03\/soulution_3XX_2403_002-600x255.jpg 600w, https:\/\/soulution-audio.com\/wp-content\/uploads\/2024\/03\/soulution_3XX_2403_002.jpg 1140w\" sizes=\"auto, (max-width: 1024px) 100vw, 1024px\" \/><\/figure>\n\n\n\n<p>Nichts weglassen, nichts hinzuf\u00fcgen! Musik so nat\u00fcrlich, mitrei\u00dfend und voller Emotionen, wie man sie sonst nur im Konzertsaal oder bei einem Live-Konzert erlebt!<\/p>\n\n\n\n<p>Wir freuen uns sehr, unsere neue Serie 3 w\u00e4hrend der Axpona 2024 in Chicago vorstellen zu k\u00f6nnen.<\/p>\n\n\n\n<ul class=\"wp-block-list\">\n<li><a href=\"http:\/\/soulution-audio.com\/series3\/soulution-330-integrated-amplifier\/\"><\/a><a href=\"http:\/\/soulution-audio.com\/de\/312-stereoverstaerker\/\">312 Stereoverst\u00e4rker<\/a><\/li>\n\n\n\n<li><a href=\"http:\/\/soulution-audio.com\/de\/326-vorverstaerker\/\">326 Vorverst\u00e4rker<\/a><\/li>\n\n\n\n<li><a href=\"http:\/\/soulution-audio.com\/de\/331-vollverstaerker\/\">331 Vollverst\u00e4rker<\/a><\/li>\n\n\n\n<li><a href=\"http:\/\/soulution-audio.com\/de\/350-phonostufe\/\">350 Phonostufe<\/a><\/li>\n\n\n\n<li><a href=\"http:\/\/soulution-audio.com\/de\/360-DAC\/\">360 DAC<\/a><\/li>\n<\/ul>\n","protected":false},"excerpt":{"rendered":"<p>Nichts weglassen, nichts hinzuf\u00fcgen! Musik so nat\u00fcrlich, mitrei\u00dfend und voller Emotionen, wie man sie sonst nur im Konzertsaal oder bei einem Live-Konzert erlebt! Wir freuen uns sehr, unsere neue Serie 3 w\u00e4hrend der Axpona 2024 in Chicago vorstellen zu k\u00f6nnen.<\/p>\n","protected":false},"author":2,"featured_media":0,"parent":0,"menu_order":0,"comment_status":"closed","ping_status":"closed","template":"","meta":{"_genesis_hide_title":false,"_genesis_hide_breadcrumbs":false,"_genesis_hide_singular_image":false,"_genesis_hide_footer_widgets":false,"_genesis_custom_body_class":"","_genesis_custom_post_class":"","_genesis_layout":"","footnotes":""},"categories":[30],"tags":[],"class_list":{"0":"post-1937","1":"page","2":"type-page","3":"status-publish","5":"category-serie-3","6":"entry"},"featured_image_src":null,"featured_image_src_square":null,"_links":{"self":[{"href":"https:\/\/soulution-audio.com\/de\/wp-json\/wp\/v2\/pages\/1937","targetHints":{"allow":["GET"]}}],"collection":[{"href":"https:\/\/soulution-audio.com\/de\/wp-json\/wp\/v2\/pages"}],"about":[{"href":"https:\/\/soulution-audio.com\/de\/wp-json\/wp\/v2\/types\/page"}],"author":[{"embeddable":true,"href":"https:\/\/soulution-audio.com\/de\/wp-json\/wp\/v2\/users\/2"}],"replies":[{"embeddable":true,"href":"https:\/\/soulution-audio.com\/de\/wp-json\/wp\/v2\/comments?post=1937"}],"version-history":[{"count":5,"href":"https:\/\/soulution-audio.com\/de\/wp-json\/wp\/v2\/pages\/1937\/revisions"}],"predecessor-version":[{"id":2092,"href":"https:\/\/soulution-audio.com\/de\/wp-json\/wp\/v2\/pages\/1937\/revisions\/2092"}],"wp:attachment":[{"href":"https:\/\/soulution-audio.com\/de\/wp-json\/wp\/v2\/media?parent=1937"}],"wp:term":[{"taxonomy":"category","embeddable":true,"href":"https:\/\/soulution-audio.com\/de\/wp-json\/wp\/v2\/categories?post=1937"},{"taxonomy":"post_tag","embeddable":true,"href":"https:\/\/soulution-audio.com\/de\/wp-json\/wp\/v2\/tags?post=1937"}],"curies":[{"name":"wp","href":"https:\/\/api.w.org\/{rel}","templated":true}]}}