{"id":1835,"date":"2023-11-24T12:24:40","date_gmt":"2023-11-24T12:24:40","guid":{"rendered":"https:\/\/soulution-audio.com\/?page_id=1835"},"modified":"2023-11-24T13:16:38","modified_gmt":"2023-11-24T13:16:38","slug":"soulution-727-vorverstaerker","status":"publish","type":"page","link":"https:\/\/soulution-audio.com\/de\/soulution-727-vorverstaerker\/","title":{"rendered":"soulution 727 Vorverst\u00e4rker"},"content":{"rendered":"\n<figure class=\"wp-block-image size-large\"><img loading=\"lazy\" decoding=\"async\" width=\"1024\" height=\"462\" src=\"https:\/\/soulution-audio.com\/wp-content\/uploads\/2023\/11\/soulution_727_2304_006-1024x462.jpg\" alt=\"\" class=\"wp-image-1821\" srcset=\"https:\/\/soulution-audio.com\/wp-content\/uploads\/2023\/11\/soulution_727_2304_006-1024x462.jpg 1024w, https:\/\/soulution-audio.com\/wp-content\/uploads\/2023\/11\/soulution_727_2304_006-300x135.jpg 300w, https:\/\/soulution-audio.com\/wp-content\/uploads\/2023\/11\/soulution_727_2304_006-768x347.jpg 768w, https:\/\/soulution-audio.com\/wp-content\/uploads\/2023\/11\/soulution_727_2304_006-1536x694.jpg 1536w, https:\/\/soulution-audio.com\/wp-content\/uploads\/2023\/11\/soulution_727_2304_006.jpg 2000w\" sizes=\"auto, (max-width: 1024px) 100vw, 1024px\" \/><\/figure>\n\n\n\n<div style=\"color:#ddd\" class=\"wp-block-genesis-blocks-gb-spacer gb-block-spacer gb-divider-solid gb-divider-size-1\"><hr style=\"height:30px\"\/><\/div>\n\n\n\n<h1 class=\"wp-block-heading has-accent-color has-text-color\">What a difference noise makes!<\/h1>\n\n\n\n<p>soulution&#8217;s  neuer Referenz-Vorverst\u00e4rker setzt neue Benchmarks in Bezug auf Rauscharmut, Phasentreue, Gleichtaktunterdr\u00fcckung und Verzerrungsarmut.<\/p>\n\n\n\n<div style=\"color:#ddd\" class=\"wp-block-genesis-blocks-gb-spacer gb-block-spacer gb-divider-solid gb-divider-size-1\"><hr style=\"height:30px\"\/><\/div>\n\n\n\n<h4 class=\"wp-block-heading\">Eingangsstufe<\/h4>\n\n\n\n<p>Die innovative Eingangsstufe des 727 Vorverst\u00e4rkers erm\u00f6glicht optimale Gleichtaktunterdr\u00fcckung (Common Mode Rejection Ratio) ohne Kompromisse bez\u00fcglich des Rauschens der Eingangsstufe eingehen zu m\u00fcssen. Erreicht wird dies mit parallel arbeitenden Instrumentations-Verst\u00e4rkern welche hinsichtlich \u00dcbertagungsbandbreite (20MHz), geringstem Rauschen (Rauschdichte &lt; -160dBV\/\u221aHz) und optimaler Gleichtaktunterdr\u00fcckung (CMMR >105dB) entworfen wurden. So wird sichergestellt, dass am Eingang des 727 Vorverst\u00e4rkers keine wertvollen Musikinformationen verlorengehen k\u00f6nnen.<\/p>\n\n\n\n<h4 class=\"wp-block-heading\">Lautst\u00e4rkeregelung<\/h4>\n\n\n\n<p>Relais-geschaltete, hochpr\u00e4zise und extrem rauscharme Metallfolienwiderst\u00e4nde bilden die Lautst\u00e4rkeregelung mit 80 insgesamt Stufen (1 dB Schritte). Um unangenehme Klick-Ger\u00e4usche und sch\u00e4dliche Spannungsspitzen w\u00e4hrend der Lautst\u00e4rkeanpassung zu verhindern, verf\u00fcgt der Vorverst\u00e4rker 727 \u00fcber eine zweite Lautst\u00e4rkeregelung, welche den Pegel klickfrei anpassen kann. Diese sekund\u00e4re Laust\u00e4rkeregelung ist nur aktiv, w\u00e4hrenddem die Lautst\u00e4rke angepasst wird. Sobald die neue Lautst\u00e4rke eingestellt ist, wird wieder auf den Signalpfad mit den hochpr\u00e4zisen Metallfolienwiderst\u00e4nden umgeschaltet.<\/p>\n\n\n\n<h4 class=\"wp-block-heading\">Phono-Verst\u00e4rker (optional)<\/h4>\n\n\n\n<p>Die kleinen und feinen Ausgangssignale insbesondere von MC Tonabnehmern werden von einem auf kleinstes Rauschen und h\u00f6chste Gleichtaktunterdr\u00fcckung optimierten Instrumentations-Verst\u00e4rker empfangen. Mit seinem anpassbaren Verst\u00e4rkungsfaktor (+40 dB bis +80 dB, @1kHz) und Abschlussimpedanz (20\u03a9 bis 1k\u03a9, 47k\u03a9, 0pF bis 70pF) l\u00e4sst sich der Phonoverst\u00e4rker optimal an Ihr Tonabnehmersystem anpassen. Dank sehr schneller Verst\u00e4rkerstufen (-3dB @ 2MHz) wird die hochpr\u00e4zise Wiedergabe der RIAA-Entzerrungskurve (Frequenz- und Phasengang) sichergestellt.<\/p>\n\n\n\n<h4 class=\"wp-block-heading\">Ausgangsstufe<\/h4>\n\n\n\n<p>Die Class-A Ausgangsstufe wurde auf Schnelligkeit, Pr\u00e4zision und Stromlieferf\u00e4higkeit optimiert. Dank ihres niedrigen Ausgangswiderstands verh\u00e4lt sich die Ausgangsstufe an jeder Last stabil (auch lange Kabel k\u00f6nnen problemlos betrieben werden). Mit einer Frequenzbandbreite von 20 MHz (-3 dB) und damit einhergehender minimaler Phasenverschiebung im Audioband werden alle Details der Musik naturgetreu abgebildet. Es entsteht ein dreidimensionales r\u00e4umliches Klangvergn\u00fcgen voller Musikalit\u00e4t und nat\u00fcrlicher Klangfarben. Die schiere Kraft der Ausgangsstufe garantiert, dass der Detailreichtum der Musik auch bei Ihrem Endverst\u00e4rker ankommt.<\/p>\n\n\n\n<h4 class=\"wp-block-heading\">Distributed Local Power Supply:<\/h4>\n\n\n\n<p>Basis f\u00fcr das Dual-Mono Netzteil bildet ein rauscharmes Schaltnetzteil (SMPS) welches die Netzspannung in eine DC-Zwischenspannung wandelt. Effiziente DC-DC Wandler und nachgeschaltete, extrem rauscharme und schnelle Linearregler erzeugen die ben\u00f6tigten Versorgungsspannungen. In unmittelbarer N\u00e4he der Verbraucher (OpAmp, Transistor, etc.) kommen zus\u00e4tzlich lokale Linearregler zum Einsatz. Dies garantiert niedrigstes Rauschen und k\u00fcrzeste Signalwege. Grosse Siebkondensatoren, wie \u00fcblicherweise f\u00fcr lineare Netzteile mit Transformator und Gleichrichter zur Unterdr\u00fcckung der Netzfrequenz und der harmonischen Oberwellen verwendet, werden somit nicht mehr ben\u00f6tigt.<\/p>\n\n\n\n<h4 class=\"wp-block-heading\">Spezifikationen<\/h4>\n\n\n\n<table id=\"tablepress-28\" class=\"tablepress tablepress-id-28\">\n<tbody class=\"row-striping row-hover\">\n<tr class=\"row-1\">\n\t<td class=\"column-1\">Mains<\/td><td class=\"column-2\">220 \u2013 240V (50 \u2013 60 Hz)<br \/>\n100 \u2013 120V (50 \u2013 60 Hz) <\/td>\n<\/tr>\n<tr class=\"row-2\">\n\t<td class=\"column-1\">Power consumption<\/td><td class=\"column-2\">< 1W standby<br \/>\n60W device in operation <\/td>\n<\/tr>\n<tr class=\"row-3\">\n\t<td class=\"column-1\">Inputs<\/td><td class=\"column-2\">3 \u00d7 balanced (XLR)<br \/>\n2 \u00d7 unbalanced (RCA)<br \/>\n1 \u00d7 Phono (optional) <\/td>\n<\/tr>\n<tr class=\"row-4\">\n\t<td class=\"column-1\">Input impedance<\/td><td class=\"column-2\">4.4M\u03a9 balanced (XLR)<br \/>\n4.4M\u03a9 unbalanced(RCA)<br \/>\n10 \u2013 1000\u03a9 or 47k\u03a9 phono (adjustable)<\/td>\n<\/tr>\n<tr class=\"row-5\">\n\t<td class=\"column-1\">Input voltage max.<\/td><td class=\"column-2\">9Vpp<\/td>\n<\/tr>\n<tr class=\"row-6\">\n\t<td class=\"column-1\">Outputs<\/td><td class=\"column-2\">2 \u00d7 balanced (XLR)<br \/>\n1 \u00d7 unbalanced (RCA)<\/td>\n<\/tr>\n<tr class=\"row-7\">\n\t<td class=\"column-1\">Output impedance<\/td><td class=\"column-2\">0.8\u03a9 balanced (XLR)<br \/>\n0.4\u03a9 unbalanced (RCA)<\/td>\n<\/tr>\n<tr class=\"row-8\">\n\t<td class=\"column-1\">Output voltage max<\/td><td class=\"column-2\">14Vpp balanced (XLR)<br \/>\n7Vpp unbalanced (RCA)<\/td>\n<\/tr>\n<tr class=\"row-9\">\n\t<td class=\"column-1\">Output current max.<\/td><td class=\"column-2\">0.5A limited by protection circuit<\/td>\n<\/tr>\n<tr class=\"row-10\">\n\t<td class=\"column-1\">Frequency response (\u2013 3 dB)<\/td><td class=\"column-2\">DC - 20MHz<\/td>\n<\/tr>\n<tr class=\"row-11\">\n\t<td class=\"column-1\">Phaseshift (@20kHz)<\/td><td class=\"column-2\">< 0.2\u00b0<\/td>\n<\/tr>\n<tr class=\"row-12\">\n\t<td class=\"column-1\">Signal-to-noise ratio (20Hz \u2013 20kHz @1Vrms)<\/td><td class=\"column-2\">>120dB<\/td>\n<\/tr>\n<tr class=\"row-13\">\n\t<td class=\"column-1\">Noise density (input related)<\/td><td class=\"column-2\">< -160dBV\/sqrt(Hz)<\/td>\n<\/tr>\n<tr class=\"row-14\">\n\t<td class=\"column-1\">THD+N<\/td><td class=\"column-2\"><-120dB<\/td>\n<\/tr>\n<tr class=\"row-15\">\n\t<td class=\"column-1\">Common mode rejection ratio<\/td><td class=\"column-2\">>105dB<\/td>\n<\/tr>\n<tr class=\"row-16\">\n\t<td class=\"column-1\">Channel separation<\/td><td class=\"column-2\">>130dB<\/td>\n<\/tr>\n<tr class=\"row-17\">\n\t<td class=\"column-1\">Gain<\/td><td class=\"column-2\">+4dB balanced (XLR)<br \/>\n-2dB unbalanced (RCA)<br \/>\n+44dB to +84dB (phono)<\/td>\n<\/tr>\n<tr class=\"row-18\">\n\t<td class=\"column-1\">Volume control range<\/td><td class=\"column-2\">0 to \u2013 79 dB in 1 dB steps<\/td>\n<\/tr>\n<tr class=\"row-19\">\n\t<td class=\"column-1\">Dimensions<\/td><td class=\"column-2\">480mm x 450mm x 167mm<\/td>\n<\/tr>\n<tr class=\"row-20\">\n\t<td class=\"column-1\">Weight<\/td><td class=\"column-2\">28kg<\/td>\n<\/tr>\n<\/tbody>\n<\/table>\n\n\n\n\n<div style=\"color:#ddd\" class=\"wp-block-genesis-blocks-gb-spacer gb-block-spacer gb-divider-solid gb-divider-size-1\"><hr style=\"height:30px\"\/><\/div>\n\n\n\n<figure class=\"wp-block-image size-large\"><img loading=\"lazy\" decoding=\"async\" width=\"1024\" height=\"462\" src=\"https:\/\/soulution-audio.com\/wp-content\/uploads\/2023\/11\/soulution_727_2304_004-1024x462.jpg\" alt=\"\" class=\"wp-image-1826\" srcset=\"https:\/\/soulution-audio.com\/wp-content\/uploads\/2023\/11\/soulution_727_2304_004-1024x462.jpg 1024w, https:\/\/soulution-audio.com\/wp-content\/uploads\/2023\/11\/soulution_727_2304_004-300x135.jpg 300w, https:\/\/soulution-audio.com\/wp-content\/uploads\/2023\/11\/soulution_727_2304_004-768x347.jpg 768w, https:\/\/soulution-audio.com\/wp-content\/uploads\/2023\/11\/soulution_727_2304_004-1536x694.jpg 1536w, https:\/\/soulution-audio.com\/wp-content\/uploads\/2023\/11\/soulution_727_2304_004.jpg 2000w\" sizes=\"auto, (max-width: 1024px) 100vw, 1024px\" \/><\/figure>\n","protected":false},"excerpt":{"rendered":"<p>What a difference noise makes! soulution&#8217;s neuer Referenz-Vorverst\u00e4rker setzt neue Benchmarks in Bezug auf Rauscharmut, Phasentreue, Gleichtaktunterdr\u00fcckung und Verzerrungsarmut. Eingangsstufe Die innovative Eingangsstufe des 727 Vorverst\u00e4rkers erm\u00f6glicht optimale Gleichtaktunterdr\u00fcckung (Common Mode Rejection Ratio) ohne Kompromisse bez\u00fcglich des Rauschens der Eingangsstufe eingehen zu m\u00fcssen. Erreicht wird dies mit parallel arbeitenden Instrumentations-Verst\u00e4rkern welche hinsichtlich \u00dcbertagungsbandbreite (20MHz), geringstem [&hellip;]<\/p>\n","protected":false},"author":2,"featured_media":0,"parent":0,"menu_order":0,"comment_status":"closed","ping_status":"closed","template":"","meta":{"_genesis_hide_title":false,"_genesis_hide_breadcrumbs":false,"_genesis_hide_singular_image":false,"_genesis_hide_footer_widgets":false,"_genesis_custom_body_class":"","_genesis_custom_post_class":"","_genesis_layout":"","footnotes":""},"categories":[75,32],"tags":[],"class_list":{"0":"post-1835","1":"page","2":"type-page","3":"status-publish","5":"category-727-de","6":"category-serie-7","7":"entry"},"featured_image_src":null,"featured_image_src_square":null,"_links":{"self":[{"href":"https:\/\/soulution-audio.com\/de\/wp-json\/wp\/v2\/pages\/1835","targetHints":{"allow":["GET"]}}],"collection":[{"href":"https:\/\/soulution-audio.com\/de\/wp-json\/wp\/v2\/pages"}],"about":[{"href":"https:\/\/soulution-audio.com\/de\/wp-json\/wp\/v2\/types\/page"}],"author":[{"embeddable":true,"href":"https:\/\/soulution-audio.com\/de\/wp-json\/wp\/v2\/users\/2"}],"replies":[{"embeddable":true,"href":"https:\/\/soulution-audio.com\/de\/wp-json\/wp\/v2\/comments?post=1835"}],"version-history":[{"count":5,"href":"https:\/\/soulution-audio.com\/de\/wp-json\/wp\/v2\/pages\/1835\/revisions"}],"predecessor-version":[{"id":1846,"href":"https:\/\/soulution-audio.com\/de\/wp-json\/wp\/v2\/pages\/1835\/revisions\/1846"}],"wp:attachment":[{"href":"https:\/\/soulution-audio.com\/de\/wp-json\/wp\/v2\/media?parent=1835"}],"wp:term":[{"taxonomy":"category","embeddable":true,"href":"https:\/\/soulution-audio.com\/de\/wp-json\/wp\/v2\/categories?post=1835"},{"taxonomy":"post_tag","embeddable":true,"href":"https:\/\/soulution-audio.com\/de\/wp-json\/wp\/v2\/tags?post=1835"}],"curies":[{"name":"wp","href":"https:\/\/api.w.org\/{rel}","templated":true}]}}