{"id":1380,"date":"2018-05-26T14:41:48","date_gmt":"2018-05-26T14:41:48","guid":{"rendered":"https:\/\/soulution-audio.com\/?page_id=1380"},"modified":"2023-09-27T11:50:42","modified_gmt":"2023-09-27T11:50:42","slug":"datenschutzerklaerung","status":"publish","type":"page","link":"https:\/\/soulution-audio.com\/de\/datenschutzerklaerung\/","title":{"rendered":"Datenschutzerkl\u00e4rung"},"content":{"rendered":"\n<h2 class=\"wp-block-heading\">I. Allgemeines zum Datenschutz<\/h2>\n\n\n\n<h5 class=\"wp-block-heading\">a) Name und Anschrift des Verantwortlichen<\/h5>\n\n\n\n<p>Der ordnungsgem\u00e4sse Umgang mit Ihren personenbezogenen Daten ist uns, der Spemot AG, Industriestrasse 70, 4657 Dulliken, Schweiz ein besonderes Anliegen. Wir verwenden Ihre personenbezogenen Daten unter Beachtung der geltenden Datenschutzbestimmungen in der Schweiz sowie der Europ\u00e4ischen Union. Nachfolgend erl\u00e4utern wir, welche personenbezogenen Daten durch uns erhoben, wie diese Daten durch uns verwendet werden und welche Rechte Ihnen im Hinblick auf die Verwendung Ihrer Daten zustehen.<\/p>\n\n\n\n<h5 class=\"wp-block-heading\">b) Ansprechpartner bei Fragen zum Datenschutz<\/h5>\n\n\n\n<p>Wenn Sie Fragen zum Datenschutz bei Spemot haben, Ausk\u00fcnfte verlangen m\u00f6chten oder die L\u00f6schung Ihrer Daten beantragen m\u00f6chten, wenden Sie sich bitte an unseren Ansprechpartner f\u00fcr Datenschutz in dem Sie eine E-Mail an datenschutz@spemot.com schicken.&nbsp;<\/p>\n\n\n\n<p>Die Kontaktdaten unseres Datenschutzkoordinators lauten wie folgt:<\/p>\n\n\n\n<p>Spemot AG<br>Datenschutzkoordinator<br>Industriestrasse 70<br>4657 Dulliken<br><\/p>\n\n\n\n<h5 class=\"wp-block-heading\">c) Umfang der Verarbeitung personenbezogener Daten<\/h5>\n\n\n\n<p>Wir verarbeiten personenbezogene Daten grunds\u00e4tzlich nur, soweit dies zur Bereitstellung von Dienstleistungen sowie einer funktionsf\u00e4higen Website erforderlich ist. Die Verarbeitung personenbezogener Daten erfolgt grunds\u00e4tzlich nur nach Einwilligung. Eine Ausnahme gilt in solchen F\u00e4llen, in denen eine vorherige Einholung einer Einwilligung aus tats\u00e4chlichen Gr\u00fcnden nicht m\u00f6glich ist und die Verarbeitung der Daten durch gesetzliche Vorschriften gestattet ist.<\/p>\n\n\n\n<h2 class=\"wp-block-heading\">II. Erhebung und Speicherung personenbezogener Daten<\/h2>\n\n\n\n<h5 class=\"wp-block-heading\">a) Offerten und Anfragen<\/h5>\n\n\n\n<p>Ganz egal wie Sie mit uns in Kontakt treten m\u00f6chten, sei dies pers\u00f6nlich, telefonisch, elektronisch oder mittels Kontaktformular, wir verfahren im Interesse einer pers\u00f6nlichen Dienstleistungserbringung immer gleich. Wenn immer m\u00f6glich versuchen wir, Sie vorg\u00e4ngig \u00fcber unsere Datenschutzbestimmungen zu informieren und Ihre Einwilligung einzuholen bevor wir mit der Bearbeitung Ihrer Offerte oder Anfrage beginnen. Hierf\u00fcr speichern wir nachfolgende personenbezogenen Daten in unserem System:&nbsp;<\/p>\n\n\n\n<ul class=\"wp-block-list\">\n<li>Anrede<\/li>\n\n\n\n<li>Name und Vorname<\/li>\n\n\n\n<li>Firmenname<\/li>\n\n\n\n<li>Addresse (Strasse, Hausnummer, PLZ, Ort, Land)<\/li>\n\n\n\n<li>Weitere Kontaktdaten (Telefonnummer, E-Mail-Adresse)<\/li>\n<\/ul>\n\n\n\n<p>Im Falle von Anfragen zu technischen Dienstleistungen (z.B. Reparaturen, Garantiearbeiten, etc.), speichern wir, zus\u00e4tzlich zu den oben erw\u00e4hnten personenbezogenen Daten, nachfolgende Daten in unserem System:&nbsp;<\/p>\n\n\n\n<ul class=\"wp-block-list\">\n<li>die Seriennummern; sowie&nbsp; die&nbsp;<\/li>\n\n\n\n<li>Nutzerdaten Ihrer jeweiligen Produkte.<\/li>\n<\/ul>\n\n\n\n<h5 class=\"wp-block-heading\">b) Besuch unserer Website<\/h5>\n\n\n\n<p>Durch Ihre Verwendung unserer Website stimmen Sie der Erfassung, Nutzung und \u00dcbertragung Ihrer Daten gem\u00e4ss den nachfolgenden Erl\u00e4uterungen in dieser Datenschutzerkl\u00e4rung zu.<\/p>\n\n\n\n<p>Bei jedem Aufruf einer unserer Webseiten erfasst unser System automatisiert nachfolgende Informationen:<\/p>\n\n\n\n<ul class=\"wp-block-list\">\n<li>Informationen \u00fcber den Browsertyp sowie die verwendete Version&nbsp;<\/li>\n\n\n\n<li>Betriebssystem und Internet-Service-Provider des Nutzers&nbsp;<\/li>\n\n\n\n<li>IP-Adresse des Nutzers&nbsp;<\/li>\n\n\n\n<li>Website von welcher der Nutzer auf unsere Webseiten gelangt<\/li>\n\n\n\n<li>Websites, die vom System des Nutzers \u00fcber unsere Website aufgerufen werden<\/li>\n<\/ul>\n\n\n\n<p>Die Speicherung dieser Informationen erfolgt, um die Funktionsf\u00e4higkeit unserer Webseiten sicherzustellen. Zudem dienen uns die Daten zur Optimierung der Website und zur Sicherstellung der Sicherheit unserer Systeme. Die Speicherung dieser Daten ist f\u00fcr den Betrieb der Website zwingend erforderlich. Daher besteht diesbez\u00fcglich keine Widerspruchsm\u00f6glichkeit Ihrerseits. Die erhobenen Daten werden nach sp\u00e4testens sieben Tagen gel\u00f6scht. Eine dar\u00fcberhinausgehende Speicherung ist m\u00f6glich, jedoch werden in diesem Fall die IP-Adressen anonymisiert, so dass eine Zuordnung nicht l\u00e4nger m\u00f6glich ist.<\/p>\n\n\n\n<h5 class=\"wp-block-heading\">c) Cookies<\/h5>\n\n\n\n<p>Unsere Webseiten verwenden Cookies. Cookies sind Textdateien, welche auf Ihrem System hinterlegt werden um die Nutzung unserer Webseiten einfacher und bei nochmaligem Aufrufen pers\u00f6nlicher zu gestalten. Hierzu werden nachfolgende Daten gespeichert:&nbsp;<\/p>\n\n\n\n<ul class=\"wp-block-list\">\n<li>Spracheinstellungen<\/li>\n\n\n\n<li>Log-In Informationen<\/li>\n<\/ul>\n\n\n\n<p>Cookies besch\u00e4digen weder die Festplatte Ihres Systems noch werden durch Cookies personenbezogene Daten an uns \u00fcbermittelt. Die durch die technisch notwendigen Cookies erhobenen Nutzerdaten werden nicht zur Erstellung von Nutzerprofilen verwendet. In Ihren Browsereinstellungen k\u00f6nnen Sie die Speicherung von Cookies konfigurieren. Die Deaktivierung von Cookies kann dazu f\u00fchren, dass Sie nicht alle Funktionen unserer Webseiten nutzen k\u00f6nnen.<\/p>\n\n\n\n<h2 class=\"wp-block-heading\">III. Austausch personenbezogener Daten mit Dritte<\/h2>\n\n\n\n<p>Unabh\u00e4ngige Dienstleister sind durch uns sorgf\u00e4ltig ausgew\u00e4hlt und erf\u00fcllen hohe Anforderungen an Datenschutz- und Datensicherheit. Sie sind zu strikter Verschwiegenheit verpflichtet und verarbeiten Daten ausschliesslich in unserem Auftrag und gem\u00e4ss unseren Weisungen. Rechtsgrundlage f\u00fcr die Zusammenarbeit mit diesen Dienstleistern sind die entsprechenden Datenschutzbestimmungen der Schweiz sowie der Europ\u00e4ischen Union.<\/p>\n\n\n\n<h5 class=\"wp-block-heading\">a) \u00dcbermittlung von Kundendaten zwecks Auftragsabwicklung<\/h5>\n\n\n\n<p>Personenbezogene Daten die im Rahmen der Auftragsabwicklung aufgenommen wurden, werden zur Erf\u00fcllung von Verpflichtungen aus Vereinbarungen verarbeitet und genutzt. Diese zur Leistungserf\u00fcllung notwendigen Daten, k\u00f6nnen auch an beauftragte Dritte z.B. Transportunternehmen, Banken, Versicherungen und andere Dienstleister weitergegeben werden.<\/p>\n\n\n\n<h5 class=\"wp-block-heading\">b) Erbringung von technischen Dienstleistungen zwecks weltweiter Qualit\u00e4tssicherung<\/h5>\n\n\n\n<p>Gemeinsam mit unseren Vertriebspartnern betreiben wir ein weltweites Netzwerk aus Service Stellen, welche f\u00fcr die Erbringung von technischen Anfragen, Reparaturen und Garantiearbeiten an unseren Produkten verantwortlich sind. In der Abwicklung dieser Dienstleistungen tauschen wir uns fallspezifisch und unter Verwendung von sicheren Daten\u00fcbertragungs-Kan\u00e4len mit unseren Partnern aus, um Fehler-Diagnosen zu stellen, Garantieanspr\u00fcche abzukl\u00e4ren und Experten-Wissen auszutauschen. Hierbei ist es oftmals notwendig, dass personenbezogene Daten sowie nutzungsspezifische Daten ausgetauscht werden. Hierf\u00fcr speichern und \u00fcbermitteln wir nachfolgende personenbezogenen Daten:&nbsp;<\/p>\n\n\n\n<ul class=\"wp-block-list\">\n<li>Name und Vorname<\/li>\n\n\n\n<li>Firmenname<\/li>\n\n\n\n<li>Anschrift (Strasse, Hausnummer, PLZ, Ort, Land)<\/li>\n\n\n\n<li>Weitere Kontaktdaten (Telefonnummer, E-Mail-Adresse)<\/li>\n\n\n\n<li>Seriennummer sowie Nutzungsdaten des Ger\u00e4ts<\/li>\n<\/ul>\n\n\n\n<h5 class=\"wp-block-heading\">c) Verwendung von Social-Media-Plugins<\/h5>\n\n\n\n<p>Unsere Webseiten verwenden Social-Media-Plugins der sozialen Netzwerke Facebook (betrieben durch Facebook Ireland Ltd., 4 Grand Canal Square, Grand Canal Harbour, Dublin 2. Die Plugins erkennen Sie an den jeweiligen Logos. Wenn Sie unsere Webseiten aufrufen, baut Ihr Browser eine direkte Verbindung mit den Servern der Plugin Betreiber auf. Der Inhalt des Plugins wird direkt an Ihren Browser \u00fcbermittelt und von diesem in die Webseite eingebunden. Wir haben als Anbieter unserer Webseiten keinerlei Kenntnis von Inhalt und Umfang der Erhebung und Nutzung dieser Daten. Falls ein Nutzer kein Mitglied von durch uns im Einsatz befindlichen Social-Media Netzwerken ist, besteht trotzdem die M\u00f6glichkeit, dass die IP-Adresse durch die Betreiber der Social-Media Netzwerke in Erfahrung gebracht und gespeichert wird.<\/p>\n\n\n\n<p>Wenn Sie w\u00fcnschen, dass die Betreiber der Social-Media Netzwerke Ihren Besuch auf unseren Webseiten Ihrem Social-Media-Nutzerkonto nicht zuordnen k\u00f6nnen, ersuchen wir Sie sich vorg\u00e4ngig zum Besuch unserer Website auf den entsprechenden Social-Media Netzwerken auszuloggen.<\/p>\n\n\n\n<h2 class=\"wp-block-heading\">IV. Sicherheit<\/h2>\n\n\n\n<p>Wir bedienen uns geeigneter technischer und organisatorischer Sicherheitsma\u00dfnahmen, um Ihre Daten gegen zuf\u00e4llige oder vors\u00e4tzliche Manipulationen, teilweisen oder vollst\u00e4ndigen Verlust, Zerst\u00f6rung oder gegen den unbefugten Zugriff Dritter zu sch\u00fctzen. Unsere Sicherheitsmassnahmen werden entsprechend der technologischen Entwicklung fortlaufend verbessert.<\/p>\n\n\n\n<h2 class=\"wp-block-heading\">V. Rechte der betroffenen Personen<\/h2>\n\n\n\n<p>Ihnen steht ein Auskunftsrecht bez\u00fcglich der \u00fcber Sie gespeicherten personenbezogenen Daten und ein Recht auf Berichtigung unrichtiger Daten sowie deren Sperrung und\/oder L\u00f6schung zu. F\u00fcr eine Auskunft \u00fcber Ihre personenbezogenen Daten, zur Veranlassung einer Korrektur inkorrekter Daten oder deren Sperrung bzw. L\u00f6schung sowie f\u00fcr weitergehende Fragen \u00fcber die Verwendung Ihrer personenbezogenen Daten stehen wir Ihnen gerne zur Verf\u00fcgung. Richten Sie Ihre Anfrage unter eindeutiger Identifizierung Ihrer Person an die in Ziffer I. b) genannte Ansprechperson.<\/p>\n\n\n\n<p>Nachfolgend finden Sie eine \u00dcbersicht \u00fcber Ihre Rechte:<\/p>\n\n\n\n<h5 class=\"wp-block-heading\">a) Recht auf Best\u00e4tigung und Auskunft<\/h5>\n\n\n\n<p>Sie haben jederzeit das Recht, von uns eine Best\u00e4tigung dar\u00fcber zu erhalten, ob Sie betreffende personenbezogene Daten verarbeitet werden. Ist dies der Fall, so haben Sie das Recht, von uns eine unentgeltliche Auskunft \u00fcber die zu Ihnen gespeicherten personenbezogenen Daten nebst einer Kopie dieser Daten zu erlangen. Des Weiteren besteht ein Recht auf Informationen:<\/p>\n\n\n\n<ol class=\"wp-block-list\">\n<li>\u00fcber die Verarbeitungszwecke;<\/li>\n\n\n\n<li>\u00fcber die Kategorien personenbezogener Daten, die verarbeitet werden;<\/li>\n\n\n\n<li>\u00fcber die Empf\u00e4nger oder Kategorien von Empf\u00e4ngern, gegen\u00fcber denen die personenbezogenen Daten offengelegt worden sind oder noch offengelegt werden, insbesondere bei Empf\u00e4ngern in Drittl\u00e4ndern oder bei internationalen Organisationen;<\/li>\n\n\n\n<li>falls m\u00f6glich \u00fcber die geplante Dauer, f\u00fcr die die personenbezogenen Daten gespeichert werden, oder, falls dies nicht m\u00f6glich ist, die Kriterien f\u00fcr die Festlegung dieser Dauer;<\/li>\n\n\n\n<li>\u00fcber das Bestehen eines Rechts auf Berichtigung oder L\u00f6schung der Sie betreffenden personenbezogenen Daten oder auf Einschr\u00e4nkung der Verarbeitung durch den Verantwortlichen der eines Widerspruchsrechts gegen diese Verarbeitung;<\/li>\n\n\n\n<li>\u00fcber das Bestehen eines Beschwerderechts bei einer Aufsichtsbeh\u00f6rde;<\/li>\n\n\n\n<li>falls die personenbezogenen Daten nicht bei Ihnen erhoben werden, \u00fcber alle verf\u00fcgbaren Informationen \u00fcber die Herkunft der Daten;<\/li>\n\n\n\n<li>\u00fcber das Bestehen einer automatisierten Entscheidungsfindung einschlie\u00dflich Profiling gem\u00e4\u00df Artikel 22 Abs\u00e4tze 1 und 4 DSGVO und \u2013 zumindest in diesen F\u00e4llen \u2013 aussagekr\u00e4ftige Informationen \u00fcber die involvierte Logik sowie die Tragweite und die angestrebten Auswirkungen einer derartigen Verarbeitung f\u00fcr Sie.<\/li>\n<\/ol>\n\n\n\n<p>Werden personenbezogene Daten an ein Drittland oder an eine internationale Organisation \u00fcbermittelt, so haben Sie das Recht, \u00fcber die geeigneten Garantien gem\u00e4ss Artikel 46 DSGVO im Zusammenhang mit der \u00dcbermittlung unterrichtet zu werden.<\/p>\n\n\n\n<h5 class=\"wp-block-heading\">b) Recht auf Berichtigung<\/h5>\n\n\n\n<p>Sie haben das Recht, von uns unverz\u00fcglich die Berichtigung und\/oder die Vervollst\u00e4ndigung Sie betreffender unrichtiger personenbezogener Daten zu verlangen.<\/p>\n\n\n\n<h5 class=\"wp-block-heading\">c) Recht auf L\u00f6schung<\/h5>\n\n\n\n<p>Sie haben das Recht, von uns zu verlangen, dass Sie betreffende personenbezogene Daten unverz\u00fcglich gel\u00f6scht werden, und wir sind verpflichtet, personenbezogene Daten unverz\u00fcglich zu l\u00f6schen, sofern einer der folgenden Gr\u00fcnde zutrifft:<\/p>\n\n\n\n<ol class=\"wp-block-list\">\n<li>Die personenbezogenen Daten sind f\u00fcr die Zwecke, f\u00fcr die sie erhoben oder auf sonstige Weise verarbeitet wurden, nicht mehr notwendig.<\/li>\n\n\n\n<li>Sie widerrufen Ihre Einwilligung, auf die sich die Verarbeitung gem\u00e4\u00df Artikel 6 Absatz 1 DSGVO Buchstabe a oder Artikel 9 Absatz 2 Buchstabe a DSGVO st\u00fctzte, und es fehlt an einer anderweitigen Rechtsgrundlage f\u00fcr die Verarbeitung.<\/li>\n\n\n\n<li>Sie legen gem\u00e4\u00df Artikel 21 Absatz 1 DSGVO Widerspruch gegen die Verarbeitung ein und es liegen keine vorrangigen berechtigten Gr\u00fcnde f\u00fcr die Verarbeitung vor, oder Sie legen gem\u00e4\u00df Artikel 21 Absatz 2 DSGVO Widerspruch gegen die Verarbeitung ein.<\/li>\n\n\n\n<li>Die personenbezogenen Daten wurden unrechtm\u00e4\u00dfig verarbeitet.<\/li>\n\n\n\n<li>Die L\u00f6schung der personenbezogenen Daten ist zur Erf\u00fcllung einer rechtlichen Verpflichtung nach dem Unionsrecht oder dem Recht der Mitgliedstaaten erforderlich, dem wir unterliegen.<\/li>\n\n\n\n<li>Die personenbezogenen Daten wurden in Bezug auf angebotene Dienste der Informationsgesellschaft gem\u00e4\u00df Artikel 8 Absatz 1 DSGVO erhoben.<\/li>\n<\/ol>\n\n\n\n<p>Haben wir die personenbezogenen Daten \u00f6ffentlich gemacht und sind wir gem\u00e4ss Art. 17 Abs. 1 DSGVO zu deren L\u00f6schung verpflichtet, so treffen wir unter Ber\u00fccksichtigung der verf\u00fcgbaren Technologie und der Implementierungskosten angemessene Ma\u00dfnahmen, auch technischer Art, um f\u00fcr die Datenverarbeitung Verantwortliche, die die personenbezogenen Daten verarbeiten, dar\u00fcber zu informieren, dass Sie die L\u00f6schung aller Links zu diesen personenbezogenen Daten oder von Kopien oder Replikationen dieser personenbezogenen Daten verlangt haben.<\/p>\n\n\n\n<h5 class=\"wp-block-heading\">d) Recht auf Einschr\u00e4nkung der Verarbeitung<\/h5>\n\n\n\n<p>Sie haben das Recht, von uns die Einschr\u00e4nkung der Verarbeitung zu verlangen, wenn eine der folgenden Voraussetzungen gegeben ist:<\/p>\n\n\n\n<ol class=\"wp-block-list\">\n<li>die Richtigkeit der personenbezogenen Daten wird von Ihnen bestritten, und zwar f\u00fcr eine Dauer, die es uns erm\u00f6glicht, die Richtigkeit der personenbezogenen Daten zu \u00fcberpr\u00fcfen,<\/li>\n\n\n\n<li>die Verarbeitung unrechtm\u00e4\u00dfig ist und Sie die L\u00f6schung der personenbezogenen<br>Daten ablehnten und stattdessen die Einschr\u00e4nkung der Nutzung der personenbezogenen Daten verlangen;<\/li>\n\n\n\n<li>wir die personenbezogenen Daten f\u00fcr die Zwecke der Verarbeitung nicht l\u00e4nger ben\u00f6tigen, Sie die Daten jedoch zur Geltendmachung, Aus\u00fcbung oder Verteidigung von Rechtsanspr\u00fcchen ben\u00f6tigten, oder<\/li>\n\n\n\n<li>Sie Widerspruch gegen die Verarbeitung gem\u00e4\u00df Artikel 21 Absatz 1 DSGVO eingelegt haben, solange noch nicht feststeht, ob die berechtigten Gr\u00fcnde unseres Unternehmens gegen\u00fcber den Ihren \u00fcberwiegen.<\/li>\n<\/ol>\n\n\n\n<p>Wurde die Verarbeitung der Sie betreffenden personenbezogenen Daten eingeschr\u00e4nkt, d\u00fcrfen diese Daten \u2013 von ihrer Speicherung abgesehen \u2013 nur mit Ihrer Einwilligung oder zur Geltendmachung, Aus\u00fcbung oder Verteidigung von Rechtsanspr\u00fcchen oder zum Schutz der Rechte einer anderen nat\u00fcrlichen oder juristischen Person oder aus Gr\u00fcnden eines wichtigen \u00f6ffentlichen Interesses der Union oder eines Mitgliedstaates verarbeitet werden.<\/p>\n\n\n\n<p>Wurde die Verarbeitung nach den oben genannten Voraussetzungen eingeschr\u00e4nkt, werden Sie von uns informiert, bevor die Einschr\u00e4nkung aufgehoben wird.<\/p>\n\n\n\n<h5 class=\"wp-block-heading\">e) Recht auf Daten\u00fcbertragbarkeit<\/h5>\n\n\n\n<p>Sie haben das Recht, die Sie betreffenden personenbezogenen Daten, die Sie uns bereitgestellt haben, in einem strukturierten, g\u00e4ngigen und maschinenlesbaren Format zu erhalten und Sie haben das Recht, diese Daten einem anderen Verantwortlichen ohne Behinderung durch uns zu \u00fcbermitteln, sofern<\/p>\n\n\n\n<ol class=\"wp-block-list\">\n<li>die Verarbeitung auf einer Einwilligung gem\u00e4\u00df Artikel 6 Absatz 1 Buchstabe a DSGVO oder Artikel 9 Absatz 2 Buchstabe a DSGVO oder auf einem Vertrag gem\u00e4\u00df Artikel 6 Absatz 1 Buchstabe b DSGVO beruht und<\/li>\n\n\n\n<li>die Verarbeitung mithilfe automatisierter Verfahren erfolgt.<\/li>\n<\/ol>\n\n\n\n<p>Bei der Aus\u00fcbung ihres Rechts auf Daten\u00fcbertragbarkeit haben Sie das Recht, zu erwirken, dass die personenbezogenen Daten direkt von uns einem anderen Verantwortlichen \u00fcbermittelt werden, soweit dies technisch machbar ist.<\/p>\n\n\n\n<h5 class=\"wp-block-heading\">f) Widerspruchsrecht<\/h5>\n\n\n\n<p>Sie haben das Recht, aus Gr\u00fcnden, die sich aus Ihrer besonderen Situation ergeben, jederzeit gegen die Verarbeitung sie betreffender personenbezogener Daten, die aufgrund von Artikel 6 Absatz 1 Buchstaben e oder f DSGVO erfolgt, Widerspruch einzulegen; dies gilt auch f\u00fcr ein auf diese Bestimmungen gest\u00fctztes Profiling.<\/p>\n\n\n\n<p>Wir verarbeiten die personenbezogenen Daten nicht mehr, es sei denn, wir k\u00f6nnen zwingende schutzw\u00fcrdige Gr\u00fcnde f\u00fcr die Verarbeitung nachweisen, die Ihre Interessen, Rechte und Freiheiten \u00fcberwiegen, oder die Verarbeitung dient der Geltendmachung, Aus\u00fcbung oder Verteidigung von Rechtsanspr\u00fcchen.<\/p>\n\n\n\n<p>Werden personenbezogene Daten von uns verarbeitet, um Direktwerbung zu betreiben, so haben Sie das Recht, jederzeit Widerspruch gegen die Verarbeitung Sie betreffender personenbezogener Daten zum Zwecke derartiger Werbung einzulegen; dies gilt auch f\u00fcr das Profiling, soweit es mit solcher Direktwerbung in Verbindung steht.<\/p>\n\n\n\n<h5 class=\"wp-block-heading\">g) Automatisierte Entscheidungen einschliesslich Profiling<\/h5>\n\n\n\n<p>Sie haben das Recht, nicht einer ausschlie\u00dflich auf einer automatisierten Verarbeitung \u2013 einschliesslich Profiling \u2013 beruhenden Entscheidung unterworfen zu werden, die Ihnen gegen\u00fcber rechtliche Wirkung entfaltet oder Sie in \u00e4hnlicher Weise erheblich beeintr\u00e4chtigt.<\/p>\n\n\n\n<h5 class=\"wp-block-heading\">h) Recht auf Widerruf einer datenschutzrechtlichen Einwilligung<\/h5>\n\n\n\n<p>Sie haben das Recht, eine Einwilligung zur Verarbeitung personenbezogener Daten jederzeit zu widerrufen. Durch den Widerruf dieser Einwilligung wird die Rechtm\u00e4ssigkeit der aufgrund der Einwilligung bis zum Widerruf erfolgten Verarbeitung nicht ber\u00fchrt.<\/p>\n\n\n\n<h5 class=\"wp-block-heading\">i) Recht auf Beschwerde bei einer Aufsichtsbeh\u00f6rde<\/h5>\n\n\n\n<p>Sie haben das Recht auf Beschwerde bei einer Aufsichtsbeh\u00f6rde, insbesondere in dem Mitgliedstaat ihres Aufenthaltsorts, ihres Arbeitsplatzes oder des Orts des mutma\u00dflichen Versto\u00dfes, Sie der Ansicht sind, dass die Verarbeitung der Sie betreffenden personenbezogenen Daten rechtswidrig ist.<\/p>\n\n\n\n<h2 class=\"wp-block-heading\">VI. Speicherungsort und Speicherdauer Ihrer personenbezogenen Daten<\/h2>\n\n\n\n<p>Wir speichern unsere Daten auf Systemen in L\u00e4ndern in welchen wir unsere Gesch\u00e4ftst\u00e4tigkeit betreiben (Schweiz). Sofern nicht spezifisch angegeben, speichern wir personenbezogene Daten nur solange, wie dies zur Erf\u00fcllung der verfolgten Zwecke oder aufgrund von rechtlichen Vorschriften notwendig ist oder bis zu Ihrem Widerruf.<\/p>\n\n\n\n<h2 class=\"wp-block-heading\">VII. Links<\/h2>\n\n\n\n<p>Diese Datenschutzerkl\u00e4rung ist ausschliesslich f\u00fcr Spemot geltend, Sie erstreckt sich nicht auf Drittparteien, auf welche wir mittels unserer Website hinweisen. Wir haben keinen Einfluss auf die Datenschutzbestimmungen von mit unseren Webseiten verlinkten Drittparteien. F\u00fcr den Inhalt der verlinkten Webseiten sind ausschlie\u00dflich deren Betreiber verantwortlich.<\/p>\n\n\n\n<h2 class=\"wp-block-heading\">VIII. Aktualit\u00e4t der Datenschutzerkl\u00e4rung<\/h2>\n\n\n\n<p>Diese Datenschutzerkl\u00e4rung ist aktuell g\u00fcltig und datiert vom 25.5.2018. Sie kann jederzeit auf unserer Website unter https:\/\/www.spemot.com\/datenschutz von Ihnen abgerufen und ausgedruckt werden.<\/p>\n","protected":false},"excerpt":{"rendered":"<p>I. Allgemeines zum Datenschutz a) Name und Anschrift des Verantwortlichen Der ordnungsgem\u00e4sse Umgang mit Ihren personenbezogenen Daten ist uns, der Spemot AG, Industriestrasse 70, 4657 Dulliken, Schweiz ein besonderes Anliegen. Wir verwenden Ihre personenbezogenen Daten unter Beachtung der geltenden Datenschutzbestimmungen in der Schweiz sowie der Europ\u00e4ischen Union. Nachfolgend erl\u00e4utern wir, welche personenbezogenen Daten durch uns [&hellip;]<\/p>\n","protected":false},"author":2,"featured_media":0,"parent":0,"menu_order":51,"comment_status":"closed","ping_status":"closed","template":"","meta":{"_genesis_hide_title":false,"_genesis_hide_breadcrumbs":false,"_genesis_hide_singular_image":false,"_genesis_hide_footer_widgets":false,"_genesis_custom_body_class":"","_genesis_custom_post_class":"","_genesis_layout":"","footnotes":""},"categories":[],"tags":[],"class_list":{"0":"post-1380","1":"page","2":"type-page","3":"status-publish","5":"entry"},"featured_image_src":null,"featured_image_src_square":null,"_links":{"self":[{"href":"https:\/\/soulution-audio.com\/de\/wp-json\/wp\/v2\/pages\/1380","targetHints":{"allow":["GET"]}}],"collection":[{"href":"https:\/\/soulution-audio.com\/de\/wp-json\/wp\/v2\/pages"}],"about":[{"href":"https:\/\/soulution-audio.com\/de\/wp-json\/wp\/v2\/types\/page"}],"author":[{"embeddable":true,"href":"https:\/\/soulution-audio.com\/de\/wp-json\/wp\/v2\/users\/2"}],"replies":[{"embeddable":true,"href":"https:\/\/soulution-audio.com\/de\/wp-json\/wp\/v2\/comments?post=1380"}],"version-history":[{"count":3,"href":"https:\/\/soulution-audio.com\/de\/wp-json\/wp\/v2\/pages\/1380\/revisions"}],"predecessor-version":[{"id":1794,"href":"https:\/\/soulution-audio.com\/de\/wp-json\/wp\/v2\/pages\/1380\/revisions\/1794"}],"wp:attachment":[{"href":"https:\/\/soulution-audio.com\/de\/wp-json\/wp\/v2\/media?parent=1380"}],"wp:term":[{"taxonomy":"category","embeddable":true,"href":"https:\/\/soulution-audio.com\/de\/wp-json\/wp\/v2\/categories?post=1380"},{"taxonomy":"post_tag","embeddable":true,"href":"https:\/\/soulution-audio.com\/de\/wp-json\/wp\/v2\/tags?post=1380"}],"curies":[{"name":"wp","href":"https:\/\/api.w.org\/{rel}","templated":true}]}}