{"id":1357,"date":"2017-03-25T15:15:52","date_gmt":"2017-03-25T15:15:52","guid":{"rendered":"https:\/\/soulution-audio.com\/serie-5\/soulution-525-preamplifier\/"},"modified":"2018-05-08T13:54:00","modified_gmt":"2018-05-08T13:54:00","slug":"soulution-525-vorverstaerker","status":"publish","type":"page","link":"https:\/\/soulution-audio.com\/de\/serie-5\/soulution-525-vorverstaerker\/","title":{"rendered":"soulution 525 Vorverst\u00e4rker"},"content":{"rendered":"<p><a href=\"https:\/\/soulution-audio.com\/wp-content\/uploads\/2018\/05\/soulution_525_1802_001.jpg\"><img loading=\"lazy\" decoding=\"async\" class=\"alignnone wp-image-1347 size-full\" src=\"https:\/\/soulution-audio.com\/wp-content\/uploads\/2018\/05\/soulution_525_1802_001.jpg\" alt=\"\" width=\"1140\" height=\"486\" srcset=\"https:\/\/soulution-audio.com\/wp-content\/uploads\/2018\/05\/soulution_525_1802_001.jpg 1140w, https:\/\/soulution-audio.com\/wp-content\/uploads\/2018\/05\/soulution_525_1802_001-300x128.jpg 300w, https:\/\/soulution-audio.com\/wp-content\/uploads\/2018\/05\/soulution_525_1802_001-768x327.jpg 768w, https:\/\/soulution-audio.com\/wp-content\/uploads\/2018\/05\/soulution_525_1802_001-1024x437.jpg 1024w, https:\/\/soulution-audio.com\/wp-content\/uploads\/2018\/05\/soulution_525_1802_001-600x255.jpg 600w\" sizes=\"auto, (max-width: 1140px) 100vw, 1140px\" \/><\/a><\/p>\n<p>Viele Quellger\u00e4te verf\u00fcgen heutzutage \u00fcber analog oder digital geregelte Ausg\u00e4nge. Die Ansicht, dass der Vorverst\u00e4rker daher in einer modernen HiFi-Kette keine Verwendung mehr findet, teilen wir keinesfalls. Der analoge Vorverst\u00e4rker ist und bleibt das Herz einer High-End-Kette. Denn ohne eine perfekte Impedanz-Anpassung zwischen Quellger\u00e4t und Endverst\u00e4rker kann auch die pr\u00e4ziseste Lautst\u00e4rkeregelung, egal ob digital oder analog, ihr Klangpotential nicht aussch\u00f6pfen.<\/p>\n<p>Der ideale Vorverst\u00e4rker stellt nach wie vor eine hohe technische Herausforderung dar. Er arbeitet pegel- und phasenrichtig an allen Lasten, seine Ausgangsstufe treibt auch lange und hochkapazitive NF-Kabel zur Endstufe ohne die geringsten Einbussen. Der soulution 725 hat eindrucksvoll gezeigt, dass dies m\u00f6glich ist. Und das nahezu frei von Verzerrungen, Brummen und Rauschen, bei maximaler Kanaltrennung und h\u00f6chster \u00dcbertragungsbandbreite.<\/p>\n<p><strong>Perfekte Lautst\u00e4rkeregelung <\/strong><br \/>\nDer 525 hat viel vom 725 geerbt. Etwa die vorbildliche Lautst\u00e4rkeeinstellung mit dem parallelen Regelweg, der die Vorz\u00fcge von Potentiometern und Widerstandsnetzwerken vereint. Sie ist im 525 dreistufig realisiert, mit feinsten Vishay-Dale-Widerst\u00e4nden und Relais h\u00f6chster Qualit\u00e4t. Die Lautst\u00e4rke ist in 1-dB-Schritten feinf\u00fchlig einstellbar, \u00fcber 95 Stufen, ohne die geringsten Schaltklicks \u2013 eine perfekte L\u00f6sung.<\/p>\n<p><strong>Ideale Schaltzentrale <\/strong><br \/>\nDie Eingangswahl erfolgt mit hochwertigsten Relais, dabei wird nur der jeweils ausgew\u00e4hlte Eingang mit dem 525 verbunden, alle \u00fcbrigen Eing\u00e4nge bleiben komplett vom 525 getrennt (auch die Masse wird geschaltet). Das Eingangssignal wird direkt nach dem Eingang gepuffert, der 525 stellt dadurch f\u00fcr Quell\u00adger\u00e4te eine minimale Last dar. F\u00fcr die symmetrischen Eing\u00e4nge verwenden wir eine aufw\u00e4ndige Schaltung, welche Gleichtaktst\u00f6rungen maximal unterdr\u00fcckt ohne dabei Kompromisse bei den Rauschwerten einzu\u00adgehen, wie mit herk\u00f6mmlicher Schaltungstechnik \u00fcblich. Die klanglichen Auswirkungen sind nicht zu \u00fcberh\u00f6ren!<\/p>\n<p><strong>Dual-Mono-Aufbau <\/strong><br \/>\nM\u00f6glichst wenige Bauteile im Signalweg sprechen f\u00fcr ein unsymmetrisches Schaltungskonzept. Dabei ist das geringstm\u00f6gliche Stereo-\u00dcbersprechen nur mit einem konsequenten Dual-Mono-Aufbau zu erreichen. Die analogen Schaltkreise und die zugeh\u00f6rigen Netz\u00adteile des linken und rechten Kanals sind physisch voneinander getrennt und zus\u00e4tzlich mit Filternetzwerken entkoppelt.<\/p>\n<p><strong>Pegel- und phasenrichtig an allen Lasten <\/strong><br \/>\nDie Ausgangsstufe des idealen Vorverst\u00e4rkers arbeitet pegel- und phasenrichtig an allen Lasten. Beste Messwerte sind dabei nicht das eigentliche Entwicklungsziel, jedoch Voraussetzung f\u00fcr beste Klangqualit\u00e4t. Denn Verzerrungen, Rauschen und Brummen sind<br \/>\nSt\u00f6rungen, die sich dem Musiksignal \u00fcberlagern, Details verdecken oder k\u00fcnstliche F\u00e4rbungen hervor\u00adrufen. Mit dem HiFi-Ideal, nichts weglassen, nichts hinzuf\u00fcgen, sind St\u00f6rungen, ganz gleich welcher Art, unvereinbar.<\/p>\n<p><strong>Power ohne Rauschen<\/strong><br \/>\nDamit die kr\u00e4ftige, sehr schnelle und ultrabreitbandige (2 MHz\/\u2013 3dB) Ausgangsstufe auch lange NF-Kabel verlustfrei antreiben kann, muss sie immer ausreichend mit Strom versorgt werden. Eine perfekte Versorgungsspannung ist daher der Lebensnerv f\u00fcr jeden gut klingenden Vorverst\u00e4rker. Im 525 wird diese durch moderne Schaltnetzteile bereitgestellt, welche hoch pr\u00e4zise und extrem rauscharme lineare Regelkreise antreiben. Erg\u00e4nzt mit mehr als 400000 \u00b5F Speicher\u00adkapazit\u00e4t kann das Netzteil des 525 scheinbar<br \/>\nunlimitiert Impulsleistung bereitstellen und dies mit mini\u00admalem Rauschen.<\/p>\n<p><strong>Audiophile Neutralit\u00e4t <\/strong><br \/>\nDer 525 ist dem Ideal der Neutralit\u00e4t verpflichtet, Verf\u00e4rbungen sind ihm fremd. Seine immense Kontrolle aber bildet sozusagen das R\u00fcckgrat seiner h\u00f6chst audiophilen und sehr souver\u00e4nen Wiedergabe. Die Abbildungspr\u00e4zision ist exemplarisch, Schallquellen erscheinen auf der virtuellen Stereo-Klangb\u00fchne perfekt fokussiert und mit ihrer nat\u00fcrlichen Plastizit\u00e4t.<\/p>\n<h4>Technische Daten<\/h4>\n\n<table id=\"tablepress-14\" class=\"tablepress tablepress-id-14 tbody-has-connected-cells\">\n<tbody>\n<tr class=\"row-1\">\n\t<td class=\"column-1\">Mains<\/td><td colspan=\"2\" class=\"column-2\">220 \u2013 240 V (50 \u2013 60 Hz)<br \/>\n100 \u2013 120 V (50 \u2013 60 Hz)<\/td>\n<\/tr>\n<tr class=\"row-2\">\n\t<td class=\"column-1\">Power consumption<\/td><td colspan=\"2\" class=\"column-2\">< 0.5 W standby<br \/>\n100 W device in operation<\/td>\n<\/tr>\n<tr class=\"row-3\">\n\t<td class=\"column-1\">Inputs<\/td><td colspan=\"2\" class=\"column-2\">2 \u00d7 balanced (XLR)<br \/>\n2 \u00d7 unbalanced (RCA)<\/td>\n<\/tr>\n<tr class=\"row-4\">\n\t<td class=\"column-1\">Input Impedance<\/td><td class=\"column-2\">XLR:<br \/>\nRCA:<\/td><td class=\"column-3\">820 k\u03a9<br \/>\n47 k\u03a9<\/td>\n<\/tr>\n<tr class=\"row-5\">\n\t<td class=\"column-1\">Outputs<\/td><td colspan=\"2\" class=\"column-2\">1 \u00d7 balanced (XLR)<br \/>\n1 \u00d7 unbalanced (RCA)<\/td>\n<\/tr>\n<tr class=\"row-6\">\n\t<td class=\"column-1\">Frequency response (\u2013\u00a03 dB)<\/td><td colspan=\"2\" class=\"column-2\">0 \u2013 2 MHz<\/td>\n<\/tr>\n<tr class=\"row-7\">\n\t<td class=\"column-1\">THD + N<\/td><td colspan=\"2\" class=\"column-2\">< 0.00009% (20 Hz \u2013 20 kHz)<\/td>\n<\/tr>\n<tr class=\"row-8\">\n\t<td class=\"column-1\">Signal-to-noise ration<\/td><td colspan=\"2\" class=\"column-2\">120 dB<\/td>\n<\/tr>\n<tr class=\"row-9\">\n\t<td class=\"column-1\">Channel separation<\/td><td colspan=\"2\" class=\"column-2\">130 dB @ 1 kHz<\/td>\n<\/tr>\n<tr class=\"row-10\">\n\t<td class=\"column-1\">Gain max<\/td><td colspan=\"2\" class=\"column-2\">+ 15 dB<\/td>\n<\/tr>\n<tr class=\"row-11\">\n\t<td class=\"column-1\">Volume control range<\/td><td colspan=\"2\" class=\"column-2\">+ 15 DB to \u2013 79 dB in 1 dB steps<\/td>\n<\/tr>\n<tr class=\"row-12\">\n\t<td class=\"column-1\">Output impedance<\/td><td colspan=\"2\" class=\"column-2\">10 \u03a9 balanced (XLR)<br \/>\n10 \u03a9 unbalanced (RCA)<\/td>\n<\/tr>\n<tr class=\"row-13\">\n\t<td class=\"column-1\">Output voltage<\/td><td colspan=\"2\" class=\"column-2\">16 V<sub>RMS<\/sub> balanced (XLR)<br \/>\n8 V<sub>RMS<\/sub> unbalanced (RCA)<\/td>\n<\/tr>\n<tr class=\"row-14\">\n\t<td class=\"column-1\">Output current max<\/td><td colspan=\"2\" class=\"column-2\">0.2 A (limited)<\/td>\n<\/tr>\n<tr class=\"row-15\">\n\t<td class=\"column-1\">Dimensions<\/td><td colspan=\"2\" class=\"column-2\">442 \u00d7 143 \u00d7 448 mm<br \/>\n(W \u00d7 H \u00d7 D)<\/td>\n<\/tr>\n<tr class=\"row-16\">\n\t<td class=\"column-1\">Weight<\/td><td colspan=\"2\" class=\"column-2\">approx. 20 kg<\/td>\n<\/tr>\n<tr class=\"row-17\">\n\t<td class=\"column-1\">LINK (remote turn-on)<\/td><td colspan=\"2\" class=\"column-2\">12 V control signal<\/td>\n<\/tr>\n<\/tbody>\n<\/table>\n\n<p><a href=\"https:\/\/soulution-audio.com\/wp-content\/uploads\/2018\/05\/soulution_525_1802_002.jpg\"><img loading=\"lazy\" decoding=\"async\" class=\"alignnone size-full wp-image-1349\" src=\"https:\/\/soulution-audio.com\/wp-content\/uploads\/2018\/05\/soulution_525_1802_002.jpg\" alt=\"\" width=\"1140\" height=\"485\" srcset=\"https:\/\/soulution-audio.com\/wp-content\/uploads\/2018\/05\/soulution_525_1802_002.jpg 1140w, https:\/\/soulution-audio.com\/wp-content\/uploads\/2018\/05\/soulution_525_1802_002-300x128.jpg 300w, https:\/\/soulution-audio.com\/wp-content\/uploads\/2018\/05\/soulution_525_1802_002-768x327.jpg 768w, https:\/\/soulution-audio.com\/wp-content\/uploads\/2018\/05\/soulution_525_1802_002-1024x436.jpg 1024w, https:\/\/soulution-audio.com\/wp-content\/uploads\/2018\/05\/soulution_525_1802_002-600x255.jpg 600w\" sizes=\"auto, (max-width: 1140px) 100vw, 1140px\" \/><\/a><\/p>\n","protected":false},"excerpt":{"rendered":"<p>Viele Quellger\u00e4te verf\u00fcgen heutzutage \u00fcber analog oder digital geregelte Ausg\u00e4nge. Die Ansicht, dass der Vorverst\u00e4rker daher in einer modernen HiFi-Kette keine Verwendung mehr findet, teilen wir keinesfalls. Der analoge Vorverst\u00e4rker ist und bleibt das Herz einer High-End-Kette. Denn ohne eine perfekte Impedanz-Anpassung zwischen Quellger\u00e4t und Endverst\u00e4rker kann auch die pr\u00e4ziseste Lautst\u00e4rkeregelung, egal ob digital oder [&hellip;]<\/p>\n","protected":false},"author":2,"featured_media":0,"parent":832,"menu_order":40,"comment_status":"closed","ping_status":"closed","template":"","meta":{"_genesis_hide_title":false,"_genesis_hide_breadcrumbs":false,"_genesis_hide_singular_image":false,"_genesis_hide_footer_widgets":false,"_genesis_custom_body_class":"","_genesis_custom_post_class":"","_genesis_layout":"","footnotes":""},"categories":[37,64,31],"tags":[],"class_list":{"0":"post-1357","1":"page","2":"type-page","3":"status-publish","5":"category-525-de","6":"category-gallery-de","7":"category-serie-5","8":"entry"},"featured_image_src":null,"featured_image_src_square":null,"_links":{"self":[{"href":"https:\/\/soulution-audio.com\/de\/wp-json\/wp\/v2\/pages\/1357","targetHints":{"allow":["GET"]}}],"collection":[{"href":"https:\/\/soulution-audio.com\/de\/wp-json\/wp\/v2\/pages"}],"about":[{"href":"https:\/\/soulution-audio.com\/de\/wp-json\/wp\/v2\/types\/page"}],"author":[{"embeddable":true,"href":"https:\/\/soulution-audio.com\/de\/wp-json\/wp\/v2\/users\/2"}],"replies":[{"embeddable":true,"href":"https:\/\/soulution-audio.com\/de\/wp-json\/wp\/v2\/comments?post=1357"}],"version-history":[{"count":3,"href":"https:\/\/soulution-audio.com\/de\/wp-json\/wp\/v2\/pages\/1357\/revisions"}],"predecessor-version":[{"id":1364,"href":"https:\/\/soulution-audio.com\/de\/wp-json\/wp\/v2\/pages\/1357\/revisions\/1364"}],"up":[{"embeddable":true,"href":"https:\/\/soulution-audio.com\/de\/wp-json\/wp\/v2\/pages\/832"}],"wp:attachment":[{"href":"https:\/\/soulution-audio.com\/de\/wp-json\/wp\/v2\/media?parent=1357"}],"wp:term":[{"taxonomy":"category","embeddable":true,"href":"https:\/\/soulution-audio.com\/de\/wp-json\/wp\/v2\/categories?post=1357"},{"taxonomy":"post_tag","embeddable":true,"href":"https:\/\/soulution-audio.com\/de\/wp-json\/wp\/v2\/tags?post=1357"}],"curies":[{"name":"wp","href":"https:\/\/api.w.org\/{rel}","templated":true}]}}