{"id":1145,"date":"2017-09-07T14:12:39","date_gmt":"2017-09-07T14:12:39","guid":{"rendered":"https:\/\/soulution-audio.com\/?page_id=1145\/"},"modified":"2021-06-23T15:30:35","modified_gmt":"2021-06-23T15:30:35","slug":"soulution-311-stereo-amplifier","status":"publish","type":"page","link":"https:\/\/soulution-audio.com\/de\/series3\/soulution-311-stereo-amplifier\/","title":{"rendered":"soulution 311 Stereoverst\u00e4rker"},"content":{"rendered":"\n<figure class=\"wp-block-image\"><a href=\"https:\/\/soulution-audio.com\/wp-content\/uploads\/2018\/02\/soulution_311_1802_001.jpg\"><img loading=\"lazy\" decoding=\"async\" width=\"1140\" height=\"485\" src=\"https:\/\/soulution-audio.com\/wp-content\/uploads\/2018\/02\/soulution_311_1802_001.jpg\" alt=\"\" class=\"wp-image-1291\" srcset=\"https:\/\/soulution-audio.com\/wp-content\/uploads\/2018\/02\/soulution_311_1802_001.jpg 1140w, https:\/\/soulution-audio.com\/wp-content\/uploads\/2018\/02\/soulution_311_1802_001-300x128.jpg 300w, https:\/\/soulution-audio.com\/wp-content\/uploads\/2018\/02\/soulution_311_1802_001-768x327.jpg 768w, https:\/\/soulution-audio.com\/wp-content\/uploads\/2018\/02\/soulution_311_1802_001-1024x436.jpg 1024w, https:\/\/soulution-audio.com\/wp-content\/uploads\/2018\/02\/soulution_311_1802_001-600x255.jpg 600w\" sizes=\"auto, (max-width: 1140px) 100vw, 1140px\" \/><\/a><\/figure>\n\n\n\n<p><strong>Power.&nbsp;Kontrolle. Geschwindigkeit\u2026<br><\/strong> &#8230; so nah wie m\u00f6glich an unsere&nbsp; Referenzprodukte war das Designziel welches wir uns f\u00fcr den 311 Stereoverst\u00e4rker gesetzt haben. Die von der Serie 7 bekannte, innovative, f\u00fcr den audiophilen Einsatz optimierte \u00abSwitched Mode\u00bb Netzteil-Technologie, kommt ebenfalls im&nbsp;311 zum Einsatz. Lassen Sie sich von der einmaligen Musikwiedergabe begeistern. Ein Klanggenuss, von dem sich jeder verzaubern l\u00e4sst. \u00dcberzeugen Sie sich selbst.<\/p>\n\n\n\n<h4 class=\"wp-block-heading\">Highlights<\/h4>\n\n\n\n<p><strong>Design<\/strong><br>Der Audio\u00adbereich des Stereo\u00adverst\u00e4rkers 311 ist physisch vom Netz\u00adteil und den digitalen Schalt\u00adkreisen getrennt. Der End\u00adver\u00adst\u00e4rker sowie die zugeh\u00f6rigen Netzteile wurde in Doppel-Mono-Layout ausgef\u00fchrt. Der linke und rechte Audio-Kanal verf\u00fcgt jeweils \u00fcber eigene, identische Platinen. (Kanal\u00adtrennung von 105 dB) Grund\u00advor\u00adaussetzung f\u00fcr ein drei\u00addimensionales r\u00e4umliches Klang\u00adbild.<\/p>\n\n\n\n<p><strong>Leistungsverst\u00e4rkung<\/strong><br>F\u00fcr den Leistungs\u00adverst\u00e4rker verwenden wir eine Schaltung welche auf der Technologie der Serie 5 Verst\u00e4rker basiert. Kern bildet ein neu\u00adartiger Spannungs\u00adverst\u00e4rker ohne Spannungs\u00adr\u00fcckf\u00fchrung auf den Eingang. Die Strom\u00adver\u00adst\u00e4rkung erfolgt in drei Stufen, wobei jede Stufe einen sehr kleinen und damit beinahe linearen Arbeits\u00adbereich nutzt. Der hohe Class A Betrieb erg\u00e4nzt durch mehr als 160\u2019000 \u00b5Farad Speicher\u00adkapazit\u00e4t der Kondensatoren f\u00fchrt zu einer beinahe unbegrenzten Impuls\u00adwiedergabe.<\/p>\n\n\n\n<h4 class=\"wp-block-heading\"><strong>Spezifikation<\/strong><\/h4>\n\n\n\n<table id=\"tablepress-27\" class=\"tablepress tablepress-id-27\">\n<tbody>\n<tr class=\"row-1\">\n\t<td class=\"column-1\">Mains<\/td><td class=\"column-2\">220 \u2013 240 V (50 \u2013 60 Hz) <br \/>\n100 \u2013 120 V (50 \u2013 60 Hz)<\/td>\n<\/tr>\n<tr class=\"row-2\">\n\t<td class=\"column-1\">Power consumption<\/td><td class=\"column-2\">< 0.5 W Standby <br \/>\nidle 350 W<\/td>\n<\/tr>\n<tr class=\"row-3\">\n\t<td class=\"column-1\">Loudspeaker<\/td><td class=\"column-2\">2 pair loudspeaker binding posts<\/td>\n<\/tr>\n<tr class=\"row-4\">\n\t<td class=\"column-1\">Gain<\/td><td class=\"column-2\">+ 26 dB<\/td>\n<\/tr>\n<tr class=\"row-5\">\n\t<td class=\"column-1\">Power output<\/td><td class=\"column-2\">120 W @ 8 \u03a9 <br \/>\n240 W @ 4 \u03a9 <br \/>\n480 W @ 2 \u03a9 (dynamic)<\/td>\n<\/tr>\n<tr class=\"row-6\">\n\t<td class=\"column-1\">Frequency response (\u2013 3 dB)<\/td><td class=\"column-2\">0 \u2013 800 kHz<\/td>\n<\/tr>\n<tr class=\"row-7\">\n\t<td class=\"column-1\">THD + N<\/td><td class=\"column-2\">< 0.001%<\/td>\n<\/tr>\n<tr class=\"row-8\">\n\t<td class=\"column-1\">Signal-to-noise ratio<\/td><td class=\"column-2\">> 120 dB<\/td>\n<\/tr>\n<tr class=\"row-9\">\n\t<td class=\"column-1\">Damping factor<\/td><td class=\"column-2\">> 5,000<\/td>\n<\/tr>\n<tr class=\"row-10\">\n\t<td class=\"column-1\">Output current max<\/td><td class=\"column-2\">30 A<\/td>\n<\/tr>\n<tr class=\"row-11\">\n\t<td class=\"column-1\">Analog inputs<\/td><td class=\"column-2\">1 \u00d7 balanced (XLR) <br \/>\n<\/td>\n<\/tr>\n<tr class=\"row-12\">\n\t<td class=\"column-1\">Input impedance\u00a0<\/td><td class=\"column-2\">2 k\u03a9 balanced (XLR) <br \/>\n<\/td>\n<\/tr>\n<tr class=\"row-13\">\n\t<td class=\"column-1\">Channel separation<\/td><td class=\"column-2\">> 110 dB<\/td>\n<\/tr>\n<tr class=\"row-14\">\n\t<td class=\"column-1\">LINK (remote turn-on)<\/td><td class=\"column-2\">2 x phone jack (3.5mm)<\/td>\n<\/tr>\n<tr class=\"row-15\">\n\t<td class=\"column-1\">Dimensions (WxDxH)<\/td><td class=\"column-2\">430 x 490 x 142 mm<\/td>\n<\/tr>\n<tr class=\"row-16\">\n\t<td class=\"column-1\">Weight<\/td><td class=\"column-2\">~16 kg<\/td>\n<\/tr>\n<\/tbody>\n<\/table>\n<!-- #tablepress-27 from cache -->\n\n\n\n<figure class=\"wp-block-image\"><a href=\"https:\/\/soulution-audio.com\/wp-content\/uploads\/2018\/02\/soulution_311_1802_002.jpg\"><img loading=\"lazy\" decoding=\"async\" width=\"1140\" height=\"485\" src=\"https:\/\/soulution-audio.com\/wp-content\/uploads\/2018\/02\/soulution_311_1802_002.jpg\" alt=\"\" class=\"wp-image-1293\" srcset=\"https:\/\/soulution-audio.com\/wp-content\/uploads\/2018\/02\/soulution_311_1802_002.jpg 1140w, https:\/\/soulution-audio.com\/wp-content\/uploads\/2018\/02\/soulution_311_1802_002-300x128.jpg 300w, https:\/\/soulution-audio.com\/wp-content\/uploads\/2018\/02\/soulution_311_1802_002-768x327.jpg 768w, https:\/\/soulution-audio.com\/wp-content\/uploads\/2018\/02\/soulution_311_1802_002-1024x436.jpg 1024w, https:\/\/soulution-audio.com\/wp-content\/uploads\/2018\/02\/soulution_311_1802_002-600x255.jpg 600w\" sizes=\"auto, (max-width: 1140px) 100vw, 1140px\" \/><\/a><\/figure>\n","protected":false},"excerpt":{"rendered":"<p>Power.&nbsp;Kontrolle. Geschwindigkeit\u2026 &#8230; so nah wie m\u00f6glich an unsere&nbsp; Referenzprodukte war das Designziel welches wir uns f\u00fcr den 311 Stereoverst\u00e4rker gesetzt haben. Die von der Serie 7 bekannte, innovative, f\u00fcr den audiophilen Einsatz optimierte \u00abSwitched Mode\u00bb Netzteil-Technologie, kommt ebenfalls im&nbsp;311 zum Einsatz. Lassen Sie sich von der einmaligen Musikwiedergabe begeistern. Ein Klanggenuss, von dem sich [&hellip;]<\/p>\n","protected":false},"author":2,"featured_media":831,"parent":1007,"menu_order":30,"comment_status":"closed","ping_status":"closed","template":"","meta":{"_genesis_hide_title":false,"_genesis_hide_breadcrumbs":false,"_genesis_hide_singular_image":false,"_genesis_hide_footer_widgets":false,"_genesis_custom_body_class":"","_genesis_custom_post_class":"","_genesis_layout":"","footnotes":""},"categories":[61,30],"tags":[],"class_list":{"0":"post-1145","1":"page","2":"type-page","3":"status-publish","4":"has-post-thumbnail","6":"category-311-de","7":"category-serie-3","8":"entry"},"featured_image_src":"https:\/\/soulution-audio.com\/wp-content\/uploads\/2017\/04\/soulution_330_1704_003.jpg","featured_image_src_square":"https:\/\/soulution-audio.com\/wp-content\/uploads\/2017\/04\/soulution_330_1704_003.jpg","_links":{"self":[{"href":"https:\/\/soulution-audio.com\/de\/wp-json\/wp\/v2\/pages\/1145","targetHints":{"allow":["GET"]}}],"collection":[{"href":"https:\/\/soulution-audio.com\/de\/wp-json\/wp\/v2\/pages"}],"about":[{"href":"https:\/\/soulution-audio.com\/de\/wp-json\/wp\/v2\/types\/page"}],"author":[{"embeddable":true,"href":"https:\/\/soulution-audio.com\/de\/wp-json\/wp\/v2\/users\/2"}],"replies":[{"embeddable":true,"href":"https:\/\/soulution-audio.com\/de\/wp-json\/wp\/v2\/comments?post=1145"}],"version-history":[{"count":9,"href":"https:\/\/soulution-audio.com\/de\/wp-json\/wp\/v2\/pages\/1145\/revisions"}],"predecessor-version":[{"id":1632,"href":"https:\/\/soulution-audio.com\/de\/wp-json\/wp\/v2\/pages\/1145\/revisions\/1632"}],"up":[{"embeddable":true,"href":"https:\/\/soulution-audio.com\/de\/wp-json\/wp\/v2\/pages\/1007"}],"wp:featuredmedia":[{"embeddable":true,"href":"https:\/\/soulution-audio.com\/de\/wp-json\/wp\/v2\/media\/831"}],"wp:attachment":[{"href":"https:\/\/soulution-audio.com\/de\/wp-json\/wp\/v2\/media?parent=1145"}],"wp:term":[{"taxonomy":"category","embeddable":true,"href":"https:\/\/soulution-audio.com\/de\/wp-json\/wp\/v2\/categories?post=1145"},{"taxonomy":"post_tag","embeddable":true,"href":"https:\/\/soulution-audio.com\/de\/wp-json\/wp\/v2\/tags?post=1145"}],"curies":[{"name":"wp","href":"https:\/\/api.w.org\/{rel}","templated":true}]}}